{"id":805,"date":"2023-08-07T01:32:50","date_gmt":"2023-08-07T01:32:50","guid":{"rendered":"https:\/\/pejatourism.org\/?page_id=805"},"modified":"2024-05-16T21:24:11","modified_gmt":"2024-05-16T21:24:11","slug":"72-hours-in-peja","status":"publish","type":"page","link":"https:\/\/pejatourism.org\/sq\/72-hours-in-peja\/","title":{"rendered":"72 or\u00eb n\u00eb Pej\u00eb"},"content":{"rendered":"<div data-elementor-type=\"wp-page\" data-elementor-id=\"805\" class=\"elementor elementor-805\" data-elementor-post-type=\"page\">\n\t\t\t\t<div class=\"elementor-element elementor-element-1a611c8e e-flex e-con-boxed jltma-glass-effect-no wpr-particle-no wpr-jarallax-no wpr-parallax-no wpr-sticky-section-no e-con e-parent\" data-id=\"1a611c8e\" data-element_type=\"container\" data-e-type=\"container\" data-settings=\"{&quot;background_background&quot;:&quot;classic&quot;}\">\n\t\t\t\t\t<div class=\"e-con-inner\">\n\t\t\t\t\t<\/div>\n\t\t\t\t<\/div>\n\t\t<div class=\"elementor-element elementor-element-144872d6 e-flex e-con-boxed jltma-glass-effect-no wpr-particle-no wpr-jarallax-no wpr-parallax-no wpr-sticky-section-no e-con e-parent\" data-id=\"144872d6\" data-element_type=\"container\" data-e-type=\"container\">\n\t\t\t\t\t<div class=\"e-con-inner\">\n\t\t\t\t<div class=\"elementor-element elementor-element-6a691dc9 jltma-glass-effect-no elementor-widget elementor-widget-heading\" data-id=\"6a691dc9\" data-element_type=\"widget\" data-e-type=\"widget\" data-widget_type=\"heading.default\">\n\t\t\t\t<div class=\"elementor-widget-container\">\n\t\t\t\t\t<h2 class=\"elementor-heading-title elementor-size-default\">\u00c7FAR T\u00cb B\u00cbNI N\u00cb 72 OR\u00cb N\u00cb PEJ\u00cb<\/h2>\t\t\t\t<\/div>\n\t\t\t\t<\/div>\n\t\t\t\t\t<\/div>\n\t\t\t\t<\/div>\n\t\t<div class=\"elementor-element elementor-element-44916a67 e-flex e-con-boxed jltma-glass-effect-no wpr-particle-no wpr-jarallax-no wpr-parallax-no wpr-sticky-section-no e-con e-parent\" data-id=\"44916a67\" data-element_type=\"container\" data-e-type=\"container\">\n\t\t\t\t\t<div class=\"e-con-inner\">\n\t\t<div class=\"elementor-element elementor-element-b1aa53b e-con-full e-flex jltma-glass-effect-no wpr-particle-no wpr-jarallax-no wpr-parallax-no wpr-sticky-section-no e-con e-child\" data-id=\"b1aa53b\" data-element_type=\"container\" data-e-type=\"container\">\n\t\t\t\t<div class=\"elementor-element elementor-element-79720aad jltma-glass-effect-no elementor-widget elementor-widget-heading\" data-id=\"79720aad\" data-element_type=\"widget\" data-e-type=\"widget\" data-widget_type=\"heading.default\">\n\t\t\t\t<div class=\"elementor-widget-container\">\n\t\t\t\t\t<h2 class=\"elementor-heading-title elementor-size-default\">DITA E PAR\u00cb\n<\/h2>\t\t\t\t<\/div>\n\t\t\t\t<\/div>\n\t\t\t\t<div class=\"elementor-element elementor-element-3e6a8fe6 jltma-glass-effect-no elementor-widget elementor-widget-text-editor\" data-id=\"3e6a8fe6\" data-element_type=\"widget\" data-e-type=\"widget\" data-widget_type=\"text-editor.default\">\n\t\t\t\t<div class=\"elementor-widget-container\">\n\t\t\t\t\t\t\t\t\t<p>Eksperiencen tuaj do ta nisni n\u00eb lart\u00ebsin mbidetare 530m q\u00eb \u00ebsht\u00eb qendra e qytetit dhe do t\u00eb arini pik\u00ebn kulminante n\u00eb Pej\u00eb q\u00eb \u00ebsht\u00eb Guri i Kuq n\u00eb lart\u00ebsi prej 2522m.<\/p>\t\t\t\t\t\t\t\t<\/div>\n\t\t\t\t<\/div>\n\t\t\t\t<div class=\"elementor-element elementor-element-d2db76d jltma-glass-effect-no elementor-widget elementor-widget-text-editor\" data-id=\"d2db76d\" data-element_type=\"widget\" data-e-type=\"widget\" data-widget_type=\"text-editor.default\">\n\t\t\t\t<div class=\"elementor-widget-container\">\n\t\t\t\t\t\t\t\t\t<p><strong>First Day<\/strong> Dit\u00ebn e par\u00eb ju sugjerojm q\u00eb t\u00eb kaloni me njohjen e qytetit t\u00eb Pej\u00ebs, historin, kulturat dhe traditat e k\u00ebtij vendi dhe bukurit atraktive q\u00eb ofron ky vend. Eksperiencen tuaj do ta filloni me vizit\u00ebn e shtegut kulturor n\u00eb Pej\u00eb mun nga qendra e qytetit. Ky shteg p\u00ebrmban 14 pika t\u00eb trash\u00ebgimis s\u00eb palujatshme t\u00eb cilat paraqesin Pej\u00ebn dhe zhvillimin e saj n\u00eb periudha t\u00eb ndryshme kohore duke filluar nga ato Iliro Dardane e deri n\u00eb dit\u00ebt e sotme. Nd\u00ebr pikat q\u00eb do t\u00eb vizitoni jan\u00eb: Sht\u00ebpit e vjetra t\u00eb qytetit, sht\u00ebpit kulla, objekte religjioze si gjamia dhe kisha katolike dhe ortodokse, hamamin, mullirin e Haxhi Zekes etj. Nd\u00ebrsa n\u00eb muzeun e Pej\u00ebs mund t\u00eb merrni njohuri edhe p\u00ebr kultur\u00ebn dhe traditat e banorve t\u00eb k\u00ebtij qyteti t\u00eb cilat jan\u00eb t\u00eb prezantuara p\u00ebrmes artifakteve.<\/p><p>N\u00eb k\u00ebt\u00eb dit\u00eb mund t\u00eb vizitoni edhe parkun e qytetit (parku Karagaqi) dhe t\u00eb vazhdoni p\u00ebr n\u00eb shtegun e sh\u00ebndetit e cila \u00ebsht\u00eb nj\u00eb shteg rekreativ q\u00eb kalon p\u00ebrgjat\u00eb lumit Limbardhi p\u00ebr t\u00eb aritur n\u00eb hyrjen e Gryk\u00ebs s\u00eb Rugov\u00ebs apo n\u00ebse keni edhe pak koh\u00eb gjat\u00eb dit\u00ebs mund t\u00eb b\u00ebni ecje rekreative n\u00eb shtegun e Pishave apo Livadhin e Sak\u00ebs.<\/p>\t\t\t\t\t\t\t\t<\/div>\n\t\t\t\t<\/div>\n\t\t\t\t<\/div>\n\t\t<div class=\"elementor-element elementor-element-6e0c916c e-con-full e-flex jltma-glass-effect-no wpr-particle-no wpr-jarallax-no wpr-parallax-no wpr-sticky-section-no e-con e-child\" data-id=\"6e0c916c\" data-element_type=\"container\" data-e-type=\"container\">\n\t\t\t\t<div class=\"elementor-element elementor-element-606b266e jltma-glass-effect-no elementor-widget elementor-widget-image\" data-id=\"606b266e\" data-element_type=\"widget\" data-e-type=\"widget\" data-widget_type=\"image.default\">\n\t\t\t\t<div class=\"elementor-widget-container\">\n\t\t\t\t\t\t\t\t\t\t\t\t\t\t\t<img fetchpriority=\"high\" decoding=\"async\" width=\"2560\" height=\"1707\" src=\"https:\/\/pejatourism.org\/wp-content\/uploads\/2023\/08\/09-scaled.jpg\" class=\"attachment-full size-full wp-image-880\" alt=\"\" srcset=\"https:\/\/pejatourism.org\/wp-content\/uploads\/2023\/08\/09-scaled.jpg 2560w, https:\/\/pejatourism.org\/wp-content\/uploads\/2023\/08\/09-300x200.jpg 300w, https:\/\/pejatourism.org\/wp-content\/uploads\/2023\/08\/09-1024x683.jpg 1024w, https:\/\/pejatourism.org\/wp-content\/uploads\/2023\/08\/09-768x512.jpg 768w, https:\/\/pejatourism.org\/wp-content\/uploads\/2023\/08\/09-1536x1024.jpg 1536w, https:\/\/pejatourism.org\/wp-content\/uploads\/2023\/08\/09-2048x1365.jpg 2048w, https:\/\/pejatourism.org\/wp-content\/uploads\/2023\/08\/elementor\/thumbs\/09-scaled-qalrshp19uukqzu6drm08dljyvtw88t3mpasrhk9q8.jpg 1200w\" sizes=\"(max-width: 2560px) 100vw, 2560px\" \/>\t\t\t\t\t\t\t\t\t\t\t\t\t\t\t<\/div>\n\t\t\t\t<\/div>\n\t\t\t\t<\/div>\n\t\t\t\t\t<\/div>\n\t\t\t\t<\/div>\n\t\t<div class=\"elementor-element elementor-element-5320835 e-flex e-con-boxed jltma-glass-effect-no wpr-particle-no wpr-jarallax-no wpr-parallax-no wpr-sticky-section-no e-con e-parent\" data-id=\"5320835\" data-element_type=\"container\" data-e-type=\"container\">\n\t\t\t\t\t<div class=\"e-con-inner\">\n\t\t<div class=\"elementor-element elementor-element-b25d0cf e-con-full e-flex jltma-glass-effect-no wpr-particle-no wpr-jarallax-no wpr-parallax-no wpr-sticky-section-no e-con e-child\" data-id=\"b25d0cf\" data-element_type=\"container\" data-e-type=\"container\">\n\t\t\t\t<div class=\"elementor-element elementor-element-a245e68 jltma-glass-effect-no elementor-widget elementor-widget-heading\" data-id=\"a245e68\" data-element_type=\"widget\" data-e-type=\"widget\" data-widget_type=\"heading.default\">\n\t\t\t\t<div class=\"elementor-widget-container\">\n\t\t\t\t\t<h2 class=\"elementor-heading-title elementor-size-default\">DITA E DYT\u00cb\n<\/h2>\t\t\t\t<\/div>\n\t\t\t\t<\/div>\n\t\t\t\t<div class=\"elementor-element elementor-element-9aa8571 jltma-glass-effect-no elementor-widget elementor-widget-text-editor\" data-id=\"9aa8571\" data-element_type=\"widget\" data-e-type=\"widget\" data-widget_type=\"text-editor.default\">\n\t\t\t\t<div class=\"elementor-widget-container\">\n\t\t\t\t\t\t\t\t\t<p><strong>Second Day<\/strong> Dit\u00ebn e dyt\u00eb e filloni me aktivitetin malor\u00eb p\u00ebr pushtimin t\u00eb nj\u00ebr\u00ebs nga majet atraktive t\u00eb Pej\u00ebs q\u00eb jan\u00eb: Guri i Kuq 2522m, \u00c7f\u00ebrla 2461, Hajla 2403m, apo Vjellaku 2004m. T\u00eb gjitha k\u00ebto maje jan\u00eb shum\u00eb atraktive dhe secila \u00ebsht\u00eb unike p\u00ebr nga eksperiencat dhe pamjet mahnit\u00ebse q\u00eb ofrojn. Siq e do edhe tradita bjeshkatare n\u00eb Pej\u00eb nisja p\u00ebr pushtimin e majeve malore duhet t\u00eb b\u00ebhet pasi q\u00eb t\u00eb pihet kafja e mengjesit n\u00eb nj\u00eb nga baret n\u00eb sheshin kryesor t\u00eb Pej\u00ebs. N\u00ebse vendosni t\u00eb b\u00ebni ngjitjen n\u00eb Gurin e Kuq apo n\u00eb Hajle at\u00ebher ju nevoitet transport deri n\u00eb pikat e caktuara nd\u00ebrsa p\u00ebr ngjitjen n\u00eb dy majet tjera \u00c7f\u00ebrla dhe Vjellaku ecja juaj fillon mu nga qendra e qytetit pa pasur nevoj p\u00ebr transport.<\/p>\t\t\t\t\t\t\t\t<\/div>\n\t\t\t\t<\/div>\n\t\t\t\t<\/div>\n\t\t<div class=\"elementor-element elementor-element-bd0d7b0 e-con-full e-flex jltma-glass-effect-no wpr-particle-no wpr-jarallax-no wpr-parallax-no wpr-sticky-section-no e-con e-child\" data-id=\"bd0d7b0\" data-element_type=\"container\" data-e-type=\"container\">\n\t\t\t\t<div class=\"elementor-element elementor-element-cb894bd jltma-glass-effect-no elementor-widget elementor-widget-image\" data-id=\"cb894bd\" data-element_type=\"widget\" data-e-type=\"widget\" data-widget_type=\"image.default\">\n\t\t\t\t<div class=\"elementor-widget-container\">\n\t\t\t\t\t\t\t\t\t\t\t\t\t\t\t<img decoding=\"async\" width=\"1024\" height=\"594\" src=\"https:\/\/pejatourism.org\/wp-content\/uploads\/2023\/08\/Cferle-1-1536x891-1-1024x594.jpg\" class=\"attachment-large size-large wp-image-837\" alt=\"\" srcset=\"https:\/\/pejatourism.org\/wp-content\/uploads\/2023\/08\/Cferle-1-1536x891-1-1024x594.jpg 1024w, https:\/\/pejatourism.org\/wp-content\/uploads\/2023\/08\/Cferle-1-1536x891-1-300x174.jpg 300w, https:\/\/pejatourism.org\/wp-content\/uploads\/2023\/08\/Cferle-1-1536x891-1-768x446.jpg 768w, https:\/\/pejatourism.org\/wp-content\/uploads\/2023\/08\/Cferle-1-1536x891-1.jpg 1536w\" sizes=\"(max-width: 1024px) 100vw, 1024px\" \/>\t\t\t\t\t\t\t\t\t\t\t\t\t\t\t<\/div>\n\t\t\t\t<\/div>\n\t\t\t\t<\/div>\n\t\t\t\t\t<\/div>\n\t\t\t\t<\/div>\n\t\t<div class=\"elementor-element elementor-element-f0b7b46 e-flex e-con-boxed jltma-glass-effect-no wpr-particle-no wpr-jarallax-no wpr-parallax-no wpr-sticky-section-no e-con e-parent\" data-id=\"f0b7b46\" data-element_type=\"container\" data-e-type=\"container\">\n\t\t\t\t\t<div class=\"e-con-inner\">\n\t\t<div class=\"elementor-element elementor-element-9c5be8c e-con-full e-flex jltma-glass-effect-no wpr-particle-no wpr-jarallax-no wpr-parallax-no wpr-sticky-section-no e-con e-child\" data-id=\"9c5be8c\" data-element_type=\"container\" data-e-type=\"container\">\n\t\t\t\t<div class=\"elementor-element elementor-element-1321d6f jltma-glass-effect-no elementor-widget elementor-widget-heading\" data-id=\"1321d6f\" data-element_type=\"widget\" data-e-type=\"widget\" data-widget_type=\"heading.default\">\n\t\t\t\t<div class=\"elementor-widget-container\">\n\t\t\t\t\t<h2 class=\"elementor-heading-title elementor-size-default\">DITA E TRET\u00cb<\/h2>\t\t\t\t<\/div>\n\t\t\t\t<\/div>\n\t\t\t\t<div class=\"elementor-element elementor-element-cb95548 jltma-glass-effect-no elementor-widget elementor-widget-text-editor\" data-id=\"cb95548\" data-element_type=\"widget\" data-e-type=\"widget\" data-widget_type=\"text-editor.default\">\n\t\t\t\t<div class=\"elementor-widget-container\">\n\t\t\t\t\t\t\t\t\t<p><strong>DITA E TRET\u00cb<\/strong> Dita e tret\u00eb \u00ebsht\u00eb dit\u00eb relaksimi dhe p\u00ebrjetimi. K\u00ebt\u00eb dit\u00eb t\u00eb gjitha pun\u00ebt mund ti merrni t\u00eb qet\u00eb. Vizita juaj q\u00eb do ti b\u00ebni Ujvar\u00ebs Drini Bardh do t\u00eb jet\u00eb nj\u00eb eksperienc relaksimi duke p\u00ebrjetuar natyr\u00ebn e bukur dhe peizazhin e k\u00ebsaj ujvare e gjithashtu bukurit e shpell\u00ebs Bukuroshja e Fjetur t\u00eb krijuara me miliona vite. Pasdit\u00ebn ju sugjerojm t\u00eb keni ndonj\u00eb aktivitet t\u00eb aventures si Via Farrata, Zip Line, fluturim me paraglide apo edhe sh\u00ebtitje me biciklet n\u00eb pjes\u00ebt e rafshta t\u00eb qytetit dhe zonave rurale.<\/p><p>N\u00ebse q\u00ebndrimi juaj nuk ju p\u00ebrshtatet me p\u00ebrshkrimet e m\u00eb larta, at\u00ebher na shkruani n\u00eb email m\u00eb posht\u00eb q\u00eb t\u2019ju ndihmojm m\u00eb tep\u00ebr p\u00ebr ta dizajnuar udh\u00ebtimin tuaj n\u00eb m\u00ebnyr\u00eb sa m\u00eb t\u00eb mir\u00eb dhe t\u00eb p\u00ebrshtatshem p\u00ebr koh\u00ebn q\u00eb keni n\u00eb dispozicion, p\u00ebr mosh\u00ebn tuaj, familjen apo edhe shoq\u00ebrin tuaj.<\/p>\t\t\t\t\t\t\t\t<\/div>\n\t\t\t\t<\/div>\n\t\t\t\t<\/div>\n\t\t<div class=\"elementor-element elementor-element-c2b5d23 e-con-full e-flex jltma-glass-effect-no wpr-particle-no wpr-jarallax-no wpr-parallax-no wpr-sticky-section-no e-con e-child\" data-id=\"c2b5d23\" data-element_type=\"container\" data-e-type=\"container\">\n\t\t\t\t<div class=\"elementor-element elementor-element-100fae3 jltma-glass-effect-no elementor-widget elementor-widget-image\" data-id=\"100fae3\" data-element_type=\"widget\" data-e-type=\"widget\" data-widget_type=\"image.default\">\n\t\t\t\t<div class=\"elementor-widget-container\">\n\t\t\t\t\t\t\t\t\t\t\t\t\t\t\t<img decoding=\"async\" width=\"1024\" height=\"768\" src=\"https:\/\/pejatourism.org\/wp-content\/uploads\/2023\/08\/ujvara-e-drinit-1536x1152-1-1024x768.jpg\" class=\"attachment-large size-large wp-image-838\" alt=\"\" srcset=\"https:\/\/pejatourism.org\/wp-content\/uploads\/2023\/08\/ujvara-e-drinit-1536x1152-1-1024x768.jpg 1024w, https:\/\/pejatourism.org\/wp-content\/uploads\/2023\/08\/ujvara-e-drinit-1536x1152-1-300x225.jpg 300w, https:\/\/pejatourism.org\/wp-content\/uploads\/2023\/08\/ujvara-e-drinit-1536x1152-1-768x576.jpg 768w, https:\/\/pejatourism.org\/wp-content\/uploads\/2023\/08\/ujvara-e-drinit-1536x1152-1.jpg 1536w\" sizes=\"(max-width: 1024px) 100vw, 1024px\" \/>\t\t\t\t\t\t\t\t\t\t\t\t\t\t\t<\/div>\n\t\t\t\t<\/div>\n\t\t\t\t<\/div>\n\t\t\t\t\t<\/div>\n\t\t\t\t<\/div>\n\t\t<div class=\"elementor-element elementor-element-7a565bd7 e-flex e-con-boxed jltma-glass-effect-no wpr-particle-no wpr-jarallax-no wpr-parallax-no wpr-sticky-section-no e-con e-parent\" data-id=\"7a565bd7\" data-element_type=\"container\" data-e-type=\"container\">\n\t\t\t\t\t<div class=\"e-con-inner\">\n\t\t<div class=\"elementor-element elementor-element-7e8432e0 e-con-full e-flex jltma-glass-effect-no wpr-particle-no wpr-jarallax-no wpr-parallax-no wpr-sticky-section-no e-con e-child\" data-id=\"7e8432e0\" data-element_type=\"container\" data-e-type=\"container\">\n\t\t\t\t<div class=\"elementor-element elementor-element-6cc108d1 jltma-glass-effect-no elementor-widget elementor-widget-heading\" data-id=\"6cc108d1\" data-element_type=\"widget\" data-e-type=\"widget\" data-widget_type=\"heading.default\">\n\t\t\t\t<div class=\"elementor-widget-container\">\n\t\t\t\t\t<h2 class=\"elementor-heading-title elementor-size-default\"><a href=\"\">24 or\u00eb n\u00eb Pej\u00eb<\/a><\/h2>\t\t\t\t<\/div>\n\t\t\t\t<\/div>\n\t\t\t\t<div class=\"elementor-element elementor-element-711742cf jltma-glass-effect-no elementor-widget elementor-widget-image\" data-id=\"711742cf\" data-element_type=\"widget\" data-e-type=\"widget\" data-widget_type=\"image.default\">\n\t\t\t\t<div class=\"elementor-widget-container\">\n\t\t\t\t\t\t\t\t\t\t\t\t\t\t\t\t<a href=\"\">\n\t\t\t\t\t\t\t<img loading=\"lazy\" decoding=\"async\" width=\"1024\" height=\"683\" src=\"https:\/\/pejatourism.org\/wp-content\/uploads\/2023\/08\/09-1024x683.jpg\" class=\"attachment-large size-large wp-image-880\" alt=\"\" srcset=\"https:\/\/pejatourism.org\/wp-content\/uploads\/2023\/08\/09-1024x683.jpg 1024w, https:\/\/pejatourism.org\/wp-content\/uploads\/2023\/08\/09-300x200.jpg 300w, https:\/\/pejatourism.org\/wp-content\/uploads\/2023\/08\/09-768x512.jpg 768w, https:\/\/pejatourism.org\/wp-content\/uploads\/2023\/08\/09-1536x1024.jpg 1536w, https:\/\/pejatourism.org\/wp-content\/uploads\/2023\/08\/09-2048x1365.jpg 2048w, https:\/\/pejatourism.org\/wp-content\/uploads\/2023\/08\/elementor\/thumbs\/09-scaled-qalrshp19uukqzu6drm08dljyvtw88t3mpasrhk9q8.jpg 1200w\" sizes=\"(max-width: 1024px) 100vw, 1024px\" \/>\t\t\t\t\t\t\t\t<\/a>\n\t\t\t\t\t\t\t\t\t\t\t\t\t\t\t<\/div>\n\t\t\t\t<\/div>\n\t\t\t\t<\/div>\n\t\t<div class=\"elementor-element elementor-element-33b1805b e-con-full e-flex jltma-glass-effect-no wpr-particle-no wpr-jarallax-no wpr-parallax-no wpr-sticky-section-no e-con e-child\" data-id=\"33b1805b\" data-element_type=\"container\" data-e-type=\"container\">\n\t\t\t\t<div class=\"elementor-element elementor-element-1c548813 jltma-glass-effect-no elementor-widget elementor-widget-heading\" data-id=\"1c548813\" data-element_type=\"widget\" data-e-type=\"widget\" data-widget_type=\"heading.default\">\n\t\t\t\t<div class=\"elementor-widget-container\">\n\t\t\t\t\t<h2 class=\"elementor-heading-title elementor-size-default\"><a href=\"https:\/\/pejatourism.org\/sq\/48-hours-in-peja\/\">48 or\u00eb n\u00eb Pej\u00eb<\/a><\/h2>\t\t\t\t<\/div>\n\t\t\t\t<\/div>\n\t\t\t\t<div class=\"elementor-element elementor-element-3bd854fd jltma-glass-effect-no elementor-widget elementor-widget-image\" data-id=\"3bd854fd\" data-element_type=\"widget\" data-e-type=\"widget\" data-widget_type=\"image.default\">\n\t\t\t\t<div class=\"elementor-widget-container\">\n\t\t\t\t\t\t\t\t\t\t\t\t\t\t\t\t<a href=\"https:\/\/pejatourism.org\/sq\/48-hours-in-peja\/\">\n\t\t\t\t\t\t\t<img loading=\"lazy\" decoding=\"async\" width=\"1024\" height=\"683\" src=\"https:\/\/pejatourism.org\/wp-content\/uploads\/2023\/08\/DB-Informatori2021-1-1024x683.jpg\" class=\"attachment-large size-large wp-image-891\" alt=\"\" srcset=\"https:\/\/pejatourism.org\/wp-content\/uploads\/2023\/08\/DB-Informatori2021-1-1024x683.jpg 1024w, https:\/\/pejatourism.org\/wp-content\/uploads\/2023\/08\/DB-Informatori2021-1-300x200.jpg 300w, https:\/\/pejatourism.org\/wp-content\/uploads\/2023\/08\/DB-Informatori2021-1-768x512.jpg 768w, https:\/\/pejatourism.org\/wp-content\/uploads\/2023\/08\/DB-Informatori2021-1-1536x1024.jpg 1536w, https:\/\/pejatourism.org\/wp-content\/uploads\/2023\/08\/DB-Informatori2021-1-2048x1365.jpg 2048w, https:\/\/pejatourism.org\/wp-content\/uploads\/2023\/08\/elementor\/thumbs\/DB-Informatori2021-1-scaled-qals18kyvctmsd4sb1q0xo4yyypuuuj6hzugj6ldts.jpg 1200w\" sizes=\"(max-width: 1024px) 100vw, 1024px\" \/>\t\t\t\t\t\t\t\t<\/a>\n\t\t\t\t\t\t\t\t\t\t\t\t\t\t\t<\/div>\n\t\t\t\t<\/div>\n\t\t\t\t<\/div>\n\t\t\t\t\t<\/div>\n\t\t\t\t<\/div>\n\t\t\t\t<\/div>","protected":false},"excerpt":{"rendered":"<p>72 hour in Peja THE FIRST DAY You will start your experience at an altitude of 530m above sea level, which is the center of the city, and you will reach the highest point in Peja, which is Guri i Kuq (Eng. Red Stona) at an altitude of 2522m. First Day \u2013 We propose that firs day to be an easy day for you. Don&#8217;t forget to enjoy your morning coffee in the beautiful square in the city center or near the river Lumbardhi. Then you can start with cultural trail which contains 14 points of intangible heritage present Peja and its development in different periods of time, starting from those of Illyrian and up to the present day. Among the points you will visit are: the old houses of the city, the tower houses (Kulla), religious objects such as the mosque and the churches, the hammam, the mill of Haxhi Zeka, etc. While in the museum of Peja, you can get knowledge about tangible culture and traditions of the inhabitants of this city, which are presented through artifacts, as well as the professional tour guides who will explain it to you in this museum. On this day you can also visit for short time Karagaqi city park and continues to the health trail which is very attractive and passing through the Lumbardhi river to reach the entrance of the Rugova Gorge or if you have more time you can do short recreation hike to Pine trial, Livadhi Sakes trail or Mule trail. THE SECOND DAY Second Day &#8211; Your second day can be adventure day with the mountain activity, climbing one of the attractive peaks of Peja: Guri i Kuq 2522m, \u00c7f\u00ebrla 2461, Hajla 2403m, or Vjellaku 2004m. All these peaks are very attractive and each one is unique in terms of the experiences and stunning views they offer. As the mountaineer\u2019s tradition in Peja, the departure for climbing the mountain peaks should be done after drinking the morning coffee in one of the bars in the main square of Peja. If you decide to climb Gurin e Kuq or Hajla peak, you need transportation to the starting points, while for climbing the other two peaks, \u00c7f\u00ebrla and Vjellaku, your hike can starts right from the city center without needing of transportation. Climbing on these peaks need full day and it is not preferred for beginners. THE THIRD DAY Third Day &#8211; The third day is also a day of relaxation and experience. On this day, you can take all the day in peace. Your visit to Drini Bardh Waterfall will be a relaxing experience to the beautiful nature and landscape of this waterfall and also the visit of the \u201dSleeping Beauty cave\u201d which is very attractive cave. In the afternoon we suggest you have some adventure activity like Via Farrata, Zip Line, or even cycling in the flat parts of the city and rural areas. If your journey does not fit the above descriptions, write to us in the email below so that we can help you more tips to design your trip in the best way for the time you have available. 24 hours in Peja 48 hours in Peja<\/p>","protected":false},"author":1,"featured_media":0,"parent":0,"menu_order":0,"comment_status":"closed","ping_status":"closed","template":"elementor_theme","meta":{"_crdt_document":"","site-sidebar-layout":"no-sidebar","site-content-layout":"page-builder","ast-site-content-layout":"full-width-container","site-content-style":"unboxed","site-sidebar-style":"unboxed","ast-global-header-display":"","ast-banner-title-visibility":"","ast-main-header-display":"","ast-hfb-above-header-display":"","ast-hfb-below-header-display":"","ast-hfb-mobile-header-display":"","site-post-title":"disabled","ast-breadcrumbs-content":"","ast-featured-img":"disabled","footer-sml-layout":"","ast-disable-related-posts":"","theme-transparent-header-meta":"","adv-header-id-meta":"","stick-header-meta":"","header-above-stick-meta":"","header-main-stick-meta":"","header-below-stick-meta":"","astra-migrate-meta-layouts":"set","ast-page-background-enabled":"default","ast-page-background-meta":{"desktop":{"background-color":"var(--ast-global-color-4)","background-image":"","background-repeat":"repeat","background-position":"center center","background-size":"auto","background-attachment":"scroll","background-type":"","background-media":"","overlay-type":"","overlay-color":"","overlay-opacity":"","overlay-gradient":""},"tablet":{"background-color":"","background-image":"","background-repeat":"repeat","background-position":"center center","background-size":"auto","background-attachment":"scroll","background-type":"","background-media":"","overlay-type":"","overlay-color":"","overlay-opacity":"","overlay-gradient":""},"mobile":{"background-color":"","background-image":"","background-repeat":"repeat","background-position":"center center","background-size":"auto","background-attachment":"scroll","background-type":"","background-media":"","overlay-type":"","overlay-color":"","overlay-opacity":"","overlay-gradient":""}},"ast-content-background-meta":{"desktop":{"background-color":"var(--ast-global-color-5)","background-image":"","background-repeat":"repeat","background-position":"center center","background-size":"auto","background-attachment":"scroll","background-type":"","background-media":"","overlay-type":"","overlay-color":"","overlay-opacity":"","overlay-gradient":""},"tablet":{"background-color":"var(--ast-global-color-5)","background-image":"","background-repeat":"repeat","background-position":"center center","background-size":"auto","background-attachment":"scroll","background-type":"","background-media":"","overlay-type":"","overlay-color":"","overlay-opacity":"","overlay-gradient":""},"mobile":{"background-color":"var(--ast-global-color-5)","background-image":"","background-repeat":"repeat","background-position":"center center","background-size":"auto","background-attachment":"scroll","background-type":"","background-media":"","overlay-type":"","overlay-color":"","overlay-opacity":"","overlay-gradient":""}},"footnotes":""},"class_list":["post-805","page","type-page","status-publish","hentry"],"aioseo_notices":[],"_links":{"self":[{"href":"https:\/\/pejatourism.org\/sq\/wp-json\/wp\/v2\/pages\/805","targetHints":{"allow":["GET"]}}],"collection":[{"href":"https:\/\/pejatourism.org\/sq\/wp-json\/wp\/v2\/pages"}],"about":[{"href":"https:\/\/pejatourism.org\/sq\/wp-json\/wp\/v2\/types\/page"}],"author":[{"embeddable":true,"href":"https:\/\/pejatourism.org\/sq\/wp-json\/wp\/v2\/users\/1"}],"replies":[{"embeddable":true,"href":"https:\/\/pejatourism.org\/sq\/wp-json\/wp\/v2\/comments?post=805"}],"version-history":[{"count":26,"href":"https:\/\/pejatourism.org\/sq\/wp-json\/wp\/v2\/pages\/805\/revisions"}],"predecessor-version":[{"id":2650,"href":"https:\/\/pejatourism.org\/sq\/wp-json\/wp\/v2\/pages\/805\/revisions\/2650"}],"wp:attachment":[{"href":"https:\/\/pejatourism.org\/sq\/wp-json\/wp\/v2\/media?parent=805"}],"curies":[{"name":"wp","href":"https:\/\/api.w.org\/{rel}","templated":true}]}}