{"id":788,"date":"2023-08-07T01:15:47","date_gmt":"2023-08-07T01:15:47","guid":{"rendered":"https:\/\/pejatourism.org\/?page_id=788"},"modified":"2024-05-16T21:18:44","modified_gmt":"2024-05-16T21:18:44","slug":"48-hours-in-peja","status":"publish","type":"page","link":"https:\/\/pejatourism.org\/sq\/48-hours-in-peja\/","title":{"rendered":"48 or\u00eb n\u00eb Pej\u00eb"},"content":{"rendered":"<div data-elementor-type=\"wp-page\" data-elementor-id=\"788\" class=\"elementor elementor-788\" data-elementor-post-type=\"page\">\n\t\t\t\t<div class=\"elementor-element elementor-element-236746a7 e-con-full e-flex jltma-glass-effect-no wpr-particle-no wpr-jarallax-no wpr-parallax-no wpr-sticky-section-no e-con e-parent\" data-id=\"236746a7\" data-element_type=\"container\" data-e-type=\"container\" data-settings=\"{&quot;background_background&quot;:&quot;classic&quot;}\">\n\t\t\t\t<\/div>\n\t\t<div class=\"elementor-element elementor-element-67c817a8 e-flex e-con-boxed jltma-glass-effect-no wpr-particle-no wpr-jarallax-no wpr-parallax-no wpr-sticky-section-no e-con e-parent\" data-id=\"67c817a8\" data-element_type=\"container\" data-e-type=\"container\">\n\t\t\t\t\t<div class=\"e-con-inner\">\n\t\t\t\t<div class=\"elementor-element elementor-element-1eba4720 jltma-glass-effect-no elementor-widget elementor-widget-heading\" data-id=\"1eba4720\" data-element_type=\"widget\" data-e-type=\"widget\" data-widget_type=\"heading.default\">\n\t\t\t\t<div class=\"elementor-widget-container\">\n\t\t\t\t\t<h2 class=\"elementor-heading-title elementor-size-default\">PEJA N\u00cb 48 OR\u00cb<\/h2>\t\t\t\t<\/div>\n\t\t\t\t<\/div>\n\t\t\t\t\t<\/div>\n\t\t\t\t<\/div>\n\t\t<div class=\"elementor-element elementor-element-19610c3e e-flex e-con-boxed jltma-glass-effect-no wpr-particle-no wpr-jarallax-no wpr-parallax-no wpr-sticky-section-no e-con e-parent\" data-id=\"19610c3e\" data-element_type=\"container\" data-e-type=\"container\">\n\t\t\t\t\t<div class=\"e-con-inner\">\n\t\t<div class=\"elementor-element elementor-element-2ee9ddf3 e-con-full e-flex jltma-glass-effect-no wpr-particle-no wpr-jarallax-no wpr-parallax-no wpr-sticky-section-no e-con e-child\" data-id=\"2ee9ddf3\" data-element_type=\"container\" data-e-type=\"container\">\n\t\t\t\t<div class=\"elementor-element elementor-element-7fd8c634 jltma-glass-effect-no elementor-widget elementor-widget-heading\" data-id=\"7fd8c634\" data-element_type=\"widget\" data-e-type=\"widget\" data-widget_type=\"heading.default\">\n\t\t\t\t<div class=\"elementor-widget-container\">\n\t\t\t\t\t<h2 class=\"elementor-heading-title elementor-size-default\">SHIJONI M\u00cb SHUM\u00cb - PEJA N\u00cb 48 OR\u00cb<\/h2>\t\t\t\t<\/div>\n\t\t\t\t<\/div>\n\t\t\t\t<div class=\"elementor-element elementor-element-704bcf63 jltma-glass-effect-no elementor-widget elementor-widget-text-editor\" data-id=\"704bcf63\" data-element_type=\"widget\" data-e-type=\"widget\" data-widget_type=\"text-editor.default\">\n\t\t\t\t<div class=\"elementor-widget-container\">\n\t\t\t\t\t\t\t\t\t<p>Dy dit\u00eb nuk jan\u00eb shum\u00eb p\u00ebr Pej\u00ebn pasi q\u00eb ka mjaft shum\u00eb t\u00eb ofroj por edhe ju p\u00ebr dy dit\u00eb keni mjaft shum\u00eb t\u00eb p\u00ebrjetoni.<\/p>\n<p>Mos haroni kafen e mengjesit t\u00eb shijoni n\u00eb sheshin e bukur n\u00eb qendr\u00ebn e qytetit nd\u00ebrsa eksperiencen tuaj do ta filloni me vizit\u00ebn e shtegut kulturor n\u00eb Pej\u00eb. Ky shteg p\u00ebrmban 14 pika t\u00eb trash\u00ebgimis s\u00eb palujatshme t\u00eb cilat paraqesin Pej\u00ebn dhe zhvillimin e saj n\u00eb periudha t\u00eb ndryshme kohore duke filluar nga ato Iliro Dardane e deri ne dit\u00ebt e sotme. Nd\u00ebr pikat q\u00eb do t\u00eb vizitoni jan\u00eb: Sht\u00ebpit e vjetra t\u00eb qytetit, sht\u00ebpit kulla, objekte religjioze si gjamia dhe kisha katolike dhe ortodokse, hamamin, mullirin e Haxhi Zekes etj. Nd\u00ebrsa n\u00eb muzeun e Pej\u00ebs mund t\u00eb merrni njohuri edhe p\u00ebr kultur\u00ebn dhe traditat e banorve t\u00eb k\u00ebtij qyteti t\u00eb cilat jan\u00eb t\u00eb prezantuara p\u00ebrmes artifakteve.<\/p>\n<p>N\u00eb dit\u00ebn e par\u00eb ju sugjerojm q\u00eb t\u00eb vizitoni gjithashtu uj\u00ebvaren e Drinit t\u00eb Bardh e cila \u00ebsht\u00eb nj\u00eb perl\u00eb e natyr\u00ebs dhe \u00ebsht\u00eb nj\u00eb zon\u00eb e mbrojtur me ligj q\u00eb nga viti 1983 p\u00ebr shkak t\u00eb peizazhit natyror, burimit dhe ujvar\u00ebs, biodiversitetet dhe shpell\u00ebs \u201cBukuroshja e Fjetur\u201d e cila gjindet po n\u00eb k\u00ebt\u00eb pik\u00eb.<\/p>\n<p>Dita e dyt\u00eb do t\u00eb jet\u00eb dit\u00eb p\u00ebr Aventura n\u00eb natyr\u00eb. Ju sugjerojm q\u00eb t\u00eb vizitoni bjesh\u00ebkt e Rugov\u00ebs e cila \u00ebsht\u00eb pjesa m\u00eb e bukur n\u00eb parkun nacional Bjeshk\u00ebt e Nemuna. K\u00ebto bjeshke kan\u00eb natyr\u00eb t\u00eb mrekuluueshme me plot peizazhe atraktive, biodiversitet t\u00eb pasur, flor\u00eb dhe faun\u00eb, liqej, lumenj, uj\u00ebvare etj. Atraksion i cili duhet t\u00eb vizitohet jan\u00eb dy liqejt e Rugov\u00ebs (liqeni i Liqenatit dhe Drelajve). Shtegu p\u00ebr ti vizituar k\u00ebta liqej nuk \u00ebsht\u00eb i v\u00ebshtir dhe n\u00eb nj\u00eb mesatare prej 2or\u00ebsh ju do t\u00eb arini tek liqejt.<\/p><p style=\"font-size: 16px; font-style: normal; font-weight: 400;\">N\u00eb pamund\u00ebsi p\u00ebr t\u00eb shkuar n\u00eb bjeshk\u00ebt ju sugjerojm q\u00eb t\u00eb zhvilloni aktivitetin e Via Ferrata, Zip Line apo ngjitje n\u00eb shk\u00ebmbinj\u00eb t\u00eb cilat mund ti realizoni n\u00eb Gryk\u00ebn e Rugov\u00ebs. Gjithashtu Peja ofron edhe shtigje t\u00eb rekreative t\u00eb shkurt\u00ebra q\u00eb zgjasin 3 deri 4 or\u00eb e q\u00eb ofrojn bukuri natyrore me pamje magjepse t\u00eb qytetit. Pra, duke u bazuar n\u00eb aft\u00ebsit e juaja rekreative mund t\u00eb b\u00ebni nj\u00eb p\u00ebrzgjedhje p\u00ebr q\u00eb t\u00eb gjith jan\u00eb shum\u00eb mbresl\u00ebn\u00ebse.<\/p><p style=\"font-size: 16px; font-style: normal; font-weight: 400;\">Mbr\u00ebmjet n\u00eb Pej\u00eb jan\u00eb k\u00ebnaq\u00ebsi dhe me plot defrim pasi q\u00eb koh\u00ebn tuaj do ta kaloni n\u00eb ndonj\u00eb nga restorantet t\u00eb cilat ofrojn ambient shum\u00eb t\u00eb qet\u00eb dhe meny t\u00eb ushqimeve tradicionale me plot\u00eb shije nd\u00ebrsa d\u00ebfrimin tuaj mund ta vazhdoni n\u00eb ndonj\u00eb nga baret e qytetit.<\/p>\t\t\t\t\t\t\t\t<\/div>\n\t\t\t\t<\/div>\n\t\t\t\t<\/div>\n\t\t<div class=\"elementor-element elementor-element-1dc56380 e-con-full e-flex jltma-glass-effect-no wpr-particle-no wpr-jarallax-no wpr-parallax-no wpr-sticky-section-no e-con e-child\" data-id=\"1dc56380\" data-element_type=\"container\" data-e-type=\"container\">\n\t\t\t\t<div class=\"elementor-element elementor-element-4b13bcc3 jltma-glass-effect-no elementor-widget elementor-widget-image\" data-id=\"4b13bcc3\" data-element_type=\"widget\" data-e-type=\"widget\" data-widget_type=\"image.default\">\n\t\t\t\t<div class=\"elementor-widget-container\">\n\t\t\t\t\t\t\t\t\t\t\t\t\t\t\t<img fetchpriority=\"high\" decoding=\"async\" width=\"1024\" height=\"682\" src=\"https:\/\/pejatourism.org\/wp-content\/uploads\/2023\/08\/DB-Informatori2021-22-1024x682.jpg\" class=\"attachment-large size-large wp-image-912\" alt=\"\" srcset=\"https:\/\/pejatourism.org\/wp-content\/uploads\/2023\/08\/DB-Informatori2021-22-1024x682.jpg 1024w, https:\/\/pejatourism.org\/wp-content\/uploads\/2023\/08\/DB-Informatori2021-22-300x200.jpg 300w, https:\/\/pejatourism.org\/wp-content\/uploads\/2023\/08\/DB-Informatori2021-22-768x512.jpg 768w, https:\/\/pejatourism.org\/wp-content\/uploads\/2023\/08\/DB-Informatori2021-22-1536x1023.jpg 1536w, https:\/\/pejatourism.org\/wp-content\/uploads\/2023\/08\/DB-Informatori2021-22-2048x1364.jpg 2048w\" sizes=\"(max-width: 1024px) 100vw, 1024px\" \/>\t\t\t\t\t\t\t\t\t\t\t\t\t\t\t<\/div>\n\t\t\t\t<\/div>\n\t\t\t\t<\/div>\n\t\t\t\t\t<\/div>\n\t\t\t\t<\/div>\n\t\t<div class=\"elementor-element elementor-element-47349cd e-flex e-con-boxed jltma-glass-effect-no wpr-particle-no wpr-jarallax-no wpr-parallax-no wpr-sticky-section-no e-con e-parent\" data-id=\"47349cd\" data-element_type=\"container\" data-e-type=\"container\">\n\t\t\t\t\t<div class=\"e-con-inner\">\n\t\t<div class=\"elementor-element elementor-element-4c18413a e-con-full e-flex jltma-glass-effect-no wpr-particle-no wpr-jarallax-no wpr-parallax-no wpr-sticky-section-no e-con e-child\" data-id=\"4c18413a\" data-element_type=\"container\" data-e-type=\"container\">\n\t\t\t\t<div class=\"elementor-element elementor-element-56d58e63 jltma-glass-effect-no elementor-widget elementor-widget-heading\" data-id=\"56d58e63\" data-element_type=\"widget\" data-e-type=\"widget\" data-widget_type=\"heading.default\">\n\t\t\t\t<div class=\"elementor-widget-container\">\n\t\t\t\t\t<h2 class=\"elementor-heading-title elementor-size-default\"><a href=\"https:\/\/pejatourism.org\/sq\/24-hours-in-peja\/\">24 or\u00eb n\u00eb Pej\u00eb<\/a><\/h2>\t\t\t\t<\/div>\n\t\t\t\t<\/div>\n\t\t\t\t<div class=\"elementor-element elementor-element-3bf57882 jltma-glass-effect-no elementor-widget elementor-widget-image\" data-id=\"3bf57882\" data-element_type=\"widget\" data-e-type=\"widget\" data-widget_type=\"image.default\">\n\t\t\t\t<div class=\"elementor-widget-container\">\n\t\t\t\t\t\t\t\t\t\t\t\t\t\t\t\t<a href=\"https:\/\/pejatourism.org\/sq\/24-hours-in-peja\/\">\n\t\t\t\t\t\t\t<img decoding=\"async\" src=\"https:\/\/pejatourism.org\/wp-content\/uploads\/elementor\/thumbs\/09-scaled-qalrshp19uukqzu6drm08dljyvtw88t3mpasrhk9q8.jpg\" title=\"09\" alt=\"09\" loading=\"lazy\" \/>\t\t\t\t\t\t\t\t<\/a>\n\t\t\t\t\t\t\t\t\t\t\t\t\t\t\t<\/div>\n\t\t\t\t<\/div>\n\t\t\t\t<\/div>\n\t\t<div class=\"elementor-element elementor-element-45b95ce3 e-con-full e-flex jltma-glass-effect-no wpr-particle-no wpr-jarallax-no wpr-parallax-no wpr-sticky-section-no e-con e-child\" data-id=\"45b95ce3\" data-element_type=\"container\" data-e-type=\"container\">\n\t\t\t\t<div class=\"elementor-element elementor-element-53581e22 jltma-glass-effect-no elementor-widget elementor-widget-heading\" data-id=\"53581e22\" data-element_type=\"widget\" data-e-type=\"widget\" data-widget_type=\"heading.default\">\n\t\t\t\t<div class=\"elementor-widget-container\">\n\t\t\t\t\t<h2 class=\"elementor-heading-title elementor-size-default\"><a href=\"https:\/\/pejatourism.org\/sq\/72-hours-in-peja\/\">72 or\u00eb n\u00eb Pej\u00eb<\/a><\/h2>\t\t\t\t<\/div>\n\t\t\t\t<\/div>\n\t\t\t\t<div class=\"elementor-element elementor-element-11ff3d4d jltma-glass-effect-no elementor-widget elementor-widget-image\" data-id=\"11ff3d4d\" data-element_type=\"widget\" data-e-type=\"widget\" data-widget_type=\"image.default\">\n\t\t\t\t<div class=\"elementor-widget-container\">\n\t\t\t\t\t\t\t\t\t\t\t\t\t\t\t\t<a href=\"https:\/\/pejatourism.org\/sq\/72-hours-in-peja\/\">\n\t\t\t\t\t\t\t<img decoding=\"async\" src=\"https:\/\/pejatourism.org\/wp-content\/uploads\/elementor\/thumbs\/DB-Informatori2021-23-scaled-qals3bs223okl63k3y86h55uhsf7ymtpgc1axbhw00.jpg\" title=\"DB-Informatori2021 (23)\" alt=\"DB-Informatori2021 (23)\" loading=\"lazy\" \/>\t\t\t\t\t\t\t\t<\/a>\n\t\t\t\t\t\t\t\t\t\t\t\t\t\t\t<\/div>\n\t\t\t\t<\/div>\n\t\t\t\t<\/div>\n\t\t\t\t\t<\/div>\n\t\t\t\t<\/div>\n\t\t\t\t<\/div>","protected":false},"excerpt":{"rendered":"<p>48 hour in Peja EXPERIENCE MORE &#8211; PEJA IN 48 HOURS Two days is not much for Peja as it has a lot to offer, but you also have a lot to experience in two days. Don&#8217;t forget to enjoy your morning coffee in the beautiful square in the city centre while you will start your experience with the visit of the cultural trail in Peja. The cultural trail contains 14 points of intangible heritage which present Peja and its development in different periods of time, starting from those of Illyrian and up to the present day. Among the points you will visit are: the old houses of the city, the tower houses (Kulla), religious objects such as the mosque and the churches, the hammam, the mill of Haxhi Zeka, etc. While in the museum of Peja, you can get knowledge about tangible culture and traditions of the inhabitants of this city, which are presented through artefacts, as well as the professional tour guides who will explain it to you in this museum. On the first day, we suggest you also visit the Drini i Bardh\u00eb waterfall, which is a gem of nature and is a legally protected area since 1983 due to its natural landscape, spring and waterfall, biodiversity and the cave &#8220;The Sleeping Beauty&#8221;. The second day will be a day for outdoor adventure. We suggest you to visit the Rugova Mountains, which is the most beautiful part of the Accursed Mountains National Park. These mountains have wonderful nature with lots of attractive landscapes, rich biodiversity, flora and fauna, lakes, rivers, waterfalls, etc. Attractions that must be visited are the two lakes of Rugova (lake Liqenati and Drelaj). The trail to visit these lakes is not difficult and in an average of 2 hours you will reach the lakes. There are signs all the way to the lake. If you are unable to go to the mountain, we suggest you to carry out the activity of Via Ferrata, Zip Line or rock climbing, which you can do in the Rugova Gorge. Peja also offers short recreational trails that last 3 to 4 hours and offer natural beauty with a fascinating view of the Peja city. So, based on your recreational abilities you can make a selection because they are all very impressive. The evenings in Peja are fun and full of relaxation, since you will spend your time in any of the restaurants that offer a very quiet environment and a menu of traditional foods full of flavour, while you can continue your fun in any of the city&#8217;s bars to taste local Peja Beer. 24 hours in Peja 72 hours in Peja<\/p>","protected":false},"author":1,"featured_media":0,"parent":0,"menu_order":0,"comment_status":"closed","ping_status":"closed","template":"elementor_theme","meta":{"_crdt_document":"","site-sidebar-layout":"no-sidebar","site-content-layout":"page-builder","ast-site-content-layout":"full-width-container","site-content-style":"unboxed","site-sidebar-style":"unboxed","ast-global-header-display":"","ast-banner-title-visibility":"","ast-main-header-display":"","ast-hfb-above-header-display":"","ast-hfb-below-header-display":"","ast-hfb-mobile-header-display":"","site-post-title":"disabled","ast-breadcrumbs-content":"","ast-featured-img":"disabled","footer-sml-layout":"","ast-disable-related-posts":"","theme-transparent-header-meta":"","adv-header-id-meta":"","stick-header-meta":"","header-above-stick-meta":"","header-main-stick-meta":"","header-below-stick-meta":"","astra-migrate-meta-layouts":"set","ast-page-background-enabled":"default","ast-page-background-meta":{"desktop":{"background-color":"var(--ast-global-color-4)","background-image":"","background-repeat":"repeat","background-position":"center center","background-size":"auto","background-attachment":"scroll","background-type":"","background-media":"","overlay-type":"","overlay-color":"","overlay-opacity":"","overlay-gradient":""},"tablet":{"background-color":"","background-image":"","background-repeat":"repeat","background-position":"center center","background-size":"auto","background-attachment":"scroll","background-type":"","background-media":"","overlay-type":"","overlay-color":"","overlay-opacity":"","overlay-gradient":""},"mobile":{"background-color":"","background-image":"","background-repeat":"repeat","background-position":"center center","background-size":"auto","background-attachment":"scroll","background-type":"","background-media":"","overlay-type":"","overlay-color":"","overlay-opacity":"","overlay-gradient":""}},"ast-content-background-meta":{"desktop":{"background-color":"var(--ast-global-color-5)","background-image":"","background-repeat":"repeat","background-position":"center center","background-size":"auto","background-attachment":"scroll","background-type":"","background-media":"","overlay-type":"","overlay-color":"","overlay-opacity":"","overlay-gradient":""},"tablet":{"background-color":"var(--ast-global-color-5)","background-image":"","background-repeat":"repeat","background-position":"center center","background-size":"auto","background-attachment":"scroll","background-type":"","background-media":"","overlay-type":"","overlay-color":"","overlay-opacity":"","overlay-gradient":""},"mobile":{"background-color":"var(--ast-global-color-5)","background-image":"","background-repeat":"repeat","background-position":"center center","background-size":"auto","background-attachment":"scroll","background-type":"","background-media":"","overlay-type":"","overlay-color":"","overlay-opacity":"","overlay-gradient":""}},"footnotes":""},"class_list":["post-788","page","type-page","status-publish","hentry"],"aioseo_notices":[],"_links":{"self":[{"href":"https:\/\/pejatourism.org\/sq\/wp-json\/wp\/v2\/pages\/788","targetHints":{"allow":["GET"]}}],"collection":[{"href":"https:\/\/pejatourism.org\/sq\/wp-json\/wp\/v2\/pages"}],"about":[{"href":"https:\/\/pejatourism.org\/sq\/wp-json\/wp\/v2\/types\/page"}],"author":[{"embeddable":true,"href":"https:\/\/pejatourism.org\/sq\/wp-json\/wp\/v2\/users\/1"}],"replies":[{"embeddable":true,"href":"https:\/\/pejatourism.org\/sq\/wp-json\/wp\/v2\/comments?post=788"}],"version-history":[{"count":62,"href":"https:\/\/pejatourism.org\/sq\/wp-json\/wp\/v2\/pages\/788\/revisions"}],"predecessor-version":[{"id":2642,"href":"https:\/\/pejatourism.org\/sq\/wp-json\/wp\/v2\/pages\/788\/revisions\/2642"}],"wp:attachment":[{"href":"https:\/\/pejatourism.org\/sq\/wp-json\/wp\/v2\/media?parent=788"}],"curies":[{"name":"wp","href":"https:\/\/api.w.org\/{rel}","templated":true}]}}