{"id":785,"date":"2023-08-07T01:15:12","date_gmt":"2023-08-07T01:15:12","guid":{"rendered":"https:\/\/pejatourism.org\/?page_id=785"},"modified":"2024-05-16T21:19:41","modified_gmt":"2024-05-16T21:19:41","slug":"24-hours-in-peja","status":"publish","type":"page","link":"https:\/\/pejatourism.org\/sq\/24-hours-in-peja\/","title":{"rendered":"24 or\u00eb n\u00eb Pej\u00eb"},"content":{"rendered":"<div data-elementor-type=\"wp-page\" data-elementor-id=\"785\" class=\"elementor elementor-785\" data-elementor-post-type=\"page\">\n\t\t\t\t<div class=\"elementor-element elementor-element-e27b5e9 e-flex e-con-boxed jltma-glass-effect-no wpr-particle-no wpr-jarallax-no wpr-parallax-no wpr-sticky-section-no e-con e-parent\" data-id=\"e27b5e9\" data-element_type=\"container\" data-e-type=\"container\" data-settings=\"{&quot;background_background&quot;:&quot;classic&quot;}\">\n\t\t\t\t\t<div class=\"e-con-inner\">\n\t\t\t\t\t<\/div>\n\t\t\t\t<\/div>\n\t\t<div class=\"elementor-element elementor-element-d70b019 e-flex e-con-boxed jltma-glass-effect-no wpr-particle-no wpr-jarallax-no wpr-parallax-no wpr-sticky-section-no e-con e-parent\" data-id=\"d70b019\" data-element_type=\"container\" data-e-type=\"container\">\n\t\t\t\t\t<div class=\"e-con-inner\">\n\t\t\t\t<div class=\"elementor-element elementor-element-b17fb94 jltma-glass-effect-no elementor-widget elementor-widget-heading\" data-id=\"b17fb94\" data-element_type=\"widget\" data-e-type=\"widget\" data-widget_type=\"heading.default\">\n\t\t\t\t<div class=\"elementor-widget-container\">\n\t\t\t\t\t<h2 class=\"elementor-heading-title elementor-size-default\">24 or\u00eb n\u00eb Pej\u00eb<\/h2>\t\t\t\t<\/div>\n\t\t\t\t<\/div>\n\t\t\t\t\t<\/div>\n\t\t\t\t<\/div>\n\t\t<div class=\"elementor-element elementor-element-af16f6c e-flex e-con-boxed jltma-glass-effect-no wpr-particle-no wpr-jarallax-no wpr-parallax-no wpr-sticky-section-no e-con e-parent\" data-id=\"af16f6c\" data-element_type=\"container\" data-e-type=\"container\">\n\t\t\t\t\t<div class=\"e-con-inner\">\n\t\t<div class=\"elementor-element elementor-element-9f06190 e-con-full e-flex jltma-glass-effect-no wpr-particle-no wpr-jarallax-no wpr-parallax-no wpr-sticky-section-no e-con e-child\" data-id=\"9f06190\" data-element_type=\"container\" data-e-type=\"container\">\n\t\t\t\t<div class=\"elementor-element elementor-element-5ec7a38 jltma-glass-effect-no elementor-widget elementor-widget-heading\" data-id=\"5ec7a38\" data-element_type=\"widget\" data-e-type=\"widget\" data-widget_type=\"heading.default\">\n\t\t\t\t<div class=\"elementor-widget-container\">\n\t\t\t\t\t<h2 class=\"elementor-heading-title elementor-size-default\">SHIJONI M\u00cb SHUM\u00cb - PEJA N\u00cb 24 OR\u00cb<\/h2>\t\t\t\t<\/div>\n\t\t\t\t<\/div>\n\t\t\t\t<div class=\"elementor-element elementor-element-d7bdfc7 jltma-glass-effect-no elementor-widget elementor-widget-text-editor\" data-id=\"d7bdfc7\" data-element_type=\"widget\" data-e-type=\"widget\" data-widget_type=\"text-editor.default\">\n\t\t\t\t<div class=\"elementor-widget-container\">\n\t\t\t\t\t\t\t\t\t<p>Edhe n\u00ebse keni vet\u00ebm nj\u00eb dit\u00eb n\u00eb dispozicion, \u00ebsht\u00eb e mundur t\u00eb njiheni me Pej\u00ebn p\u00ebrmes pikave m\u00eb t\u00ebrheq\u00ebse q\u00eb ofrojn\u00eb trash\u00ebgimi kulturore dhe natyrore.<\/p><p>P\u00ebr t\u00eb njohur Pej\u00ebn dhe bukurit\u00eb e saj n\u00eb koh\u00ebn e shkurt\u00ebr q\u00eb keni n\u00eb dispozicion, kemi planifikuar sugjerimin p\u00ebr ju p\u00ebr t\u00eb marr\u00eb njohuri rreth qytetit, historis\u00eb dhe kultur\u00ebs s\u00eb Pej\u00ebs si dhe atraksioneve natyrore n\u00eb p\u00ebrreth Pej\u00ebs.<\/p><p>Ju mund t\u00eb filloni udh\u00ebtimin tuaj me nj\u00eb kafe n\u00eb m\u00ebngjes ose nj\u00eb makijato n\u00eb ndonj\u00eb nga baret n\u00eb sheshin kryesor t\u00eb qytetit. Peja njihet p\u00ebr cil\u00ebsin\u00eb e kafes\u00eb, ve\u00e7an\u00ebrisht makijato, k\u00ebshtu q\u00eb nj\u00eb kafe n\u00eb m\u00ebngjes do t'ju b\u00ebj\u00eb t\u00eb ndiheni m\u00eb mir\u00eb p\u00ebr t\u00eb kaluar dit\u00ebn. Planifikoni t\u00eb filloni vizit\u00ebn tuaj nga ora 09:00.<\/p><p>\u00c7far\u00eb sugjerojm\u00eb fillimisht p\u00ebr ju \u00ebsht\u00eb vizita e trash\u00ebgimis\u00eb kulturore t\u00eb qytetit t\u00eb Pej\u00ebs p\u00ebrmes s\u00eb cil\u00ebs do t\u00eb krijoni nj\u00eb pasqyr\u00eb t\u00eb zhvillimit historik t\u00eb Pej\u00ebs. Shtegu kulturor p\u00ebrmban 14 pik\u00eb trash\u00ebgimie t\u00eb pakapshme q\u00eb paraqesin Pej\u00ebn dhe zhvillimin e saj n\u00eb periudha t\u00eb ndryshme kohore, duke filluar nga ato ilire deri n\u00eb dit\u00ebn e sotme. N\u00eb mes t\u00eb pikave q\u00eb do t\u00eb vizitoni jan\u00eb: sht\u00ebpit\u00eb e vjetra t\u00eb qytetit, kullat (Kulla), objektet fetare si xhamia dhe kishat, hamami, mulliri i Haxhi Zek\u00ebs, etj. Nd\u00ebrsa n\u00eb muzeun e Pej\u00ebs, mund t\u00eb merrni njohuri rreth kultur\u00ebs materiale dhe traditave t\u00eb banor\u00ebve t\u00eb k\u00ebtij qyteti, t\u00eb cilat prezantohen p\u00ebrmes artefakteve, si dhe udh\u00ebzuesit profesional t\u00eb turneut q\u00eb do t'ju shpjegojn\u00eb n\u00eb k\u00ebt\u00eb muze.<\/p><p>Pas t\u00eb keni p\u00ebrfunduar k\u00ebt\u00eb rrug\u00eb, ne ju sugjerojm\u00eb t\u00eb vizitoni nj\u00eb nga dy perlave natyrore t\u00eb Pej\u00ebs, Gryk\u00ebn e Rugov\u00ebs ose shk\u00ebmbin e ujit t\u00eb Bardh\u00eb Drini. K\u00ebto jan\u00eb dy atraksione natyrore unike q\u00eb kan\u00eb vler\u00eb t\u00eb ve\u00e7ant\u00eb dhe gjithashtu jan\u00eb n\u00ebn mbrojtje ligjore p\u00ebr r\u00ebnd\u00ebsin\u00eb e tyre gjeologjike, peizazhore, hidrologjike, floristike dhe faunistike, etj.<\/p><p>Mbr\u00ebmjet n\u00eb Pej\u00eb jan\u00eb arg\u00ebtuese dhe plot relaksim, pasi do t\u00eb kaloni koh\u00ebn tuaj n\u00eb ndonj\u00eb nga restorantet q\u00eb ofrojn\u00eb nj\u00eb mjedis shum\u00eb t\u00eb qet\u00eb dhe nj\u00eb menu me ushqime tradicionale plot shije, nd\u00ebrsa mund t\u00eb vazhdoni arg\u00ebtimin tuaj n\u00eb ndonj\u00eb nga baret e qytetit p\u00ebr t\u00eb shijuar Birr\u00ebn lokale t\u00eb Pej\u00ebs.<\/p><p><strong>\u00a0<\/strong><\/p>\t\t\t\t\t\t\t\t<\/div>\n\t\t\t\t<\/div>\n\t\t\t\t<\/div>\n\t\t<div class=\"elementor-element elementor-element-db13a6b e-con-full e-flex jltma-glass-effect-no wpr-particle-no wpr-jarallax-no wpr-parallax-no wpr-sticky-section-no e-con e-child\" data-id=\"db13a6b\" data-element_type=\"container\" data-e-type=\"container\">\n\t\t\t\t<div class=\"elementor-element elementor-element-9b358e7 jltma-glass-effect-no elementor-widget elementor-widget-image\" data-id=\"9b358e7\" data-element_type=\"widget\" data-e-type=\"widget\" data-widget_type=\"image.default\">\n\t\t\t\t<div class=\"elementor-widget-container\">\n\t\t\t\t\t\t\t\t\t\t\t\t\t\t\t<img fetchpriority=\"high\" decoding=\"async\" width=\"1024\" height=\"640\" src=\"https:\/\/pejatourism.org\/wp-content\/uploads\/2023\/08\/DB-Informatori2021-4-1024x640.jpg\" class=\"attachment-large size-large wp-image-887\" alt=\"\" srcset=\"https:\/\/pejatourism.org\/wp-content\/uploads\/2023\/08\/DB-Informatori2021-4-1024x640.jpg 1024w, https:\/\/pejatourism.org\/wp-content\/uploads\/2023\/08\/DB-Informatori2021-4-300x187.jpg 300w, https:\/\/pejatourism.org\/wp-content\/uploads\/2023\/08\/DB-Informatori2021-4-768x480.jpg 768w, https:\/\/pejatourism.org\/wp-content\/uploads\/2023\/08\/DB-Informatori2021-4-1536x960.jpg 1536w, https:\/\/pejatourism.org\/wp-content\/uploads\/2023\/08\/DB-Informatori2021-4-2048x1279.jpg 2048w\" sizes=\"(max-width: 1024px) 100vw, 1024px\" \/>\t\t\t\t\t\t\t\t\t\t\t\t\t\t\t<\/div>\n\t\t\t\t<\/div>\n\t\t\t\t<\/div>\n\t\t\t\t\t<\/div>\n\t\t\t\t<\/div>\n\t\t<div class=\"elementor-element elementor-element-f72ee17 e-flex e-con-boxed jltma-glass-effect-no wpr-particle-no wpr-jarallax-no wpr-parallax-no wpr-sticky-section-no e-con e-parent\" data-id=\"f72ee17\" data-element_type=\"container\" data-e-type=\"container\">\n\t\t\t\t\t<div class=\"e-con-inner\">\n\t\t<div class=\"elementor-element elementor-element-b0092dc e-con-full e-flex jltma-glass-effect-no wpr-particle-no wpr-jarallax-no wpr-parallax-no wpr-sticky-section-no e-con e-child\" data-id=\"b0092dc\" data-element_type=\"container\" data-e-type=\"container\">\n\t\t\t\t<div class=\"elementor-element elementor-element-bb9701d jltma-glass-effect-no elementor-widget elementor-widget-heading\" data-id=\"bb9701d\" data-element_type=\"widget\" data-e-type=\"widget\" data-widget_type=\"heading.default\">\n\t\t\t\t<div class=\"elementor-widget-container\">\n\t\t\t\t\t<h2 class=\"elementor-heading-title elementor-size-default\"><a href=\"https:\/\/pejatourism.org\/sq\/48-hours-in-peja\/\">48 or\u00eb n\u00eb Pej\u00eb<\/a><\/h2>\t\t\t\t<\/div>\n\t\t\t\t<\/div>\n\t\t\t\t<div class=\"elementor-element elementor-element-0d2a695 jltma-glass-effect-no elementor-widget elementor-widget-image\" data-id=\"0d2a695\" data-element_type=\"widget\" data-e-type=\"widget\" data-widget_type=\"image.default\">\n\t\t\t\t<div class=\"elementor-widget-container\">\n\t\t\t\t\t\t\t\t\t\t\t\t\t\t\t\t<a href=\"https:\/\/pejatourism.org\/sq\/48-hours-in-peja\/\">\n\t\t\t\t\t\t\t<img decoding=\"async\" src=\"https:\/\/pejatourism.org\/wp-content\/uploads\/elementor\/thumbs\/DB-Informatori2021-1-scaled-qals18kyvctmsd4sb1q0xo4yyypuuuj6hzugj6ldts.jpg\" title=\"DB-Informatori2021 (1)\" alt=\"DB-Informatori2021 (1)\" loading=\"lazy\" \/>\t\t\t\t\t\t\t\t<\/a>\n\t\t\t\t\t\t\t\t\t\t\t\t\t\t\t<\/div>\n\t\t\t\t<\/div>\n\t\t\t\t<\/div>\n\t\t<div class=\"elementor-element elementor-element-c5ba178 e-con-full e-flex jltma-glass-effect-no wpr-particle-no wpr-jarallax-no wpr-parallax-no wpr-sticky-section-no e-con e-child\" data-id=\"c5ba178\" data-element_type=\"container\" data-e-type=\"container\">\n\t\t\t\t<div class=\"elementor-element elementor-element-3b34ebf jltma-glass-effect-no elementor-widget elementor-widget-heading\" data-id=\"3b34ebf\" data-element_type=\"widget\" data-e-type=\"widget\" data-widget_type=\"heading.default\">\n\t\t\t\t<div class=\"elementor-widget-container\">\n\t\t\t\t\t<h2 class=\"elementor-heading-title elementor-size-default\"><a href=\"https:\/\/pejatourism.org\/sq\/72-hours-in-peja\/\">72 or\u00eb n\u00eb Pej\u00eb<\/a><\/h2>\t\t\t\t<\/div>\n\t\t\t\t<\/div>\n\t\t\t\t<div class=\"elementor-element elementor-element-e214b03 jltma-glass-effect-no elementor-widget elementor-widget-image\" data-id=\"e214b03\" data-element_type=\"widget\" data-e-type=\"widget\" data-widget_type=\"image.default\">\n\t\t\t\t<div class=\"elementor-widget-container\">\n\t\t\t\t\t\t\t\t\t\t\t\t\t\t\t\t<a href=\"https:\/\/pejatourism.org\/sq\/72-hours-in-peja\/\">\n\t\t\t\t\t\t\t<img decoding=\"async\" src=\"https:\/\/pejatourism.org\/wp-content\/uploads\/elementor\/thumbs\/DB-Informatori2021-23-scaled-qals3bs223okl63k3y86h55uhsf7ymtpgc1axbhw00.jpg\" title=\"DB-Informatori2021 (23)\" alt=\"DB-Informatori2021 (23)\" loading=\"lazy\" \/>\t\t\t\t\t\t\t\t<\/a>\n\t\t\t\t\t\t\t\t\t\t\t\t\t\t\t<\/div>\n\t\t\t\t<\/div>\n\t\t\t\t<\/div>\n\t\t\t\t\t<\/div>\n\t\t\t\t<\/div>\n\t\t\t\t<\/div>","protected":false},"excerpt":{"rendered":"<p>24 hour in Peja EXPERIENCE MORE &#8211; PEJA IN 24 HOURS Even if you only have one day at your disposal, it is possible to get to know Peja through the most attractive points that offer cultural and natural heritage. In order to get to know Peja and its beauties in the short time you have available, we have planned the suggestion for you get knowledge about the city, history and culture of Peja as well as the natural attractions in the surroundings Peja. You can start your journey with a morning coffee or macchiato in any of the bars in the main town square. Peja is known for the quality of coffee, especially macchiato, so a coffee in the morning will put you in a better mood to spend the day. Plan to start your visit from 09:00. What we first suggest to you is the visit of the cultural heritage of the city of Peja through which you will create an overview of the historical development of Peja. The cultural trail contains 14 points of intangible heritage which present Peja and its development in different periods of time, starting from those of Illyrian and up to the present day. Among the points you will visit are: the old houses of the city, the tower houses (Kulla), religious objects such as the mosque and the churches, the hammam, the mill of Haxhi Zeka, etc. While in the museum of Peja, you can get knowledge about tangible culture and traditions of the inhabitants of this city, which are presented through artifacts, as well as the professional tour guides who will explain it to you in this museum. After you have completed this path, we suggest you visit one of the two natural pearls of Peja, the Rugova Gorge or the Drini i Bardh\u00eb waterfall. These are two unique natural attractions which have unique value and are also under protection by law for their geological, landscape, hydrological flora and fauna importance, etc. The evenings in Peja are fun and full of relaxation, since you will spend your time in any of the restaurants that offer a very quiet environment and a menu of traditional foods full of flavor, while you can continue your fun in any of the city&#8217;s bars to taste local Peja Beer. \u00a0 48 hours in Peja 72 hours in Peja<\/p>","protected":false},"author":1,"featured_media":0,"parent":0,"menu_order":0,"comment_status":"closed","ping_status":"closed","template":"elementor_theme","meta":{"_crdt_document":"","site-sidebar-layout":"no-sidebar","site-content-layout":"page-builder","ast-site-content-layout":"full-width-container","site-content-style":"unboxed","site-sidebar-style":"unboxed","ast-global-header-display":"","ast-banner-title-visibility":"","ast-main-header-display":"","ast-hfb-above-header-display":"","ast-hfb-below-header-display":"","ast-hfb-mobile-header-display":"","site-post-title":"disabled","ast-breadcrumbs-content":"","ast-featured-img":"disabled","footer-sml-layout":"","ast-disable-related-posts":"","theme-transparent-header-meta":"","adv-header-id-meta":"","stick-header-meta":"","header-above-stick-meta":"","header-main-stick-meta":"","header-below-stick-meta":"","astra-migrate-meta-layouts":"set","ast-page-background-enabled":"default","ast-page-background-meta":{"desktop":{"background-color":"var(--ast-global-color-4)","background-image":"","background-repeat":"repeat","background-position":"center center","background-size":"auto","background-attachment":"scroll","background-type":"","background-media":"","overlay-type":"","overlay-color":"","overlay-opacity":"","overlay-gradient":""},"tablet":{"background-color":"","background-image":"","background-repeat":"repeat","background-position":"center center","background-size":"auto","background-attachment":"scroll","background-type":"","background-media":"","overlay-type":"","overlay-color":"","overlay-opacity":"","overlay-gradient":""},"mobile":{"background-color":"","background-image":"","background-repeat":"repeat","background-position":"center center","background-size":"auto","background-attachment":"scroll","background-type":"","background-media":"","overlay-type":"","overlay-color":"","overlay-opacity":"","overlay-gradient":""}},"ast-content-background-meta":{"desktop":{"background-color":"var(--ast-global-color-5)","background-image":"","background-repeat":"repeat","background-position":"center center","background-size":"auto","background-attachment":"scroll","background-type":"","background-media":"","overlay-type":"","overlay-color":"","overlay-opacity":"","overlay-gradient":""},"tablet":{"background-color":"var(--ast-global-color-5)","background-image":"","background-repeat":"repeat","background-position":"center center","background-size":"auto","background-attachment":"scroll","background-type":"","background-media":"","overlay-type":"","overlay-color":"","overlay-opacity":"","overlay-gradient":""},"mobile":{"background-color":"var(--ast-global-color-5)","background-image":"","background-repeat":"repeat","background-position":"center center","background-size":"auto","background-attachment":"scroll","background-type":"","background-media":"","overlay-type":"","overlay-color":"","overlay-opacity":"","overlay-gradient":""}},"footnotes":""},"class_list":["post-785","page","type-page","status-publish","hentry"],"aioseo_notices":[],"_links":{"self":[{"href":"https:\/\/pejatourism.org\/sq\/wp-json\/wp\/v2\/pages\/785","targetHints":{"allow":["GET"]}}],"collection":[{"href":"https:\/\/pejatourism.org\/sq\/wp-json\/wp\/v2\/pages"}],"about":[{"href":"https:\/\/pejatourism.org\/sq\/wp-json\/wp\/v2\/types\/page"}],"author":[{"embeddable":true,"href":"https:\/\/pejatourism.org\/sq\/wp-json\/wp\/v2\/users\/1"}],"replies":[{"embeddable":true,"href":"https:\/\/pejatourism.org\/sq\/wp-json\/wp\/v2\/comments?post=785"}],"version-history":[{"count":62,"href":"https:\/\/pejatourism.org\/sq\/wp-json\/wp\/v2\/pages\/785\/revisions"}],"predecessor-version":[{"id":2645,"href":"https:\/\/pejatourism.org\/sq\/wp-json\/wp\/v2\/pages\/785\/revisions\/2645"}],"wp:attachment":[{"href":"https:\/\/pejatourism.org\/sq\/wp-json\/wp\/v2\/media?parent=785"}],"curies":[{"name":"wp","href":"https:\/\/api.w.org\/{rel}","templated":true}]}}