{"id":2806,"date":"2024-08-12T07:35:35","date_gmt":"2024-08-12T07:35:35","guid":{"rendered":"https:\/\/pejatourism.org\/?page_id=2806"},"modified":"2024-08-19T19:36:56","modified_gmt":"2024-08-19T19:36:56","slug":"cross-border","status":"publish","type":"page","link":"https:\/\/pejatourism.org\/sq\/cross-border\/","title":{"rendered":"Kalim Kufitar"},"content":{"rendered":"<div data-elementor-type=\"wp-page\" data-elementor-id=\"2806\" class=\"elementor elementor-2806\" data-elementor-post-type=\"page\">\n\t\t\t\t<div class=\"elementor-element elementor-element-1bea526 e-flex e-con-boxed jltma-glass-effect-no wpr-particle-no wpr-jarallax-no wpr-parallax-no wpr-sticky-section-no e-con e-parent\" data-id=\"1bea526\" data-element_type=\"container\" data-e-type=\"container\" data-settings=\"{&quot;background_background&quot;:&quot;classic&quot;}\">\n\t\t\t\t\t<div class=\"e-con-inner\">\n\t\t\t\t\t<\/div>\n\t\t\t\t<\/div>\n\t\t<div class=\"elementor-element elementor-element-9f99947 e-flex e-con-boxed jltma-glass-effect-no wpr-particle-no wpr-jarallax-no wpr-parallax-no wpr-sticky-section-no e-con e-parent\" data-id=\"9f99947\" data-element_type=\"container\" data-e-type=\"container\">\n\t\t\t\t\t<div class=\"e-con-inner\">\n\t\t\t\t<div class=\"elementor-element elementor-element-c239b1c jltma-glass-effect-no elementor-widget elementor-widget-heading\" data-id=\"c239b1c\" data-element_type=\"widget\" data-e-type=\"widget\" data-widget_type=\"heading.default\">\n\t\t\t\t<div class=\"elementor-widget-container\">\n\t\t\t\t\t<h2 class=\"elementor-heading-title elementor-size-default\"> Cross-border procedures<\/h2>\t\t\t\t<\/div>\n\t\t\t\t<\/div>\n\t\t\t\t\t<\/div>\n\t\t\t\t<\/div>\n\t\t<div class=\"elementor-element elementor-element-9e81dd8 e-flex e-con-boxed jltma-glass-effect-no wpr-particle-no wpr-jarallax-no wpr-parallax-no wpr-sticky-section-no e-con e-parent\" data-id=\"9e81dd8\" data-element_type=\"container\" data-e-type=\"container\">\n\t\t\t\t\t<div class=\"e-con-inner\">\n\t\t\t\t<div class=\"elementor-element elementor-element-03d400c jltma-glass-effect-no elementor-widget elementor-widget-text-editor\" data-id=\"03d400c\" data-element_type=\"widget\" data-e-type=\"widget\" data-widget_type=\"text-editor.default\">\n\t\t\t\t<div class=\"elementor-widget-container\">\n\t\t\t\t\t\t\t\t\t<div class=\"container-fluid title-block pb-0 pt-0\"><div class=\"row\"><div class=\"col-xl-7 col-lg-6 animate__animated animate__fadeIn\"><p>Before you come, find out about the conditions for entering Montenegro, and other useful travel suggestions.<\/p><\/div><\/div><\/div><div class=\"pageBanner page mb-lg-80 mb-md-50 mb-30 d-flex align-items-center\"><div class=\"banner-wrap\"><span style=\"font-size: 16px;\">\u2013 If you enter Kosovo from Montenegro or vice versa, you will have to inform Kosovo border police<\/span><\/div><\/div><p>\u2013 You have to inform the police about the planned crossing at least 10 days in advance on the following email: ragip.bunjaku@kosovopolice.com, and CC to samedin.mehmeti@kosovopolice.com and nexhmi.krasniqi@kosovopolice.com. You will receive an application form, which has to be filled out with the information about the members and the guide of the mountaineering group.<br \/>\u2013 Completed application form, signed and sealed, together with a scanned copy of the first page of the mountaineers\u2019 and guide\u2019 passport should be sent back to Kosovo police.<br \/>It is not necessary to pay any fee for border crossing to Kosovo police<\/p>\t\t\t\t\t\t\t\t<\/div>\n\t\t\t\t<\/div>\n\t\t\t\t\t<\/div>\n\t\t\t\t<\/div>\n\t\t<div class=\"elementor-element elementor-element-8637d33 e-flex e-con-boxed jltma-glass-effect-no wpr-particle-no wpr-jarallax-no wpr-parallax-no wpr-sticky-section-no e-con e-parent\" data-id=\"8637d33\" data-element_type=\"container\" data-e-type=\"container\">\n\t\t\t\t\t<div class=\"e-con-inner\">\n\t\t<div class=\"elementor-element elementor-element-1ad73f7 e-con-full e-flex jltma-glass-effect-no wpr-particle-no wpr-jarallax-no wpr-parallax-no wpr-sticky-section-no e-con e-child\" data-id=\"1ad73f7\" data-element_type=\"container\" data-e-type=\"container\">\n\t\t\t\t<div class=\"elementor-element elementor-element-dc38be7 jltma-glass-effect-no elementor-widget elementor-widget-eael-adv-accordion\" data-id=\"dc38be7\" data-element_type=\"widget\" data-e-type=\"widget\" data-widget_type=\"eael-adv-accordion.default\">\n\t\t\t\t<div class=\"elementor-widget-container\">\n\t\t\t\t\t            <div class=\"eael-adv-accordion\" id=\"eael-adv-accordion-dc38be7\" data-scroll-on-click=\"no\" data-scroll-speed=\"300\" data-accordion-id=\"dc38be7\" data-accordion-type=\"toggle\" data-toogle-speed=\"300\">\n            <div class=\"eael-accordion-list\">\n\t\t\t\t\t<div id=\"do-you-need-a-visa-to-enter-on-kosovo\" class=\"elementor-tab-title eael-accordion-header\" tabindex=\"0\" data-tab=\"1\" aria-controls=\"elementor-tab-content-2301\"><span class=\"eael-advanced-accordion-icon-closed\"><svg aria-hidden=\"true\" class=\"fa-accordion-icon e-font-icon-svg e-fas-plus\" viewbox=\"0 0 448 512\" xmlns=\"http:\/\/www.w3.org\/2000\/svg\"><path d=\"M416 208H272V64c0-17.67-14.33-32-32-32h-32c-17.67 0-32 14.33-32 32v144H32c-17.67 0-32 14.33-32 32v32c0 17.67 14.33 32 32 32h144v144c0 17.67 14.33 32 32 32h32c17.67 0 32-14.33 32-32V304h144c17.67 0 32-14.33 32-32v-32c0-17.67-14.33-32-32-32z\"><\/path><\/svg><\/span><span class=\"eael-advanced-accordion-icon-opened\"><svg aria-hidden=\"true\" class=\"fa-accordion-icon e-font-icon-svg e-fas-minus\" viewbox=\"0 0 448 512\" xmlns=\"http:\/\/www.w3.org\/2000\/svg\"><path d=\"M416 208H32c-17.67 0-32 14.33-32 32v32c0 17.67 14.33 32 32 32h384c17.67 0 32-14.33 32-32v-32c0-17.67-14.33-32-32-32z\"><\/path><\/svg><\/span><span class=\"eael-accordion-tab-title\">Do you need a visa to enter on Kosovo?<\/span><svg aria-hidden=\"true\" class=\"fa-toggle e-font-icon-svg e-fas-angle-right\" viewbox=\"0 0 256 512\" xmlns=\"http:\/\/www.w3.org\/2000\/svg\"><path d=\"M224.3 273l-136 136c-9.4 9.4-24.6 9.4-33.9 0l-22.6-22.6c-9.4-9.4-9.4-24.6 0-33.9l96.4-96.4-96.4-96.4c-9.4-9.4-9.4-24.6 0-33.9L54.3 103c9.4-9.4 24.6-9.4 33.9 0l136 136c9.5 9.4 9.5 24.6.1 34z\"><\/path><\/svg><\/div><div id=\"elementor-tab-content-2301\" class=\"eael-accordion-content clearfix\" data-tab=\"1\" aria-labelledby=\"do-you-need-a-visa-to-enter-on-kosovo\"><p>When it comes to visas, the same conditions do not apply to everyone. See basic information on visa requirements by\u00a0<a href=\"https:\/\/ambasadat.net\/visas\/\" target=\"_blank\" rel=\"noopener\">country.<\/a><\/p><\/div>\n\t\t\t\t\t<\/div><div class=\"eael-accordion-list\">\n\t\t\t\t\t<div id=\"border-crossings\" class=\"elementor-tab-title eael-accordion-header\" tabindex=\"0\" data-tab=\"2\" aria-controls=\"elementor-tab-content-2302\"><span class=\"eael-advanced-accordion-icon-closed\"><svg aria-hidden=\"true\" class=\"fa-accordion-icon e-font-icon-svg e-fas-plus\" viewbox=\"0 0 448 512\" xmlns=\"http:\/\/www.w3.org\/2000\/svg\"><path d=\"M416 208H272V64c0-17.67-14.33-32-32-32h-32c-17.67 0-32 14.33-32 32v144H32c-17.67 0-32 14.33-32 32v32c0 17.67 14.33 32 32 32h144v144c0 17.67 14.33 32 32 32h32c17.67 0 32-14.33 32-32V304h144c17.67 0 32-14.33 32-32v-32c0-17.67-14.33-32-32-32z\"><\/path><\/svg><\/span><span class=\"eael-advanced-accordion-icon-opened\"><svg aria-hidden=\"true\" class=\"fa-accordion-icon e-font-icon-svg e-fas-minus\" viewbox=\"0 0 448 512\" xmlns=\"http:\/\/www.w3.org\/2000\/svg\"><path d=\"M416 208H32c-17.67 0-32 14.33-32 32v32c0 17.67 14.33 32 32 32h384c17.67 0 32-14.33 32-32v-32c0-17.67-14.33-32-32-32z\"><\/path><\/svg><\/span><span class=\"eael-accordion-tab-title\">Border crossings<\/span><svg aria-hidden=\"true\" class=\"fa-toggle e-font-icon-svg e-fas-angle-right\" viewbox=\"0 0 256 512\" xmlns=\"http:\/\/www.w3.org\/2000\/svg\"><path d=\"M224.3 273l-136 136c-9.4 9.4-24.6 9.4-33.9 0l-22.6-22.6c-9.4-9.4-9.4-24.6 0-33.9l96.4-96.4-96.4-96.4c-9.4-9.4-9.4-24.6 0-33.9L54.3 103c9.4-9.4 24.6-9.4 33.9 0l136 136c9.5 9.4 9.5 24.6.1 34z\"><\/path><\/svg><\/div><div id=\"elementor-tab-content-2302\" class=\"eael-accordion-content clearfix\" data-tab=\"2\" aria-labelledby=\"border-crossings\"><p>Depending on which way you come to Montenegro, you will find yourself at one of the following border crossings:<\/p><p><strong>Air traffic: <\/strong><small>Prishtina International Airports (<strong><a href=\"https:\/\/www.limakkosovo.aero\">https:\/\/www.limakkosovo.aero<\/a><\/strong>)<\/small><\/p><p><strong>Autobusi i sh\u00ebrbimit t\u00eb Aeroportit<\/strong> \u2013 Prishtina \u2013 It is a special line that runs every 2 hours starting from 08:00 to 24:00 and vice versa. It is a good opportunity for you to use this public line to reach the central station of Pristina or even other sub-stations as shown in the link and spent some times in capital city of Kosovo. (<a href=\"https:\/\/trafikurban-pr.com\/2022\/linja-e-aeroportit\/\" target=\"_blank\" rel=\"noopener\">https:\/\/trafikurban-pr.com\/2022\/linja-e-aeroportit\/<\/a> )<\/p><p><strong>Traveling by train:<\/strong> National line from Prishtina \u2013 Peja which takes place twice a day and the journey lasts 2 hours\u00a0<a href=\"https:\/\/www.trainkos.com\/wp-content\/uploads\/2021\/01\/OLT-Shkup-2021_.pdf\">https:\/\/www.trainkos.com\/wp-content\/uploads\/2021\/01\/OLT-Shkup-2021_.pdf<\/a><\/p><ul><li>International line Prishtina \u2013 Skopje (North Macedonia) from where you can then travel to other countries of the world\u00a0\u00a0<a href=\"https:\/\/www.trainkos.com\/wp-content\/uploads\/2021\/01\/OLT-Shkup-2021.pdf\">https:\/\/www.trainkos.com\/wp-content\/uploads\/2021\/01\/OLT-Shkup-2021.pdf<\/a><\/li><li>Nga stacioni hekurudhor i Pej\u00ebs p\u00ebr t\u00eb arritur n\u00eb qend\u00ebr t\u00eb qytetit mund t\u00eb merrni nj\u00eb taksi apo edhe t\u00eb ecni, pasi jeni vet\u00ebm 15 minuta larg qendr\u00ebs. P\u00ebr m\u00eb shum\u00eb informacion, shkarkoni hart\u00ebn e qytetit n\u00eb\u00a0<a href=\"https:\/\/pejatourism.org\/sq\/how-to-get-to-peja\/\">pejatourism.org<\/a><\/li><li>Traveling by Bus:\u00a0It is one of the modes of transport that offers fast and easy circulation and is mostly used by the residents of Kosovo. The connection of Peja destination with other cities within Kosovo has a very good operation. For more information, you can find the link\u00a0<a href=\"https:\/\/www.sap-rks.com\/sq\/stacioni-i-autobuseve-prishtine\/\">sap-rks.com<\/a><\/li><\/ul><\/div>\n\t\t\t\t\t<\/div><\/div>\t\t\t\t<\/div>\n\t\t\t\t<\/div>\n\t\t\t\t<\/div>\n\t\t<div class=\"elementor-element elementor-element-b17daaa e-con-full e-flex jltma-glass-effect-no wpr-particle-no wpr-jarallax-no wpr-parallax-no wpr-sticky-section-no e-con e-child\" data-id=\"b17daaa\" data-element_type=\"container\" data-e-type=\"container\">\n\t\t\t\t<div class=\"elementor-element elementor-element-52467c0 jltma-glass-effect-no elementor-widget elementor-widget-heading\" data-id=\"52467c0\" data-element_type=\"widget\" data-e-type=\"widget\" data-widget_type=\"heading.default\">\n\t\t\t\t<div class=\"elementor-widget-container\">\n\t\t\t\t\t<h2 class=\"elementor-heading-title elementor-size-default\">APPLYING FOR PERMISSION TO CROSS INTERNATIONAL BORDERS\n\n<\/h2>\t\t\t\t<\/div>\n\t\t\t\t<\/div>\n\t\t\t\t<div class=\"elementor-element elementor-element-f6f12c9 jltma-glass-effect-no elementor-widget elementor-widget-button\" data-id=\"f6f12c9\" data-element_type=\"widget\" data-e-type=\"widget\" data-widget_type=\"button.default\">\n\t\t\t\t<div class=\"elementor-widget-container\">\n\t\t\t\t\t\t\t\t\t<div class=\"elementor-button-wrapper\">\n\t\t\t\t\t<a class=\"elementor-button elementor-button-link elementor-size-sm\" href=\"#\">\n\t\t\t\t\t\t<span class=\"elementor-button-content-wrapper\">\n\t\t\t\t\t\t<span class=\"elementor-button-icon\">\n\t\t\t\t<i aria-hidden=\"true\" class=\"elementor-icons eicon-document-file\"><\/i>\t\t\t<\/span>\n\t\t\t\t\t\t\t\t\t<span class=\"elementor-button-text\">DOWNLOAD <\/span>\n\t\t\t\t\t<\/span>\n\t\t\t\t\t<\/a>\n\t\t\t\t<\/div>\n\t\t\t\t\t\t\t\t<\/div>\n\t\t\t\t<\/div>\n\t\t\t\t<\/div>\n\t\t\t\t\t<\/div>\n\t\t\t\t<\/div>\n\t\t\t\t<\/div>","protected":false},"excerpt":{"rendered":"<p>Cross-border procedures Before you come, find out about the conditions for entering Montenegro, and other useful travel suggestions. \u2013 If you enter Kosovo from Montenegro or vice versa, you will have to inform Kosovo border police \u2013 You have to inform the police about the planned crossing at least 10 days in advance on the following email: ragip.bunjaku@kosovopolice.com, and CC to samedin.mehmeti@kosovopolice.com and nexhmi.krasniqi@kosovopolice.com. You will receive an application form, which has to be filled out with the information about the members and the guide of the mountaineering group.\u2013 Completed application form, signed and sealed, together with a scanned copy of the first page of the mountaineers\u2019 and guide\u2019 passport should be sent back to Kosovo police.It is not necessary to pay any fee for border crossing to Kosovo police Do you need a visa to enter on Kosovo? When it comes to visas, the same conditions do not apply to everyone. See basic information on visa requirements by\u00a0country. Border crossings Depending on which way you come to Montenegro, you will find yourself at one of the following border crossings: Air traffic: Prishtina International Airports (https:\/\/www.limakkosovo.aero) Shuttlebus Airport \u2013 Prishtina \u2013 It is a special line that runs every 2 hours starting from 08:00 to 24:00 and vice versa. It is a good opportunity for you to use this public line to reach the central station of Pristina or even other sub-stations as shown in the link and spent some times in capital city of Kosovo. (https:\/\/trafikurban-pr.com\/2022\/linja-e-aeroportit\/ ) Traveling by train: National line from Prishtina \u2013 Peja which takes place twice a day and the journey lasts 2 hours\u00a0https:\/\/www.trainkos.com\/wp-content\/uploads\/2021\/01\/OLT-Shkup-2021_.pdf International line Prishtina \u2013 Skopje (North Macedonia) from where you can then travel to other countries of the world\u00a0\u00a0https:\/\/www.trainkos.com\/wp-content\/uploads\/2021\/01\/OLT-Shkup-2021.pdf From Peja railway station to reach the city centre you can take a taxi or even walk, since you are only 15 minutes away from the centre. For more information, download the city map at\u00a0pejatourism.org Traveling by Bus:\u00a0It is one of the modes of transport that offers fast and easy circulation and is mostly used by the residents of Kosovo. The connection of Peja destination with other cities within Kosovo has a very good operation. For more information, you can find the link\u00a0sap-rks.com APPLYING FOR PERMISSION TO CROSS INTERNATIONAL BORDERS DOWNLOAD<\/p>","protected":false},"author":1,"featured_media":0,"parent":0,"menu_order":0,"comment_status":"closed","ping_status":"closed","template":"elementor_header_footer","meta":{"_crdt_document":"","site-sidebar-layout":"no-sidebar","site-content-layout":"page-builder","ast-site-content-layout":"full-width-container","site-content-style":"default","site-sidebar-style":"default","ast-global-header-display":"","ast-banner-title-visibility":"","ast-main-header-display":"","ast-hfb-above-header-display":"","ast-hfb-below-header-display":"","ast-hfb-mobile-header-display":"","site-post-title":"disabled","ast-breadcrumbs-content":"","ast-featured-img":"disabled","footer-sml-layout":"","ast-disable-related-posts":"","theme-transparent-header-meta":"","adv-header-id-meta":"","stick-header-meta":"","header-above-stick-meta":"","header-main-stick-meta":"","header-below-stick-meta":"","astra-migrate-meta-layouts":"set","ast-page-background-enabled":"default","ast-page-background-meta":{"desktop":{"background-color":"var(--ast-global-color-4)","background-image":"","background-repeat":"repeat","background-position":"center center","background-size":"auto","background-attachment":"scroll","background-type":"","background-media":"","overlay-type":"","overlay-color":"","overlay-opacity":"","overlay-gradient":""},"tablet":{"background-color":"","background-image":"","background-repeat":"repeat","background-position":"center center","background-size":"auto","background-attachment":"scroll","background-type":"","background-media":"","overlay-type":"","overlay-color":"","overlay-opacity":"","overlay-gradient":""},"mobile":{"background-color":"","background-image":"","background-repeat":"repeat","background-position":"center center","background-size":"auto","background-attachment":"scroll","background-type":"","background-media":"","overlay-type":"","overlay-color":"","overlay-opacity":"","overlay-gradient":""}},"ast-content-background-meta":{"desktop":{"background-color":"var(--ast-global-color-5)","background-image":"","background-repeat":"repeat","background-position":"center center","background-size":"auto","background-attachment":"scroll","background-type":"","background-media":"","overlay-type":"","overlay-color":"","overlay-opacity":"","overlay-gradient":""},"tablet":{"background-color":"var(--ast-global-color-5)","background-image":"","background-repeat":"repeat","background-position":"center center","background-size":"auto","background-attachment":"scroll","background-type":"","background-media":"","overlay-type":"","overlay-color":"","overlay-opacity":"","overlay-gradient":""},"mobile":{"background-color":"var(--ast-global-color-5)","background-image":"","background-repeat":"repeat","background-position":"center center","background-size":"auto","background-attachment":"scroll","background-type":"","background-media":"","overlay-type":"","overlay-color":"","overlay-opacity":"","overlay-gradient":""}},"footnotes":""},"class_list":["post-2806","page","type-page","status-publish","hentry"],"aioseo_notices":[],"_links":{"self":[{"href":"https:\/\/pejatourism.org\/sq\/wp-json\/wp\/v2\/pages\/2806","targetHints":{"allow":["GET"]}}],"collection":[{"href":"https:\/\/pejatourism.org\/sq\/wp-json\/wp\/v2\/pages"}],"about":[{"href":"https:\/\/pejatourism.org\/sq\/wp-json\/wp\/v2\/types\/page"}],"author":[{"embeddable":true,"href":"https:\/\/pejatourism.org\/sq\/wp-json\/wp\/v2\/users\/1"}],"replies":[{"embeddable":true,"href":"https:\/\/pejatourism.org\/sq\/wp-json\/wp\/v2\/comments?post=2806"}],"version-history":[{"count":10,"href":"https:\/\/pejatourism.org\/sq\/wp-json\/wp\/v2\/pages\/2806\/revisions"}],"predecessor-version":[{"id":3614,"href":"https:\/\/pejatourism.org\/sq\/wp-json\/wp\/v2\/pages\/2806\/revisions\/3614"}],"wp:attachment":[{"href":"https:\/\/pejatourism.org\/sq\/wp-json\/wp\/v2\/media?parent=2806"}],"curies":[{"name":"wp","href":"https:\/\/api.w.org\/{rel}","templated":true}]}}