{"id":2800,"date":"2024-08-12T07:32:02","date_gmt":"2024-08-12T07:32:02","guid":{"rendered":"https:\/\/pejatourism.org\/?page_id=2800"},"modified":"2024-08-18T17:43:00","modified_gmt":"2024-08-18T17:43:00","slug":"hiking-trails","status":"publish","type":"page","link":"https:\/\/pejatourism.org\/sq\/hiking-trails\/","title":{"rendered":"Shtegu i Ecjes"},"content":{"rendered":"\t\t<div data-elementor-type=\"wp-page\" data-elementor-id=\"2800\" class=\"elementor elementor-2800\" data-elementor-post-type=\"page\">\n\t\t\t\t<div class=\"elementor-element elementor-element-32ae64a e-flex e-con-boxed jltma-glass-effect-no wpr-particle-no wpr-jarallax-no wpr-parallax-no wpr-sticky-section-no e-con e-parent\" data-id=\"32ae64a\" data-element_type=\"container\" data-e-type=\"container\" data-settings=\"{&quot;background_background&quot;:&quot;slideshow&quot;,&quot;background_slideshow_gallery&quot;:[{&quot;id&quot;:1914,&quot;url&quot;:&quot;https:\\\/\\\/pejatourism.org\\\/wp-content\\\/uploads\\\/2023\\\/08\\\/DB-Informatori2021-5-2048x779-1.jpg&quot;},{&quot;id&quot;:1906,&quot;url&quot;:&quot;https:\\\/\\\/pejatourism.org\\\/wp-content\\\/uploads\\\/2023\\\/08\\\/Vjellaki.jpg&quot;},{&quot;id&quot;:1901,&quot;url&quot;:&quot;https:\\\/\\\/pejatourism.org\\\/wp-content\\\/uploads\\\/2023\\\/08\\\/Hajla-1.jpg&quot;},{&quot;id&quot;:1896,&quot;url&quot;:&quot;https:\\\/\\\/pejatourism.org\\\/wp-content\\\/uploads\\\/2023\\\/08\\\/Cferle-1-2-scaled.jpg&quot;},{&quot;id&quot;:1863,&quot;url&quot;:&quot;https:\\\/\\\/pejatourism.org\\\/wp-content\\\/uploads\\\/2023\\\/08\\\/Guri-Kuq-scaled-1.jpg&quot;}],&quot;background_slideshow_ken_burns&quot;:&quot;yes&quot;,&quot;background_slideshow_loop&quot;:&quot;yes&quot;,&quot;background_slideshow_slide_duration&quot;:5000,&quot;background_slideshow_slide_transition&quot;:&quot;fade&quot;,&quot;background_slideshow_transition_duration&quot;:500,&quot;background_slideshow_ken_burns_zoom_direction&quot;:&quot;in&quot;}\">\n\t\t\t\t\t<div class=\"e-con-inner\">\n\t\t\t\t\t<\/div>\n\t\t\t\t<\/div>\n\t\t<div class=\"elementor-element elementor-element-761ea0e e-flex e-con-boxed jltma-glass-effect-no wpr-particle-no wpr-jarallax-no wpr-parallax-no wpr-sticky-section-no e-con e-parent\" data-id=\"761ea0e\" data-element_type=\"container\" data-e-type=\"container\" data-settings=\"{&quot;background_background&quot;:&quot;classic&quot;}\">\n\t\t\t\t\t<div class=\"e-con-inner\">\n\t\t\t\t<div class=\"elementor-element elementor-element-8ecadce jltma-glass-effect-no elementor-widget elementor-widget-heading\" data-id=\"8ecadce\" data-element_type=\"widget\" data-e-type=\"widget\" data-widget_type=\"heading.default\">\n\t\t\t\t<div class=\"elementor-widget-container\">\n\t\t\t\t\t<h2 class=\"elementor-heading-title elementor-size-default\">Hiking Trail<\/h2>\t\t\t\t<\/div>\n\t\t\t\t<\/div>\n\t\t\t\t\t<\/div>\n\t\t\t\t<\/div>\n\t\t<div class=\"elementor-element elementor-element-621683a e-con-full e-flex jltma-glass-effect-no wpr-particle-no wpr-jarallax-no wpr-parallax-no wpr-sticky-section-no e-con e-parent\" data-id=\"621683a\" data-element_type=\"container\" data-e-type=\"container\">\n\t\t\t\t<div class=\"elementor-element elementor-element-b8c54dc elementor-widget__width-initial elementor-position-top jltma-glass-effect-no elementor-widget elementor-widget-image-box\" data-id=\"b8c54dc\" data-element_type=\"widget\" data-e-type=\"widget\" data-widget_type=\"image-box.default\">\n\t\t\t\t<div class=\"elementor-widget-container\">\n\t\t\t\t\t<div class=\"elementor-image-box-wrapper\"><figure class=\"elementor-image-box-img\"><a href=\"https:\/\/pejatourism.org\/guri-i-kuq\/\" tabindex=\"-1\"><img decoding=\"async\" src=\"https:\/\/pejatourism.org\/wp-content\/uploads\/elementor\/thumbs\/Guri-Kuq-scaled-1-qaq7kskbczdthcud8qo86iknckutoqyccgwynqpacg.jpg\" title=\"Guri-Kuq-scaled\" alt=\"Guri-Kuq-scaled\" loading=\"lazy\" \/><\/a><\/figure><div class=\"elementor-image-box-content\"><h3 class=\"elementor-image-box-title\"><a href=\"https:\/\/pejatourism.org\/guri-i-kuq\/\">Guri i Kuq - 2522m<\/a><\/h3><p class=\"elementor-image-box-description\">GURI KUQ is the highest peak in the municipality of Peja, which reaches a height of 2522m and is also the most attractive peak in Peja. It is located in the central part of Bjeshke i Nemuna or the north-south the mountains of Rugova.<\/p><\/div><\/div>\t\t\t\t<\/div>\n\t\t\t\t<\/div>\n\t\t\t\t<div class=\"elementor-element elementor-element-eed192f elementor-widget__width-initial elementor-position-top jltma-glass-effect-no elementor-widget elementor-widget-image-box\" data-id=\"eed192f\" data-element_type=\"widget\" data-e-type=\"widget\" data-widget_type=\"image-box.default\">\n\t\t\t\t<div class=\"elementor-widget-container\">\n\t\t\t\t\t<div class=\"elementor-image-box-wrapper\"><figure class=\"elementor-image-box-img\"><a href=\"https:\/\/pejatourism.org\/cferla\/\" tabindex=\"-1\"><img decoding=\"async\" src=\"https:\/\/pejatourism.org\/wp-content\/uploads\/elementor\/thumbs\/Cferle-1-2-scaled-qaq86p6wmzde270ubpk7shkdquvs2sx50w9caw7zc0.jpg\" title=\"Cferle-1\" alt=\"Cferle-1\" loading=\"lazy\" \/><\/a><\/figure><div class=\"elementor-image-box-content\"><h3 class=\"elementor-image-box-title\"><a href=\"https:\/\/pejatourism.org\/cferla\/\">\u00c7f\u00ebrla - 2461m<\/a><\/h3><p class=\"elementor-image-box-description\">\u00c7F\u00cbRLA ranks among the most spectacular and attractive mountain peaks of Peja. This peak reaches the Mediterranean height of 2461m and is the second highest peak in the Peja municipality. It is located on the southwestern side of Peja and, together with other mounts, creates the crown and the stunning landscape of Peja<\/p><\/div><\/div>\t\t\t\t<\/div>\n\t\t\t\t<\/div>\n\t\t\t\t<div class=\"elementor-element elementor-element-5dc92cf elementor-position-top jltma-glass-effect-no elementor-widget elementor-widget-image-box\" data-id=\"5dc92cf\" data-element_type=\"widget\" data-e-type=\"widget\" data-widget_type=\"image-box.default\">\n\t\t\t\t<div class=\"elementor-widget-container\">\n\t\t\t\t\t<div class=\"elementor-image-box-wrapper\"><figure class=\"elementor-image-box-img\"><a href=\"https:\/\/pejatourism.org\/hajla\/\" tabindex=\"-1\"><img decoding=\"async\" src=\"https:\/\/pejatourism.org\/wp-content\/uploads\/elementor\/thumbs\/Hajla-1-qaq8e7wfb9nyxw3meykrql94ttthnmru2456il2lk0.jpg\" title=\"Hajla-1\" alt=\"Hajla-1\" loading=\"lazy\" \/><\/a><\/figure><div class=\"elementor-image-box-content\"><h3 class=\"elementor-image-box-title\"><a href=\"https:\/\/pejatourism.org\/hajla\/\">Hajla- 2403m<\/a><\/h3><p class=\"elementor-image-box-description\">HAJLA: Located in the north-west of Peja or in the north of the mountain area of Rugova, the peak of Hajla, which reaches a height of 2403m, is one of the most fascinating and attractive peaks to climb in all seasons of the year.<\/p><\/div><\/div>\t\t\t\t<\/div>\n\t\t\t\t<\/div>\n\t\t\t\t<\/div>\n\t\t<div class=\"elementor-element elementor-element-885bb1f e-con-full e-flex jltma-glass-effect-no wpr-particle-no wpr-jarallax-no wpr-parallax-no wpr-sticky-section-no e-con e-parent\" data-id=\"885bb1f\" data-element_type=\"container\" data-e-type=\"container\">\n\t\t\t\t<div class=\"elementor-element elementor-element-1dbb646 elementor-widget__width-initial elementor-position-top jltma-glass-effect-no elementor-widget elementor-widget-image-box\" data-id=\"1dbb646\" data-element_type=\"widget\" data-e-type=\"widget\" data-widget_type=\"image-box.default\">\n\t\t\t\t<div class=\"elementor-widget-container\">\n\t\t\t\t\t<div class=\"elementor-image-box-wrapper\"><figure class=\"elementor-image-box-img\"><a href=\"https:\/\/pejatourism.org\/maja-e-vjellakut\/\" tabindex=\"-1\"><img decoding=\"async\" src=\"https:\/\/pejatourism.org\/wp-content\/uploads\/elementor\/thumbs\/Vjellaki-qaq8t9bgnu94pa96lglvmsmmzrowtah84jwuxyru00.jpg\" title=\"Vjellaki\" alt=\"Vjellaki\" loading=\"lazy\" \/><\/a><\/figure><div class=\"elementor-image-box-content\"><h3 class=\"elementor-image-box-title\"><a href=\"https:\/\/pejatourism.org\/maja-e-vjellakut\/\">Maja e Vjellakut- 2014m<\/a><\/h3><p class=\"elementor-image-box-description\">MAJA E VJELLAKU, or trail number 7166, is part of the mountain ranges that form the crown of the city of Peja and are one of the most attractive peaks for hiking. At the same time, to reach this trail, one must follow the panorama road that crosses the winding road in the hills to Maje e Zeze.<\/p><\/div><\/div>\t\t\t\t<\/div>\n\t\t\t\t<\/div>\n\t\t\t\t<div class=\"elementor-element elementor-element-59691f9 elementor-widget__width-initial elementor-position-top jltma-glass-effect-no elementor-widget elementor-widget-image-box\" data-id=\"59691f9\" data-element_type=\"widget\" data-e-type=\"widget\" data-widget_type=\"image-box.default\">\n\t\t\t\t<div class=\"elementor-widget-container\">\n\t\t\t\t\t<div class=\"elementor-image-box-wrapper\"><figure class=\"elementor-image-box-img\"><a href=\"https:\/\/pejatourism.org\/hasans-peak\/\" tabindex=\"-1\"><img decoding=\"async\" src=\"https:\/\/pejatourism.org\/wp-content\/uploads\/elementor\/thumbs\/DB-Informatori2021-5-2048x779-1-qaq91m3tetovwi49t2mhsoq532id8fnbxwo8iiduow.jpg\" title=\"DB-Informatori2021-5-2048&#215;779\" alt=\"DB-Informatori2021-5-2048x779\" loading=\"lazy\" \/><\/a><\/figure><div class=\"elementor-image-box-content\"><h3 class=\"elementor-image-box-title\"><a href=\"https:\/\/pejatourism.org\/hasans-peak\/\">Hasan's Peak - 1900m<\/a><\/h3><p class=\"elementor-image-box-description\">Maja e Hasani is also a beautiful peak located in the northern part of the city of Peja. The part of the rocky face seen from the town of Peja made this peak even more attractive and stimulated the curiosity of many mountaineers and visitors to climb it. This peak reaches a height of 1900m while its ascent can be done from two sides.<\/p><\/div><\/div>\t\t\t\t<\/div>\n\t\t\t\t<\/div>\n\t\t\t\t<div class=\"elementor-element elementor-element-70506e6 elementor-position-top jltma-glass-effect-no elementor-widget elementor-widget-image-box\" data-id=\"70506e6\" data-element_type=\"widget\" data-e-type=\"widget\" data-widget_type=\"image-box.default\">\n\t\t\t\t<div class=\"elementor-widget-container\">\n\t\t\t\t\t<div class=\"elementor-image-box-wrapper\"><figure class=\"elementor-image-box-img\"><a href=\"https:\/\/pejatourism.org\/rusolia-peak\/\" tabindex=\"-1\"><img decoding=\"async\" src=\"https:\/\/pejatourism.org\/wp-content\/uploads\/elementor\/thumbs\/IMG_1847-scaled-qanrlesrrph54vn5j4epnaktdihb23nyjds0g90fc0.jpg\" title=\"Rusolia\" alt=\"Rusolia\" loading=\"lazy\" \/><\/a><\/figure><div class=\"elementor-image-box-content\"><h3 class=\"elementor-image-box-title\"><a href=\"https:\/\/pejatourism.org\/rusolia-peak\/\">Rusolia Peak - 2381m<\/a><\/h3><p class=\"elementor-image-box-description\">Bjeshka e Rusolis: is one of the attractive mountains of Kosovo, which lies in the northern part of Peja on the borders with Montenegro. The highest point of this mountain is the peak with the same name as \u201cMaja e Rusolis,\u201d and it ranks among the peaks that reach a height of more than 2000m.<\/p><\/div><\/div>\t\t\t\t<\/div>\n\t\t\t\t<\/div>\n\t\t\t\t<\/div>\n\t\t\t\t<\/div>\n\t\t","protected":false},"excerpt":{"rendered":"<p>Hiking Trail Guri i Kuq &#8211; 2522m GURI KUQ is the highest peak in the municipality of Peja, which reaches a height of 2522m and is also the most attractive peak in Peja. It is located in the central part of Bjeshke i Nemuna or the north-south the mountains of Rugova. \u00c7f\u00ebrla &#8211; 2461m \u00c7F\u00cbRLA ranks among the most spectacular and attractive mountain peaks of Peja. This peak reaches the Mediterranean height of 2461m and is the second highest peak in the Peja municipality. It is located on the southwestern side of Peja and, together with other mounts, creates the crown and the stunning landscape of Peja Hajla- 2403m HAJLA: Located in the north-west of Peja or in the north of the mountain area of Rugova, the peak of Hajla, which reaches a height of 2403m, is one of the most fascinating and attractive peaks to climb in all seasons of the year. Maja e Vjellakut- 2014m MAJA E VJELLAKU, or trail number 7166, is part of the mountain ranges that form the crown of the city of Peja and are one of the most attractive peaks for hiking. At the same time, to reach this trail, one must follow the panorama road that crosses the winding road in the hills to Maje e Zeze. Hasan&#8217;s Peak &#8211; 1900m Maja e Hasani is also a beautiful peak located in the northern part of the city of Peja. The part of the rocky face seen from the town of Peja made this peak even more attractive and stimulated the curiosity of many mountaineers and visitors to climb it. This peak reaches a height of 1900m while its ascent can be done from two sides. Rusolia Peak &#8211; 2381m Bjeshka e Rusolis: is one of the attractive mountains of Kosovo, which lies in the northern part of Peja on the borders with Montenegro. The highest point of this mountain is the peak with the same name as \u201cMaja e Rusolis,\u201d and it ranks among the peaks that reach a height of more than 2000m.<\/p>","protected":false},"author":1,"featured_media":0,"parent":0,"menu_order":0,"comment_status":"closed","ping_status":"closed","template":"","meta":{"_crdt_document":"","site-sidebar-layout":"no-sidebar","site-content-layout":"page-builder","ast-site-content-layout":"full-width-container","site-content-style":"default","site-sidebar-style":"default","ast-global-header-display":"","ast-banner-title-visibility":"","ast-main-header-display":"","ast-hfb-above-header-display":"","ast-hfb-below-header-display":"","ast-hfb-mobile-header-display":"","site-post-title":"disabled","ast-breadcrumbs-content":"","ast-featured-img":"disabled","footer-sml-layout":"","ast-disable-related-posts":"","theme-transparent-header-meta":"","adv-header-id-meta":"","stick-header-meta":"","header-above-stick-meta":"","header-main-stick-meta":"","header-below-stick-meta":"","astra-migrate-meta-layouts":"set","ast-page-background-enabled":"default","ast-page-background-meta":{"desktop":{"background-color":"var(--ast-global-color-4)","background-image":"","background-repeat":"repeat","background-position":"center center","background-size":"auto","background-attachment":"scroll","background-type":"","background-media":"","overlay-type":"","overlay-color":"","overlay-opacity":"","overlay-gradient":""},"tablet":{"background-color":"","background-image":"","background-repeat":"repeat","background-position":"center center","background-size":"auto","background-attachment":"scroll","background-type":"","background-media":"","overlay-type":"","overlay-color":"","overlay-opacity":"","overlay-gradient":""},"mobile":{"background-color":"","background-image":"","background-repeat":"repeat","background-position":"center center","background-size":"auto","background-attachment":"scroll","background-type":"","background-media":"","overlay-type":"","overlay-color":"","overlay-opacity":"","overlay-gradient":""}},"ast-content-background-meta":{"desktop":{"background-color":"var(--ast-global-color-5)","background-image":"","background-repeat":"repeat","background-position":"center center","background-size":"auto","background-attachment":"scroll","background-type":"","background-media":"","overlay-type":"","overlay-color":"","overlay-opacity":"","overlay-gradient":""},"tablet":{"background-color":"var(--ast-global-color-5)","background-image":"","background-repeat":"repeat","background-position":"center center","background-size":"auto","background-attachment":"scroll","background-type":"","background-media":"","overlay-type":"","overlay-color":"","overlay-opacity":"","overlay-gradient":""},"mobile":{"background-color":"var(--ast-global-color-5)","background-image":"","background-repeat":"repeat","background-position":"center center","background-size":"auto","background-attachment":"scroll","background-type":"","background-media":"","overlay-type":"","overlay-color":"","overlay-opacity":"","overlay-gradient":""}},"footnotes":""},"class_list":["post-2800","page","type-page","status-publish","hentry"],"aioseo_notices":[],"_links":{"self":[{"href":"https:\/\/pejatourism.org\/sq\/wp-json\/wp\/v2\/pages\/2800","targetHints":{"allow":["GET"]}}],"collection":[{"href":"https:\/\/pejatourism.org\/sq\/wp-json\/wp\/v2\/pages"}],"about":[{"href":"https:\/\/pejatourism.org\/sq\/wp-json\/wp\/v2\/types\/page"}],"author":[{"embeddable":true,"href":"https:\/\/pejatourism.org\/sq\/wp-json\/wp\/v2\/users\/1"}],"replies":[{"embeddable":true,"href":"https:\/\/pejatourism.org\/sq\/wp-json\/wp\/v2\/comments?post=2800"}],"version-history":[{"count":104,"href":"https:\/\/pejatourism.org\/sq\/wp-json\/wp\/v2\/pages\/2800\/revisions"}],"predecessor-version":[{"id":3599,"href":"https:\/\/pejatourism.org\/sq\/wp-json\/wp\/v2\/pages\/2800\/revisions\/3599"}],"wp:attachment":[{"href":"https:\/\/pejatourism.org\/sq\/wp-json\/wp\/v2\/media?parent=2800"}],"curies":[{"name":"wp","href":"https:\/\/api.w.org\/{rel}","templated":true}]}}