{"id":1870,"date":"2023-08-10T22:49:52","date_gmt":"2023-08-10T22:49:52","guid":{"rendered":"https:\/\/pejatourism.org\/?page_id=1870"},"modified":"2024-08-12T08:52:54","modified_gmt":"2024-08-12T08:52:54","slug":"maja-e-vjellakut","status":"publish","type":"page","link":"https:\/\/pejatourism.org\/sq\/maja-e-vjellakut\/","title":{"rendered":"Maja e Vjellakut"},"content":{"rendered":"<div data-elementor-type=\"wp-page\" data-elementor-id=\"1870\" class=\"elementor elementor-1870\" data-elementor-post-type=\"page\">\n\t\t\t\t<div class=\"elementor-element elementor-element-23e4f38f e-flex e-con-boxed jltma-glass-effect-no wpr-particle-no wpr-jarallax-no wpr-parallax-no wpr-sticky-section-no e-con e-parent\" data-id=\"23e4f38f\" data-element_type=\"container\" data-e-type=\"container\" data-settings=\"{&quot;background_background&quot;:&quot;classic&quot;}\">\n\t\t\t\t\t<div class=\"e-con-inner\">\n\t\t\t\t\t<\/div>\n\t\t\t\t<\/div>\n\t\t<div class=\"elementor-element elementor-element-33b4d862 e-flex e-con-boxed jltma-glass-effect-no wpr-particle-no wpr-jarallax-no wpr-parallax-no wpr-sticky-section-no e-con e-parent\" data-id=\"33b4d862\" data-element_type=\"container\" data-e-type=\"container\">\n\t\t\t\t\t<div class=\"e-con-inner\">\n\t\t\t\t<div class=\"elementor-element elementor-element-2c338d83 jltma-glass-effect-no elementor-widget elementor-widget-heading\" data-id=\"2c338d83\" data-element_type=\"widget\" data-e-type=\"widget\" data-widget_type=\"heading.default\">\n\t\t\t\t<div class=\"elementor-widget-container\">\n\t\t\t\t\t<h2 class=\"elementor-heading-title elementor-size-default\">Maja Vjellakut<\/h2>\t\t\t\t<\/div>\n\t\t\t\t<\/div>\n\t\t\t\t\t<\/div>\n\t\t\t\t<\/div>\n\t\t<div class=\"elementor-element elementor-element-775128d2 e-flex e-con-boxed jltma-glass-effect-no wpr-particle-no wpr-jarallax-no wpr-parallax-no wpr-sticky-section-no e-con e-parent\" data-id=\"775128d2\" data-element_type=\"container\" data-e-type=\"container\">\n\t\t\t\t\t<div class=\"e-con-inner\">\n\t\t<div class=\"elementor-element elementor-element-592bca8c e-con-full e-flex jltma-glass-effect-no wpr-particle-no wpr-jarallax-no wpr-parallax-no wpr-sticky-section-no e-con e-child\" data-id=\"592bca8c\" data-element_type=\"container\" data-e-type=\"container\">\n\t\t\t\t<div class=\"elementor-element elementor-element-1a046600 jltma-glass-effect-no elementor-widget elementor-widget-text-editor\" data-id=\"1a046600\" data-element_type=\"widget\" data-e-type=\"widget\" data-widget_type=\"text-editor.default\">\n\t\t\t\t<div class=\"elementor-widget-container\">\n\t\t\t\t\t\t\t\t\t<p>MAJA E VJELLAKUT apo shtegu me num\u00ebr 7166 \u00ebsht\u00eb pjes\u00eb vargmaleve t\u00eb cilat krijojn kuroren e qytetit t\u00eb Pej\u00ebs dhe p\u00ebrb\u00ebn\u00eb nj\u00eb nga majet m\u00eb atraktive p\u00ebr ecje. Nj\u00ebherit p\u00ebr t\u00eb arritur tek ky shteg duhet t\u00eb ndjeket nga rruga e panorames q\u00eb kalon rrug\u00ebn gjarp\u00ebrore p\u00ebrmes kodrave n\u00eb Majen e Zez\u00eb. Shtrihet n\u00eb Veri-perendim t\u00eb qytetit me gjat\u00ebsi prej 13.3km dhe lart\u00ebsi mbidetare 2014m (6608ft) nd\u00ebrsa koh\u00ebzgjatja e ecjes mund t\u00eb llogaritet nga 3 deri n\u00eb 4 or\u00eb. Pamjet q\u00eb ofron ky shteg jan\u00eb madheshtore dhe ofron bukuri t\u00eb pejsazheve nga Bjeshk\u00ebt e Nemuna dhe bjeshk\u00ebve t\u00eb Sharrit, pjes\u00ebt malore nga Shqip\u00ebria dhe Mali i Zi e deri te tokat fushore t\u00eb rafshit t\u00eb Dukagjinit.<\/p><p>Ecja p\u00ebr n\u00eb k\u00ebt\u00eb maje i takon v\u00ebshtir\u00ebsis mesatare (pra nuk ka v\u00ebshtir\u00ebsi t\u00eb madhe) dhe mund t\u00eb b\u00ebhet pothuajse nga t\u00eb gjith ata t\u00eb cil\u00ebt kan\u00eb nj\u00eb kondicion fizik t\u00eb q\u00ebndruesh\u00ebm. Nisja b\u00ebhet nga qendra e qytetit t\u00eb Pej\u00ebs n\u00eb lart\u00ebsi prej 520m. Nga kjo pik\u00eb vazhdohet n\u00eb drejtim t\u00eb kodrave t\u00eb lokalitetit Maja e Zez e cila gjindet ne veri-perendim t\u00eb qytetit e cila nuk ka pjert\u00ebsi t\u00eb madhe mirpo ecja b\u00ebhet n\u00eb rrug\u00ebn e qytetit. Pasi t\u00eb kalohet kjo pjes\u00eb e rrug\u00ebs shtegu fillon t\u00eb kaloj p\u00ebrmes shtyllave elektrike e cila t\u00eb shpije direkt tek qafa e Peklenes ku mund t\u00eb b\u00ebni nj\u00eb pushim pasi q\u00eb nga kjo pik\u00eb ka pamje shum\u00eb t\u00eb bukura t\u00eb Gryk\u00ebs s\u00eb Rugov\u00ebs, Maj\u00ebs Guri Kuq si dhe qytetit t\u00eb Pej\u00ebs, liqeni i Radoniqit dhe gjith rafshin e Dukagjinit. Nga aty fillon ngjitja p\u00ebr n\u00eb majen e Vjellakut q\u00eb arin\u00eb lart\u00ebsin 2014m.<\/p>\t\t\t\t\t\t\t\t<\/div>\n\t\t\t\t<\/div>\n\t\t\t\t<\/div>\n\t\t<div class=\"elementor-element elementor-element-92aca1b e-con-full e-flex jltma-glass-effect-no wpr-particle-no wpr-jarallax-no wpr-parallax-no wpr-sticky-section-no e-con e-child\" data-id=\"92aca1b\" data-element_type=\"container\" data-e-type=\"container\">\n\t\t\t\t<div class=\"elementor-element elementor-element-3908af96 jltma-glass-effect-no elementor-widget elementor-widget-heading\" data-id=\"3908af96\" data-element_type=\"widget\" data-e-type=\"widget\" data-widget_type=\"heading.default\">\n\t\t\t\t<div class=\"elementor-widget-container\">\n\t\t\t\t\t<h2 class=\"elementor-heading-title elementor-size-default\">MAJAT ATRAKTIVE<\/h2>\t\t\t\t<\/div>\n\t\t\t\t<\/div>\n\t\t\t\t<div class=\"elementor-element elementor-element-3c31f9ac elementor-icon-list--layout-traditional elementor-list-item-link-full_width jltma-glass-effect-no elementor-widget elementor-widget-icon-list\" data-id=\"3c31f9ac\" data-element_type=\"widget\" data-e-type=\"widget\" data-widget_type=\"icon-list.default\">\n\t\t\t\t<div class=\"elementor-widget-container\">\n\t\t\t\t\t\t\t<ul class=\"elementor-icon-list-items\">\n\t\t\t\t\t\t\t<li class=\"elementor-icon-list-item\">\n\t\t\t\t\t\t\t\t\t\t\t<a href=\"https:\/\/pejatourism.org\/sq\/guri-i-kuq\/\">\n\n\t\t\t\t\t\t\t\t\t\t\t\t<span class=\"elementor-icon-list-icon\">\n\t\t\t\t\t\t\t<svg aria-hidden=\"true\" class=\"e-font-icon-svg e-far-dot-circle\" viewbox=\"0 0 512 512\" xmlns=\"http:\/\/www.w3.org\/2000\/svg\"><path d=\"M256 56c110.532 0 200 89.451 200 200 0 110.532-89.451 200-200 200-110.532 0-200-89.451-200-200 0-110.532 89.451-200 200-200m0-48C119.033 8 8 119.033 8 256s111.033 248 248 248 248-111.033 248-248S392.967 8 256 8zm0 168c-44.183 0-80 35.817-80 80s35.817 80 80 80 80-35.817 80-80-35.817-80-80-80z\"><\/path><\/svg>\t\t\t\t\t\t<\/span>\n\t\t\t\t\t\t\t\t\t\t<span class=\"elementor-icon-list-text\">Guri i Kuq<\/span>\n\t\t\t\t\t\t\t\t\t\t\t<\/a>\n\t\t\t\t\t\t\t\t\t<\/li>\n\t\t\t\t\t\t\t\t<li class=\"elementor-icon-list-item\">\n\t\t\t\t\t\t\t\t\t\t\t<a href=\"https:\/\/pejatourism.org\/sq\/cferla\/\">\n\n\t\t\t\t\t\t\t\t\t\t\t\t<span class=\"elementor-icon-list-icon\">\n\t\t\t\t\t\t\t<svg aria-hidden=\"true\" class=\"e-font-icon-svg e-far-dot-circle\" viewbox=\"0 0 512 512\" xmlns=\"http:\/\/www.w3.org\/2000\/svg\"><path d=\"M256 56c110.532 0 200 89.451 200 200 0 110.532-89.451 200-200 200-110.532 0-200-89.451-200-200 0-110.532 89.451-200 200-200m0-48C119.033 8 8 119.033 8 256s111.033 248 248 248 248-111.033 248-248S392.967 8 256 8zm0 168c-44.183 0-80 35.817-80 80s35.817 80 80 80 80-35.817 80-80-35.817-80-80-80z\"><\/path><\/svg>\t\t\t\t\t\t<\/span>\n\t\t\t\t\t\t\t\t\t\t<span class=\"elementor-icon-list-text\">\u00c7f\u00ebrla<\/span>\n\t\t\t\t\t\t\t\t\t\t\t<\/a>\n\t\t\t\t\t\t\t\t\t<\/li>\n\t\t\t\t\t\t\t\t<li class=\"elementor-icon-list-item\">\n\t\t\t\t\t\t\t\t\t\t\t<a href=\"https:\/\/pejatourism.org\/sq\/hajla\/\">\n\n\t\t\t\t\t\t\t\t\t\t\t\t<span class=\"elementor-icon-list-icon\">\n\t\t\t\t\t\t\t<svg aria-hidden=\"true\" class=\"e-font-icon-svg e-far-dot-circle\" viewbox=\"0 0 512 512\" xmlns=\"http:\/\/www.w3.org\/2000\/svg\"><path d=\"M256 56c110.532 0 200 89.451 200 200 0 110.532-89.451 200-200 200-110.532 0-200-89.451-200-200 0-110.532 89.451-200 200-200m0-48C119.033 8 8 119.033 8 256s111.033 248 248 248 248-111.033 248-248S392.967 8 256 8zm0 168c-44.183 0-80 35.817-80 80s35.817 80 80 80 80-35.817 80-80-35.817-80-80-80z\"><\/path><\/svg>\t\t\t\t\t\t<\/span>\n\t\t\t\t\t\t\t\t\t\t<span class=\"elementor-icon-list-text\">Hajla<\/span>\n\t\t\t\t\t\t\t\t\t\t\t<\/a>\n\t\t\t\t\t\t\t\t\t<\/li>\n\t\t\t\t\t\t\t\t<li class=\"elementor-icon-list-item\">\n\t\t\t\t\t\t\t\t\t\t\t<a href=\"https:\/\/pejatourism.org\/sq\/maja-e-vjellakut\/\">\n\n\t\t\t\t\t\t\t\t\t\t\t\t<span class=\"elementor-icon-list-icon\">\n\t\t\t\t\t\t\t<svg aria-hidden=\"true\" class=\"e-font-icon-svg e-far-dot-circle\" viewbox=\"0 0 512 512\" xmlns=\"http:\/\/www.w3.org\/2000\/svg\"><path d=\"M256 56c110.532 0 200 89.451 200 200 0 110.532-89.451 200-200 200-110.532 0-200-89.451-200-200 0-110.532 89.451-200 200-200m0-48C119.033 8 8 119.033 8 256s111.033 248 248 248 248-111.033 248-248S392.967 8 256 8zm0 168c-44.183 0-80 35.817-80 80s35.817 80 80 80 80-35.817 80-80-35.817-80-80-80z\"><\/path><\/svg>\t\t\t\t\t\t<\/span>\n\t\t\t\t\t\t\t\t\t\t<span class=\"elementor-icon-list-text\">Maja e Vjellakut<\/span>\n\t\t\t\t\t\t\t\t\t\t\t<\/a>\n\t\t\t\t\t\t\t\t\t<\/li>\n\t\t\t\t\t\t\t\t<li class=\"elementor-icon-list-item\">\n\t\t\t\t\t\t\t\t\t\t\t<a href=\"https:\/\/pejatourism.org\/sq\/hasans-peak\/\">\n\n\t\t\t\t\t\t\t\t\t\t\t\t<span class=\"elementor-icon-list-icon\">\n\t\t\t\t\t\t\t<svg aria-hidden=\"true\" class=\"e-font-icon-svg e-far-dot-circle\" viewbox=\"0 0 512 512\" xmlns=\"http:\/\/www.w3.org\/2000\/svg\"><path d=\"M256 56c110.532 0 200 89.451 200 200 0 110.532-89.451 200-200 200-110.532 0-200-89.451-200-200 0-110.532 89.451-200 200-200m0-48C119.033 8 8 119.033 8 256s111.033 248 248 248 248-111.033 248-248S392.967 8 256 8zm0 168c-44.183 0-80 35.817-80 80s35.817 80 80 80 80-35.817 80-80-35.817-80-80-80z\"><\/path><\/svg>\t\t\t\t\t\t<\/span>\n\t\t\t\t\t\t\t\t\t\t<span class=\"elementor-icon-list-text\">MAJA HASANIT<\/span>\n\t\t\t\t\t\t\t\t\t\t\t<\/a>\n\t\t\t\t\t\t\t\t\t<\/li>\n\t\t\t\t\t\t\t\t<li class=\"elementor-icon-list-item\">\n\t\t\t\t\t\t\t\t\t\t\t<a href=\"https:\/\/pejatourism.org\/sq\/rusolia-peak\/\">\n\n\t\t\t\t\t\t\t\t\t\t\t\t<span class=\"elementor-icon-list-icon\">\n\t\t\t\t\t\t\t<svg aria-hidden=\"true\" class=\"e-font-icon-svg e-far-dot-circle\" viewbox=\"0 0 512 512\" xmlns=\"http:\/\/www.w3.org\/2000\/svg\"><path d=\"M256 56c110.532 0 200 89.451 200 200 0 110.532-89.451 200-200 200-110.532 0-200-89.451-200-200 0-110.532 89.451-200 200-200m0-48C119.033 8 8 119.033 8 256s111.033 248 248 248 248-111.033 248-248S392.967 8 256 8zm0 168c-44.183 0-80 35.817-80 80s35.817 80 80 80 80-35.817 80-80-35.817-80-80-80z\"><\/path><\/svg>\t\t\t\t\t\t<\/span>\n\t\t\t\t\t\t\t\t\t\t<span class=\"elementor-icon-list-text\">Maja e Rusolis\u00eb<\/span>\n\t\t\t\t\t\t\t\t\t\t\t<\/a>\n\t\t\t\t\t\t\t\t\t<\/li>\n\t\t\t\t\t\t<\/ul>\n\t\t\t\t\t\t<\/div>\n\t\t\t\t<\/div>\n\t\t\t\t<div class=\"elementor-element elementor-element-3528e2fa elementor-widget-divider--view-line jltma-glass-effect-no elementor-widget elementor-widget-divider\" data-id=\"3528e2fa\" data-element_type=\"widget\" data-e-type=\"widget\" data-widget_type=\"divider.default\">\n\t\t\t\t<div class=\"elementor-widget-container\">\n\t\t\t\t\t\t\t<div class=\"elementor-divider\">\n\t\t\t<span class=\"elementor-divider-separator\">\n\t\t\t\t\t\t<\/span>\n\t\t<\/div>\n\t\t\t\t\t\t<\/div>\n\t\t\t\t<\/div>\n\t\t\t\t<div class=\"elementor-element elementor-element-5affa85c jltma-glass-effect-no elementor-widget elementor-widget-heading\" data-id=\"5affa85c\" data-element_type=\"widget\" data-e-type=\"widget\" data-widget_type=\"heading.default\">\n\t\t\t\t<div class=\"elementor-widget-container\">\n\t\t\t\t\t<h2 class=\"elementor-heading-title elementor-size-default\">Publikimet<\/h2>\t\t\t\t<\/div>\n\t\t\t\t<\/div>\n\t\t\t\t<div class=\"elementor-element elementor-element-6291f590 jltma-glass-effect-no elementor-widget elementor-widget-image\" data-id=\"6291f590\" data-element_type=\"widget\" data-e-type=\"widget\" data-widget_type=\"image.default\">\n\t\t\t\t<div class=\"elementor-widget-container\">\n\t\t\t\t\t\t\t\t\t\t\t\t<figure class=\"wp-caption\">\n\t\t\t\t\t\t\t\t\t\t\t<a href=\"https:\/\/pejatourism.org\/wp-content\/uploads\/2023\/08\/Llojet-e-markimeve.png\" data-elementor-open-lightbox=\"yes\" data-elementor-lightbox-title=\"Llojet e markimeve\" data-e-action-hash=\"#elementor-action%3Aaction%3Dlightbox%26settings%3DeyJpZCI6MTY3OCwidXJsIjoiaHR0cHM6XC9cL3BlamF0b3VyaXNtLm9yZ1wvd3AtY29udGVudFwvdXBsb2Fkc1wvMjAyM1wvMDhcL0xsb2pldC1lLW1hcmtpbWV2ZS5wbmcifQ%3D%3D\">\n\t\t\t\t\t\t\t<img fetchpriority=\"high\" decoding=\"async\" width=\"711\" height=\"1024\" src=\"https:\/\/pejatourism.org\/wp-content\/uploads\/2023\/08\/Llojet-e-markimeve-711x1024.png\" class=\"attachment-large size-large wp-image-1678\" alt=\"\" srcset=\"https:\/\/pejatourism.org\/wp-content\/uploads\/2023\/08\/Llojet-e-markimeve-711x1024.png 711w, https:\/\/pejatourism.org\/wp-content\/uploads\/2023\/08\/Llojet-e-markimeve-208x300.png 208w, https:\/\/pejatourism.org\/wp-content\/uploads\/2023\/08\/Llojet-e-markimeve-768x1106.png 768w, https:\/\/pejatourism.org\/wp-content\/uploads\/2023\/08\/Llojet-e-markimeve-1067x1536.png 1067w, https:\/\/pejatourism.org\/wp-content\/uploads\/2023\/08\/Llojet-e-markimeve.png 1120w\" sizes=\"(max-width: 711px) 100vw, 711px\" \/>\t\t\t\t\t\t\t\t<\/a>\n\t\t\t\t\t\t\t\t\t\t\t<figcaption class=\"widget-image-caption wp-caption-text\"><\/figcaption>\n\t\t\t\t\t\t\t\t\t\t<\/figure>\n\t\t\t\t\t\t\t\t\t<\/div>\n\t\t\t\t<\/div>\n\t\t\t\t<\/div>\n\t\t\t\t\t<\/div>\n\t\t\t\t<\/div>\n\t\t<div class=\"elementor-element elementor-element-c4a26e2 e-flex e-con-boxed jltma-glass-effect-no wpr-particle-no wpr-jarallax-no wpr-parallax-no wpr-sticky-section-no e-con e-parent\" data-id=\"c4a26e2\" data-element_type=\"container\" data-e-type=\"container\">\n\t\t\t\t\t<div class=\"e-con-inner\">\n\t\t\t\t\t<\/div>\n\t\t\t\t<\/div>\n\t\t\t\t<\/div>","protected":false},"excerpt":{"rendered":"<p>Maja Vjellakut MAJA E VJELLAKU, or trail number 7166, is part of the mountain ranges that form the crown of the city of Peja and are one of the most attractive peaks for hiking. At the same time, to reach this trail, one must follow the panorama road that crosses the winding road in the hills to Maje e Zeze. It lies in the Northwest of the city with a length of 13.3km and an altitude of 2014m, while the walking duration can be calculated from 3 to 4 hours. The views this trail offers are magnificent and offer the beauty of the landscapes from the Nemuna Mountains and the Sharri Mountains, the mountainous parts of Albania and Montenegro, to the plains of the Dukagjini plateau. The walk to this peak belongs to the medium difficulty (so there is no great difficulty) and can be done by almost everyone with a stable physical condition. The departure is from the center of Peja at an altitude of 520m. From this point, continue towards the hills of the Maja e Zez locality, located in the Northwest of the city, which could have a better slope, but the walk is done on the city road. After passing this part of the road, the path begins to pass through electric poles, which leads directly to the Peklene pass, where you can take a break as from this point, there are magnificent views of the Rugova Gorge, Guri Kuq Peak, and the town of Pej\u00ebs, the lake of Radoni\u0107 and the whole range of Dukagjin. From there, the ascent to the top of Vjellak begins, which reaches a height of 2014m. ATTRACTIVE PEAKS Guri i Kuq \u00c7f\u00ebrla Hajla Maja e Vjellakut Hasan&#8217;s Peak Rusolia Peak Publications<\/p>","protected":false},"author":1,"featured_media":0,"parent":0,"menu_order":0,"comment_status":"closed","ping_status":"closed","template":"elementor_theme","meta":{"_crdt_document":"","site-sidebar-layout":"no-sidebar","site-content-layout":"page-builder","ast-site-content-layout":"full-width-container","site-content-style":"unboxed","site-sidebar-style":"unboxed","ast-global-header-display":"","ast-banner-title-visibility":"","ast-main-header-display":"","ast-hfb-above-header-display":"","ast-hfb-below-header-display":"","ast-hfb-mobile-header-display":"","site-post-title":"disabled","ast-breadcrumbs-content":"","ast-featured-img":"disabled","footer-sml-layout":"","ast-disable-related-posts":"","theme-transparent-header-meta":"","adv-header-id-meta":"","stick-header-meta":"","header-above-stick-meta":"","header-main-stick-meta":"","header-below-stick-meta":"","astra-migrate-meta-layouts":"set","ast-page-background-enabled":"default","ast-page-background-meta":{"desktop":{"background-color":"var(--ast-global-color-4)","background-image":"","background-repeat":"repeat","background-position":"center center","background-size":"auto","background-attachment":"scroll","background-type":"","background-media":"","overlay-type":"","overlay-color":"","overlay-opacity":"","overlay-gradient":""},"tablet":{"background-color":"","background-image":"","background-repeat":"repeat","background-position":"center center","background-size":"auto","background-attachment":"scroll","background-type":"","background-media":"","overlay-type":"","overlay-color":"","overlay-opacity":"","overlay-gradient":""},"mobile":{"background-color":"","background-image":"","background-repeat":"repeat","background-position":"center center","background-size":"auto","background-attachment":"scroll","background-type":"","background-media":"","overlay-type":"","overlay-color":"","overlay-opacity":"","overlay-gradient":""}},"ast-content-background-meta":{"desktop":{"background-color":"var(--ast-global-color-5)","background-image":"","background-repeat":"repeat","background-position":"center center","background-size":"auto","background-attachment":"scroll","background-type":"","background-media":"","overlay-type":"","overlay-color":"","overlay-opacity":"","overlay-gradient":""},"tablet":{"background-color":"var(--ast-global-color-5)","background-image":"","background-repeat":"repeat","background-position":"center center","background-size":"auto","background-attachment":"scroll","background-type":"","background-media":"","overlay-type":"","overlay-color":"","overlay-opacity":"","overlay-gradient":""},"mobile":{"background-color":"var(--ast-global-color-5)","background-image":"","background-repeat":"repeat","background-position":"center center","background-size":"auto","background-attachment":"scroll","background-type":"","background-media":"","overlay-type":"","overlay-color":"","overlay-opacity":"","overlay-gradient":""}},"footnotes":""},"class_list":["post-1870","page","type-page","status-publish","hentry"],"aioseo_notices":[],"_links":{"self":[{"href":"https:\/\/pejatourism.org\/sq\/wp-json\/wp\/v2\/pages\/1870","targetHints":{"allow":["GET"]}}],"collection":[{"href":"https:\/\/pejatourism.org\/sq\/wp-json\/wp\/v2\/pages"}],"about":[{"href":"https:\/\/pejatourism.org\/sq\/wp-json\/wp\/v2\/types\/page"}],"author":[{"embeddable":true,"href":"https:\/\/pejatourism.org\/sq\/wp-json\/wp\/v2\/users\/1"}],"replies":[{"embeddable":true,"href":"https:\/\/pejatourism.org\/sq\/wp-json\/wp\/v2\/comments?post=1870"}],"version-history":[{"count":11,"href":"https:\/\/pejatourism.org\/sq\/wp-json\/wp\/v2\/pages\/1870\/revisions"}],"predecessor-version":[{"id":2896,"href":"https:\/\/pejatourism.org\/sq\/wp-json\/wp\/v2\/pages\/1870\/revisions\/2896"}],"wp:attachment":[{"href":"https:\/\/pejatourism.org\/sq\/wp-json\/wp\/v2\/media?parent=1870"}],"curies":[{"name":"wp","href":"https:\/\/api.w.org\/{rel}","templated":true}]}}