{"id":1864,"date":"2023-08-10T22:49:17","date_gmt":"2023-08-10T22:49:17","guid":{"rendered":"https:\/\/pejatourism.org\/?page_id=1864"},"modified":"2024-08-12T08:36:57","modified_gmt":"2024-08-12T08:36:57","slug":"cferla","status":"publish","type":"page","link":"https:\/\/pejatourism.org\/sq\/cferla\/","title":{"rendered":"\u00c7f\u00ebrla\u00a0"},"content":{"rendered":"<div data-elementor-type=\"wp-page\" data-elementor-id=\"1864\" class=\"elementor elementor-1864\" data-elementor-post-type=\"page\">\n\t\t\t\t<div class=\"elementor-element elementor-element-156194e4 e-flex e-con-boxed jltma-glass-effect-no wpr-particle-no wpr-jarallax-no wpr-parallax-no wpr-sticky-section-no e-con e-parent\" data-id=\"156194e4\" data-element_type=\"container\" data-e-type=\"container\" data-settings=\"{&quot;background_background&quot;:&quot;classic&quot;}\">\n\t\t\t\t\t<div class=\"e-con-inner\">\n\t\t\t\t\t<\/div>\n\t\t\t\t<\/div>\n\t\t<div class=\"elementor-element elementor-element-78e816aa e-flex e-con-boxed jltma-glass-effect-no wpr-particle-no wpr-jarallax-no wpr-parallax-no wpr-sticky-section-no e-con e-parent\" data-id=\"78e816aa\" data-element_type=\"container\" data-e-type=\"container\">\n\t\t\t\t\t<div class=\"e-con-inner\">\n\t\t\t\t<div class=\"elementor-element elementor-element-1e32ad4a jltma-glass-effect-no elementor-widget elementor-widget-heading\" data-id=\"1e32ad4a\" data-element_type=\"widget\" data-e-type=\"widget\" data-widget_type=\"heading.default\">\n\t\t\t\t<div class=\"elementor-widget-container\">\n\t\t\t\t\t<h2 class=\"elementor-heading-title elementor-size-default\">\u00c7F\u00cbRLA <\/h2>\t\t\t\t<\/div>\n\t\t\t\t<\/div>\n\t\t\t\t\t<\/div>\n\t\t\t\t<\/div>\n\t\t<div class=\"elementor-element elementor-element-32e3c9e1 e-flex e-con-boxed jltma-glass-effect-no wpr-particle-no wpr-jarallax-no wpr-parallax-no wpr-sticky-section-no e-con e-parent\" data-id=\"32e3c9e1\" data-element_type=\"container\" data-e-type=\"container\">\n\t\t\t\t\t<div class=\"e-con-inner\">\n\t\t<div class=\"elementor-element elementor-element-77563f51 e-con-full e-flex jltma-glass-effect-no wpr-particle-no wpr-jarallax-no wpr-parallax-no wpr-sticky-section-no e-con e-child\" data-id=\"77563f51\" data-element_type=\"container\" data-e-type=\"container\">\n\t\t\t\t<div class=\"elementor-element elementor-element-66977bec jltma-glass-effect-no elementor-widget elementor-widget-text-editor\" data-id=\"66977bec\" data-element_type=\"widget\" data-e-type=\"widget\" data-widget_type=\"text-editor.default\">\n\t\t\t\t<div class=\"elementor-widget-container\">\n\t\t\t\t\t\t\t\t\t<p>MAJ E \u00c7F\u00cbRLES radhitet n\u00eb majet malore m\u00eb spektakolare dhe atraktive t\u00eb Pej\u00ebs (nj\u00ebherit \u00ebsht\u00eb edhe maja m\u00eb e bukur n\u00eb territorin e Bjeshk\u00ebve t\u00eb Nemuna). Kjo maje arrin lart\u00ebsin midetare prej 2461m(8074ft) dhe \u00ebsht\u00eb maja e dyt\u00eb p\u00ebr nga lart\u00ebsia n\u00eb komun\u00ebn e Pej\u00ebs. Gjindet n\u00eb an\u00ebn jug-perendimore t\u00eb Pej\u00ebs dhe s\u00eb bashku me majat e Kopranikut, Peklenes, Vjellakut dhe majen e Hasanit t\u00eb cilat ndahen nga Gryka e Rugov\u00ebs krijojn kuroren e bjeshk\u00ebve duke i dhuruar qytetit t\u00eb Pej\u00ebs nj\u00eb panoram\u00ebn mahnit\u00ebse e cila qysh n\u00eb hyrje t\u00eb Pej\u00ebs krijojn pasyqr\u00ebn e p\u00ebrjetimeve dhe aventurat e natyr\u00ebs s\u00eb eg\u00ebr. Pamjet q\u00eb ofrohen nga maja e \u00c7f\u00ebrles jan\u00eb mahnit\u00ebse duke ju jap mund\u00ebsi q\u00eb t\u00eb shihni peizazhe t\u00eb bjeshk\u00ebve t\u00eb De\u00e7anit dhe t\u00eb Bjeshk\u00ebve t\u00eb Nemuna n\u00eb p\u00ebrgjithsi, bjeshk\u00ebve t\u00eb Sharrit, majet atraktive si Gjeravica 2656m dhe Marijashi 2530m, zonat malore nga Shqip\u00ebria dhe Mali i Zi, nd\u00ebrsa nga drejtimin lindor mund t\u00eb p\u00ebrjetoni pjes\u00ebn fushore t\u00eb gjith rafshit t\u00eb Dukagjinit, liqenin e Radoniqit, e deri te maja e Lubotenit e cila gjindet n\u00eb kufij me Maqedonin e Veriut. Bukuria e k\u00ebsaj maje dhe pamja madh\u00ebshtore e k\u00ebtij masivi shk\u00ebmbor m\u00eb s\u00eb miri mund t\u00eb p\u00ebrjetohet nga bjeshk\u00ebt e De\u00e7anit.<\/p><p>Ecja p\u00ebr n\u00eb k\u00ebt\u00eb maje i takon v\u00ebshtir\u00ebsis mesatare (pra nuk ka v\u00ebshtir\u00ebsi t\u00eb madhe) dhe mund t\u00eb realizohet pothuajse nga t\u00eb gjith adhuruesit e natyr\u00ebs nga t\u00eb gjitha moshat t\u00eb cil\u00ebt kan\u00eb nj\u00eb kondicion fizik t\u00eb q\u00ebndruesh\u00ebm. Nisja b\u00ebhet nga qendra e qytetit t\u00eb Pej\u00ebs n\u00eb lart\u00ebsi prej 520m duke ndjekur shtegun e njohur \u201cBjeshk\u00ebt e Nemuna\u201d e cila lidh me pjes\u00ebn e Malit t\u00eb Zi apo shtegu q\u00eb mban numrin 7165 dhe ka gjat\u00ebsi prej 14.2km. Gjat\u00eb ecjes tuaj mund t\u00eb vendosni se nga cila an\u00eb d\u00ebshironi ta b\u00ebni pushtimin e k\u00ebsaj maje. Tek pika e njohur si Livadhi i Adilit aty ndahet ndahet shtegu n\u00eb dy pjes\u00eb ku nj\u00ebri shteg vazhdoni duke ndjekur rrug\u00ebn deri n\u00eb bjeshk\u00ebt e Irzniqit nd\u00ebrsa tjetri vazhdon nga bjeshka e Kopranikut (pra deri tek kjo pik\u00eb \u00ebsht\u00eb vet\u00ebm nj\u00eb shteg i cili fillon nga Peja p\u00ebr tu lidhur me shtegun e Horomoqave dhe Livadhit t\u00eb Sak\u00ebs, Tarabosh dhe Livadhi i Adilit). \nNgjitja p\u00ebrmes shtegut q\u00eb kalon nga Stanet e Irziniqit e cila \u00ebsht\u00eb nj\u00eb lokalitet i vog\u00ebl malor\u00eb q\u00eb gjinden n\u00eb lart\u00ebsi prej 1800m ofron eksperienca m\u00eb t\u00eb m\u00ebdha pasi q\u00eb mund ti takoni banor\u00ebt lokal me t\u00eb cil\u00ebt mund t\u00eb ndroni biseda p\u00ebr zhvillimet e kulturave malore, traditat e tyre, t\u00eb shijoni ushqimet lokale etj., nd\u00ebrsa ngjitja p\u00ebrmes shtegut t\u00eb Kopranikut do t\u00eb jet\u00eb nj\u00eb ngjitje e eg\u00ebr malore sepse kjo zon\u00eb \u00ebsht\u00eb nj\u00eb zon\u00eb e paprekur ende dhe ofron eksperienca malore. Me t\u00eb arritur n\u00eb maje, ju mund t\u00eb zgjidhni n\u00ebse aventura juaj do t\u00eb vazhdoj tutje n\u00eb bjeshk\u00ebt e Nemuna duke vazhduar p\u00ebrgjat\u00eb Bjeshk\u00ebt e De\u00e7anit dhe m\u00ebtutje n\u00eb shtegun Majet e Ballkanit dhe Via Dinarica apo t\u00eb ktheheni prap n\u00eb Pej\u00eb.  \nGjithashtu ngjitja n\u00eb k\u00ebt\u00eb maje mund t\u00eb b\u00ebhet edhe nga bjeshka e Milishevcit q\u00eb \u00ebsht\u00eb nj\u00eb shteg shum\u00eb atraktiv dhe i leht\u00eb p\u00ebr ta arritur maj\u00ebn pasi q\u00eb nj\u00eb pjes\u00eb e madhe kalohet me makin\u00eb nd\u00ebrsa ngjitja zgjat\u00eb rreth 2 or\u00eb.<\/p>\t\t\t\t\t\t\t\t<\/div>\n\t\t\t\t<\/div>\n\t\t\t\t<\/div>\n\t\t<div class=\"elementor-element elementor-element-35d9ced1 e-con-full e-flex jltma-glass-effect-no wpr-particle-no wpr-jarallax-no wpr-parallax-no wpr-sticky-section-no e-con e-child\" data-id=\"35d9ced1\" data-element_type=\"container\" data-e-type=\"container\">\n\t\t\t\t<div class=\"elementor-element elementor-element-4d83bed jltma-glass-effect-no elementor-widget elementor-widget-heading\" data-id=\"4d83bed\" data-element_type=\"widget\" data-e-type=\"widget\" data-widget_type=\"heading.default\">\n\t\t\t\t<div class=\"elementor-widget-container\">\n\t\t\t\t\t<h2 class=\"elementor-heading-title elementor-size-default\">MAJAT ATRAKTIVE<\/h2>\t\t\t\t<\/div>\n\t\t\t\t<\/div>\n\t\t\t\t<div class=\"elementor-element elementor-element-12ba9871 elementor-icon-list--layout-traditional elementor-list-item-link-full_width jltma-glass-effect-no elementor-widget elementor-widget-icon-list\" data-id=\"12ba9871\" data-element_type=\"widget\" data-e-type=\"widget\" data-widget_type=\"icon-list.default\">\n\t\t\t\t<div class=\"elementor-widget-container\">\n\t\t\t\t\t\t\t<ul class=\"elementor-icon-list-items\">\n\t\t\t\t\t\t\t<li class=\"elementor-icon-list-item\">\n\t\t\t\t\t\t\t\t\t\t\t<a href=\"https:\/\/pejatourism.org\/sq\/guri-i-kuq\/\">\n\n\t\t\t\t\t\t\t\t\t\t\t\t<span class=\"elementor-icon-list-icon\">\n\t\t\t\t\t\t\t<svg aria-hidden=\"true\" class=\"e-font-icon-svg e-far-dot-circle\" viewbox=\"0 0 512 512\" xmlns=\"http:\/\/www.w3.org\/2000\/svg\"><path d=\"M256 56c110.532 0 200 89.451 200 200 0 110.532-89.451 200-200 200-110.532 0-200-89.451-200-200 0-110.532 89.451-200 200-200m0-48C119.033 8 8 119.033 8 256s111.033 248 248 248 248-111.033 248-248S392.967 8 256 8zm0 168c-44.183 0-80 35.817-80 80s35.817 80 80 80 80-35.817 80-80-35.817-80-80-80z\"><\/path><\/svg>\t\t\t\t\t\t<\/span>\n\t\t\t\t\t\t\t\t\t\t<span class=\"elementor-icon-list-text\">Guri i Kuq<\/span>\n\t\t\t\t\t\t\t\t\t\t\t<\/a>\n\t\t\t\t\t\t\t\t\t<\/li>\n\t\t\t\t\t\t\t\t<li class=\"elementor-icon-list-item\">\n\t\t\t\t\t\t\t\t\t\t\t<a href=\"https:\/\/pejatourism.org\/sq\/cferla\/\">\n\n\t\t\t\t\t\t\t\t\t\t\t\t<span class=\"elementor-icon-list-icon\">\n\t\t\t\t\t\t\t<svg aria-hidden=\"true\" class=\"e-font-icon-svg e-far-dot-circle\" viewbox=\"0 0 512 512\" xmlns=\"http:\/\/www.w3.org\/2000\/svg\"><path d=\"M256 56c110.532 0 200 89.451 200 200 0 110.532-89.451 200-200 200-110.532 0-200-89.451-200-200 0-110.532 89.451-200 200-200m0-48C119.033 8 8 119.033 8 256s111.033 248 248 248 248-111.033 248-248S392.967 8 256 8zm0 168c-44.183 0-80 35.817-80 80s35.817 80 80 80 80-35.817 80-80-35.817-80-80-80z\"><\/path><\/svg>\t\t\t\t\t\t<\/span>\n\t\t\t\t\t\t\t\t\t\t<span class=\"elementor-icon-list-text\">\u00c7f\u00ebrla<\/span>\n\t\t\t\t\t\t\t\t\t\t\t<\/a>\n\t\t\t\t\t\t\t\t\t<\/li>\n\t\t\t\t\t\t\t\t<li class=\"elementor-icon-list-item\">\n\t\t\t\t\t\t\t\t\t\t\t<a href=\"https:\/\/pejatourism.org\/sq\/hajla\/\">\n\n\t\t\t\t\t\t\t\t\t\t\t\t<span class=\"elementor-icon-list-icon\">\n\t\t\t\t\t\t\t<svg aria-hidden=\"true\" class=\"e-font-icon-svg e-far-dot-circle\" viewbox=\"0 0 512 512\" xmlns=\"http:\/\/www.w3.org\/2000\/svg\"><path d=\"M256 56c110.532 0 200 89.451 200 200 0 110.532-89.451 200-200 200-110.532 0-200-89.451-200-200 0-110.532 89.451-200 200-200m0-48C119.033 8 8 119.033 8 256s111.033 248 248 248 248-111.033 248-248S392.967 8 256 8zm0 168c-44.183 0-80 35.817-80 80s35.817 80 80 80 80-35.817 80-80-35.817-80-80-80z\"><\/path><\/svg>\t\t\t\t\t\t<\/span>\n\t\t\t\t\t\t\t\t\t\t<span class=\"elementor-icon-list-text\">Hajla<\/span>\n\t\t\t\t\t\t\t\t\t\t\t<\/a>\n\t\t\t\t\t\t\t\t\t<\/li>\n\t\t\t\t\t\t\t\t<li class=\"elementor-icon-list-item\">\n\t\t\t\t\t\t\t\t\t\t\t<a href=\"https:\/\/pejatourism.org\/sq\/maja-e-vjellakut\/\">\n\n\t\t\t\t\t\t\t\t\t\t\t\t<span class=\"elementor-icon-list-icon\">\n\t\t\t\t\t\t\t<svg aria-hidden=\"true\" class=\"e-font-icon-svg e-far-dot-circle\" viewbox=\"0 0 512 512\" xmlns=\"http:\/\/www.w3.org\/2000\/svg\"><path d=\"M256 56c110.532 0 200 89.451 200 200 0 110.532-89.451 200-200 200-110.532 0-200-89.451-200-200 0-110.532 89.451-200 200-200m0-48C119.033 8 8 119.033 8 256s111.033 248 248 248 248-111.033 248-248S392.967 8 256 8zm0 168c-44.183 0-80 35.817-80 80s35.817 80 80 80 80-35.817 80-80-35.817-80-80-80z\"><\/path><\/svg>\t\t\t\t\t\t<\/span>\n\t\t\t\t\t\t\t\t\t\t<span class=\"elementor-icon-list-text\">Maja e Vjellakut<\/span>\n\t\t\t\t\t\t\t\t\t\t\t<\/a>\n\t\t\t\t\t\t\t\t\t<\/li>\n\t\t\t\t\t\t\t\t<li class=\"elementor-icon-list-item\">\n\t\t\t\t\t\t\t\t\t\t\t<a href=\"https:\/\/pejatourism.org\/sq\/hasans-peak\/\">\n\n\t\t\t\t\t\t\t\t\t\t\t\t<span class=\"elementor-icon-list-icon\">\n\t\t\t\t\t\t\t<svg aria-hidden=\"true\" class=\"e-font-icon-svg e-far-dot-circle\" viewbox=\"0 0 512 512\" xmlns=\"http:\/\/www.w3.org\/2000\/svg\"><path d=\"M256 56c110.532 0 200 89.451 200 200 0 110.532-89.451 200-200 200-110.532 0-200-89.451-200-200 0-110.532 89.451-200 200-200m0-48C119.033 8 8 119.033 8 256s111.033 248 248 248 248-111.033 248-248S392.967 8 256 8zm0 168c-44.183 0-80 35.817-80 80s35.817 80 80 80 80-35.817 80-80-35.817-80-80-80z\"><\/path><\/svg>\t\t\t\t\t\t<\/span>\n\t\t\t\t\t\t\t\t\t\t<span class=\"elementor-icon-list-text\">MAJA HASANIT<\/span>\n\t\t\t\t\t\t\t\t\t\t\t<\/a>\n\t\t\t\t\t\t\t\t\t<\/li>\n\t\t\t\t\t\t\t\t<li class=\"elementor-icon-list-item\">\n\t\t\t\t\t\t\t\t\t\t\t<a href=\"https:\/\/pejatourism.org\/sq\/rusolia-peak\/\">\n\n\t\t\t\t\t\t\t\t\t\t\t\t<span class=\"elementor-icon-list-icon\">\n\t\t\t\t\t\t\t<svg aria-hidden=\"true\" class=\"e-font-icon-svg e-far-dot-circle\" viewbox=\"0 0 512 512\" xmlns=\"http:\/\/www.w3.org\/2000\/svg\"><path d=\"M256 56c110.532 0 200 89.451 200 200 0 110.532-89.451 200-200 200-110.532 0-200-89.451-200-200 0-110.532 89.451-200 200-200m0-48C119.033 8 8 119.033 8 256s111.033 248 248 248 248-111.033 248-248S392.967 8 256 8zm0 168c-44.183 0-80 35.817-80 80s35.817 80 80 80 80-35.817 80-80-35.817-80-80-80z\"><\/path><\/svg>\t\t\t\t\t\t<\/span>\n\t\t\t\t\t\t\t\t\t\t<span class=\"elementor-icon-list-text\">Maja e Rusolis\u00eb<\/span>\n\t\t\t\t\t\t\t\t\t\t\t<\/a>\n\t\t\t\t\t\t\t\t\t<\/li>\n\t\t\t\t\t\t<\/ul>\n\t\t\t\t\t\t<\/div>\n\t\t\t\t<\/div>\n\t\t\t\t<div class=\"elementor-element elementor-element-7261d911 elementor-widget-divider--view-line jltma-glass-effect-no elementor-widget elementor-widget-divider\" data-id=\"7261d911\" data-element_type=\"widget\" data-e-type=\"widget\" data-widget_type=\"divider.default\">\n\t\t\t\t<div class=\"elementor-widget-container\">\n\t\t\t\t\t\t\t<div class=\"elementor-divider\">\n\t\t\t<span class=\"elementor-divider-separator\">\n\t\t\t\t\t\t<\/span>\n\t\t<\/div>\n\t\t\t\t\t\t<\/div>\n\t\t\t\t<\/div>\n\t\t\t\t<div class=\"elementor-element elementor-element-7ea99417 jltma-glass-effect-no elementor-widget elementor-widget-heading\" data-id=\"7ea99417\" data-element_type=\"widget\" data-e-type=\"widget\" data-widget_type=\"heading.default\">\n\t\t\t\t<div class=\"elementor-widget-container\">\n\t\t\t\t\t<h2 class=\"elementor-heading-title elementor-size-default\">Publikimet<\/h2>\t\t\t\t<\/div>\n\t\t\t\t<\/div>\n\t\t\t\t<div class=\"elementor-element elementor-element-65284fdb jltma-glass-effect-no elementor-widget elementor-widget-image\" data-id=\"65284fdb\" data-element_type=\"widget\" data-e-type=\"widget\" data-widget_type=\"image.default\">\n\t\t\t\t<div class=\"elementor-widget-container\">\n\t\t\t\t\t\t\t\t\t\t\t\t<figure class=\"wp-caption\">\n\t\t\t\t\t\t\t\t\t\t\t<a href=\"https:\/\/pejatourism.org\/wp-content\/uploads\/2023\/08\/Llojet-e-markimeve.png\" data-elementor-open-lightbox=\"yes\" data-elementor-lightbox-title=\"Llojet e markimeve\" data-e-action-hash=\"#elementor-action%3Aaction%3Dlightbox%26settings%3DeyJpZCI6MTY3OCwidXJsIjoiaHR0cHM6XC9cL3BlamF0b3VyaXNtLm9yZ1wvd3AtY29udGVudFwvdXBsb2Fkc1wvMjAyM1wvMDhcL0xsb2pldC1lLW1hcmtpbWV2ZS5wbmcifQ%3D%3D\">\n\t\t\t\t\t\t\t<img fetchpriority=\"high\" decoding=\"async\" width=\"711\" height=\"1024\" src=\"https:\/\/pejatourism.org\/wp-content\/uploads\/2023\/08\/Llojet-e-markimeve-711x1024.png\" class=\"attachment-large size-large wp-image-1678\" alt=\"\" srcset=\"https:\/\/pejatourism.org\/wp-content\/uploads\/2023\/08\/Llojet-e-markimeve-711x1024.png 711w, https:\/\/pejatourism.org\/wp-content\/uploads\/2023\/08\/Llojet-e-markimeve-208x300.png 208w, https:\/\/pejatourism.org\/wp-content\/uploads\/2023\/08\/Llojet-e-markimeve-768x1106.png 768w, https:\/\/pejatourism.org\/wp-content\/uploads\/2023\/08\/Llojet-e-markimeve-1067x1536.png 1067w, https:\/\/pejatourism.org\/wp-content\/uploads\/2023\/08\/Llojet-e-markimeve.png 1120w\" sizes=\"(max-width: 711px) 100vw, 711px\" \/>\t\t\t\t\t\t\t\t<\/a>\n\t\t\t\t\t\t\t\t\t\t\t<figcaption class=\"widget-image-caption wp-caption-text\"><\/figcaption>\n\t\t\t\t\t\t\t\t\t\t<\/figure>\n\t\t\t\t\t\t\t\t\t<\/div>\n\t\t\t\t<\/div>\n\t\t\t\t<\/div>\n\t\t\t\t\t<\/div>\n\t\t\t\t<\/div>\n\t\t<div class=\"elementor-element elementor-element-17113e7c e-flex e-con-boxed jltma-glass-effect-no wpr-particle-no wpr-jarallax-no wpr-parallax-no wpr-sticky-section-no e-con e-parent\" data-id=\"17113e7c\" data-element_type=\"container\" data-e-type=\"container\">\n\t\t\t\t\t<div class=\"e-con-inner\">\n\t\t\t\t\t<\/div>\n\t\t\t\t<\/div>\n\t\t\t\t<\/div>","protected":false},"excerpt":{"rendered":"<p>\u00c7F\u00cbRLA \u00c7F\u00cbRLA ranks among the most spectacular and attractive mountain peaks of Peja. This peak reaches the Mediterranean height of 2461m and is the second highest peak in the Peja municipality. It is located on the southwestern side of Peja and, together with other mounts, creates the crown and the stunning landscape of Peja. The views offered from the top of \u00c7f\u00ebrle are impressive, allowing you to see the landscapes of the Nemuna mountains and the Sharri mountains, attractive peaks such as Gjeravica 2656m and Marijash 2530m, the mountainous parts from Albania and Montenegro, and the plain areas of the Rafs. of Dukagjin. The magnificent view of this rocky massif can be seen from the mountains of De\u00e7an. The hike to this peak is of medium difficulty (so there is no great difficulty) and can be done by almost all ages with stable physical conditions. The departure is from the center of the city of Peja at an altitude of 520m following the well-known path &#8220;Bje\u0161k\u00ebt e Nemuna,&#8221; which connects with the part of Montenegro or the path that bears the number 7165 and has a length of 14.2km. The conquest of the \u00c7f\u00ebrla peak can be made from the part of the Irzni\u0107 mountain range or from the Kopranik mountain range, which divides at the point known as Livadi I Adil (so up to this point, there is only one path that starts from Peja to connect with the path of Horomocave and the Meadow of Saka, Tarabosh and the Meadow of Adil). Climbing through the way that passes from Stanet e Irzini\u0107, which is located at an altitude of 1800m, offers more fantastic experiences as you can meet residents with whom you can have conversations about the development of mountain cultures, their traditions, taste local food, etc., while the climb through the Kopranik trail will be a wild mountain climb because this area is still untouched and offers mountain experiences. Upon reaching the top, you can choose whether your adventure will continue further into the Nemuna Mountains. This peak provides the opportunity to connect with the De\u00e7an mountains, which are attractive, and then to communicate with the Peaks of the Balkan and Via Dinarica trails. The ascent to this peak can also be made from the mountain of Milishevci, which is a long path. ATTRACTIVE PEAKS Guri i Kuq \u00c7f\u00ebrla Hajla Maja e Vjellakut Hasan&#8217;s Peak Rusolia Peak Publications<\/p>","protected":false},"author":1,"featured_media":0,"parent":0,"menu_order":0,"comment_status":"closed","ping_status":"closed","template":"elementor_theme","meta":{"_crdt_document":"","site-sidebar-layout":"no-sidebar","site-content-layout":"page-builder","ast-site-content-layout":"full-width-container","site-content-style":"unboxed","site-sidebar-style":"unboxed","ast-global-header-display":"","ast-banner-title-visibility":"","ast-main-header-display":"","ast-hfb-above-header-display":"","ast-hfb-below-header-display":"","ast-hfb-mobile-header-display":"","site-post-title":"disabled","ast-breadcrumbs-content":"","ast-featured-img":"disabled","footer-sml-layout":"","ast-disable-related-posts":"","theme-transparent-header-meta":"","adv-header-id-meta":"","stick-header-meta":"","header-above-stick-meta":"","header-main-stick-meta":"","header-below-stick-meta":"","astra-migrate-meta-layouts":"set","ast-page-background-enabled":"default","ast-page-background-meta":{"desktop":{"background-color":"var(--ast-global-color-4)","background-image":"","background-repeat":"repeat","background-position":"center center","background-size":"auto","background-attachment":"scroll","background-type":"","background-media":"","overlay-type":"","overlay-color":"","overlay-opacity":"","overlay-gradient":""},"tablet":{"background-color":"","background-image":"","background-repeat":"repeat","background-position":"center center","background-size":"auto","background-attachment":"scroll","background-type":"","background-media":"","overlay-type":"","overlay-color":"","overlay-opacity":"","overlay-gradient":""},"mobile":{"background-color":"","background-image":"","background-repeat":"repeat","background-position":"center center","background-size":"auto","background-attachment":"scroll","background-type":"","background-media":"","overlay-type":"","overlay-color":"","overlay-opacity":"","overlay-gradient":""}},"ast-content-background-meta":{"desktop":{"background-color":"var(--ast-global-color-5)","background-image":"","background-repeat":"repeat","background-position":"center center","background-size":"auto","background-attachment":"scroll","background-type":"","background-media":"","overlay-type":"","overlay-color":"","overlay-opacity":"","overlay-gradient":""},"tablet":{"background-color":"var(--ast-global-color-5)","background-image":"","background-repeat":"repeat","background-position":"center center","background-size":"auto","background-attachment":"scroll","background-type":"","background-media":"","overlay-type":"","overlay-color":"","overlay-opacity":"","overlay-gradient":""},"mobile":{"background-color":"var(--ast-global-color-5)","background-image":"","background-repeat":"repeat","background-position":"center center","background-size":"auto","background-attachment":"scroll","background-type":"","background-media":"","overlay-type":"","overlay-color":"","overlay-opacity":"","overlay-gradient":""}},"footnotes":""},"class_list":["post-1864","page","type-page","status-publish","hentry"],"aioseo_notices":[],"_links":{"self":[{"href":"https:\/\/pejatourism.org\/sq\/wp-json\/wp\/v2\/pages\/1864","targetHints":{"allow":["GET"]}}],"collection":[{"href":"https:\/\/pejatourism.org\/sq\/wp-json\/wp\/v2\/pages"}],"about":[{"href":"https:\/\/pejatourism.org\/sq\/wp-json\/wp\/v2\/types\/page"}],"author":[{"embeddable":true,"href":"https:\/\/pejatourism.org\/sq\/wp-json\/wp\/v2\/users\/1"}],"replies":[{"embeddable":true,"href":"https:\/\/pejatourism.org\/sq\/wp-json\/wp\/v2\/comments?post=1864"}],"version-history":[{"count":17,"href":"https:\/\/pejatourism.org\/sq\/wp-json\/wp\/v2\/pages\/1864\/revisions"}],"predecessor-version":[{"id":2875,"href":"https:\/\/pejatourism.org\/sq\/wp-json\/wp\/v2\/pages\/1864\/revisions\/2875"}],"wp:attachment":[{"href":"https:\/\/pejatourism.org\/sq\/wp-json\/wp\/v2\/media?parent=1864"}],"curies":[{"name":"wp","href":"https:\/\/api.w.org\/{rel}","templated":true}]}}