{"id":1859,"date":"2023-08-10T22:43:59","date_gmt":"2023-08-10T22:43:59","guid":{"rendered":"https:\/\/pejatourism.org\/?page_id=1859"},"modified":"2024-08-12T08:41:04","modified_gmt":"2024-08-12T08:41:04","slug":"guri-i-kuq","status":"publish","type":"page","link":"https:\/\/pejatourism.org\/sq\/guri-i-kuq\/","title":{"rendered":"Guri i Kuq"},"content":{"rendered":"<div data-elementor-type=\"wp-page\" data-elementor-id=\"1859\" class=\"elementor elementor-1859\" data-elementor-post-type=\"page\">\n\t\t\t\t<div class=\"elementor-element elementor-element-4fdac872 e-flex e-con-boxed jltma-glass-effect-no wpr-particle-no wpr-jarallax-no wpr-parallax-no wpr-sticky-section-no e-con e-parent\" data-id=\"4fdac872\" data-element_type=\"container\" data-e-type=\"container\" data-settings=\"{&quot;background_background&quot;:&quot;classic&quot;}\">\n\t\t\t\t\t<div class=\"e-con-inner\">\n\t\t\t\t\t<\/div>\n\t\t\t\t<\/div>\n\t\t<div class=\"elementor-element elementor-element-3c3fcc10 e-flex e-con-boxed jltma-glass-effect-no wpr-particle-no wpr-jarallax-no wpr-parallax-no wpr-sticky-section-no e-con e-parent\" data-id=\"3c3fcc10\" data-element_type=\"container\" data-e-type=\"container\">\n\t\t\t\t\t<div class=\"e-con-inner\">\n\t\t\t\t<div class=\"elementor-element elementor-element-2b5b54a9 jltma-glass-effect-no elementor-widget elementor-widget-heading\" data-id=\"2b5b54a9\" data-element_type=\"widget\" data-e-type=\"widget\" data-widget_type=\"heading.default\">\n\t\t\t\t<div class=\"elementor-widget-container\">\n\t\t\t\t\t<h2 class=\"elementor-heading-title elementor-size-default\">Guri i Kuq<\/h2>\t\t\t\t<\/div>\n\t\t\t\t<\/div>\n\t\t\t\t\t<\/div>\n\t\t\t\t<\/div>\n\t\t<div class=\"elementor-element elementor-element-5e1abf97 e-flex e-con-boxed jltma-glass-effect-no wpr-particle-no wpr-jarallax-no wpr-parallax-no wpr-sticky-section-no e-con e-parent\" data-id=\"5e1abf97\" data-element_type=\"container\" data-e-type=\"container\">\n\t\t\t\t\t<div class=\"e-con-inner\">\n\t\t<div class=\"elementor-element elementor-element-763dae9f e-con-full e-flex jltma-glass-effect-no wpr-particle-no wpr-jarallax-no wpr-parallax-no wpr-sticky-section-no e-con e-child\" data-id=\"763dae9f\" data-element_type=\"container\" data-e-type=\"container\">\n\t\t\t\t<div class=\"elementor-element elementor-element-4ba7b507 jltma-glass-effect-no elementor-widget elementor-widget-text-editor\" data-id=\"4ba7b507\" data-element_type=\"widget\" data-e-type=\"widget\" data-widget_type=\"text-editor.default\">\n\t\t\t\t<div class=\"elementor-widget-container\">\n\t\t\t\t\t\t\t\t\t<p style=\"margin: 0in; text-align: justify;\">GURI KUQ \u00ebsht\u00eb maja m\u00eb e lart\u00eb n\u00eb komun\u00ebn e Pej\u00ebs e cila arrin\u00eb lart\u00ebsin n\u00eb 2522m (8275ft) dhe nj\u00ebherit \u00ebsht\u00eb maja m\u00eb atraktive n\u00eb Pej\u00eb n\u00eb t\u00eb cil\u00ebn ngjitja realizohet n\u00eb t\u00eb gjitha stin\u00ebt nga bjeshkatar\u00ebt dhe alpinist\u00ebt nga e gjith Kosova por edhe nga rajoni dhe Evropa. Gjindet n\u00eb pjes\u00ebn q\u00ebndrore t\u00eb Bjeshk\u00ebve t\u00eb Nemuna apo n\u00eb jug-per\u00ebndim t\u00eb bjeshk\u00ebve t\u00eb Pej\u00ebs. P\u00ebr t\u00eb gjth ata q\u00eb d\u00ebshirojn ta ngjesin k\u00ebt\u00eb maje duhet ta planifikojn q\u00eb aktivitetin e tyre t\u00eb fillojn her\u00ebt n\u00eb m\u00ebngjes me q\u00ebllim q\u00eb ecja juaj t\u00eb mos jet\u00eb e shpejt dhe t\u00eb keni koh\u00eb t\u00eb mjaftueshme q\u00eb t\u00eb p\u00ebrjtoni bukuri magjep\u00ebse natyrore q\u00eb ofron kjo pjes\u00eb e bjeshk\u00ebve t\u00eb Pej\u00ebs. Maja e Gurit t\u00eb Kuq \u00ebsht\u00eb kurora e Pej\u00ebs andaj edhe pamjet q\u00eb ofrohen nga maja e Gurit t\u00eb Kuq jan\u00eb mahnit\u00ebse dhe pothuajse mund t\u00eb shihni bjeshk\u00ebt e Nemuna n\u00eb 360\u00b0. Majet atraktive si Gjeravica 2656m dhe Marijashi 2530m, \u00c7f\u00ebrla 2461 etj jan\u00eb disa pamje atraktive q\u00eb mund ti p\u00ebrjetoni kurse vargmalet e bjeshk\u00ebve t\u00eb Nemuna dhe ato t\u00eb Sharit t\u00eb cilat shtrihen nj\u00ebra pas tjetr\u00ebs me kurorat e tyre ju japin k\u00ebnaq\u00ebsi t\u00eb v\u00ebrtet me plot\u00eb ndjenja shpirt\u00ebrore.  \nNgjitja n\u00eb k\u00ebt\u00eb maje mund ta realizoni n\u00eb tri drejtime si: shtegu i Liqenatit, shtegu i Liqnati i Drelajve apo shtegu i bjeshk\u00ebs s\u00eb Lumbardhit. T\u00eb tri shtigjet jan\u00eb shum\u00eb atraktive dhe unike p\u00ebr nga p\u00ebrjetimet q\u00eb do ti kaloni gjat\u00eb ecjes suaj. Ecja p\u00ebr n\u00eb k\u00ebt\u00eb maje i takon v\u00ebshtir\u00ebsis mesatare (pra nuk ka v\u00ebshtir\u00ebsi t\u00eb madhe) dhe mund t\u00eb b\u00ebhet pothuajse nga t\u00eb gjitha moshat t\u00eb cil\u00ebt kan\u00eb nj\u00eb kondicion fizik t\u00eb q\u00ebndruesh\u00ebm. Shtegu i Liqenatit \u00ebsht\u00eb me unik nga shtigjet tjera dhe n\u00eb k\u00ebt\u00eb shteg do t\u00eb p\u00ebrjetoni m\u00eb tep\u00ebr atraksione natyrore. Ky shteg kalon p\u00ebrgjat\u00eb liqenit t\u00eb Liqenatit dhe Drelajve t\u00eb cilat gjinden n\u00eb lart\u00ebsi prej 1860m p\u00ebr t\u00eb vazhduar pastaj ngjitjen p\u00ebrgjat\u00eb shtegut Lugu i Shkodr\u00ebs e cila njihet si zon\u00eb ku n\u00eb t\u00eb kaluar\u00ebn e larg\u00ebt kan\u00eb qarkulluar karavanet treg\u00ebtare nga Raguza (Dubrovniku i sot\u00ebm) p\u00ebr n\u00eb Shkod\u00ebr n\u00eb Pej\u00eb dhe tutje. Nj\u00ebherit n\u00eb k\u00ebt\u00eb shteg kalojn edhe shtigjet nd\u00ebrkufitare \u201cMajat e Ballkanit\u201d dhe \u201cVia Dinarica\u201d t\u00eb cilat tani jan\u00eb brende internacionale dhe shum\u00eb vizitor nga e gjith bota p\u00ebrjetojn k\u00ebto bukuri gjat\u00eb ecjes s\u00eb tyre.  \nLugu i Shkodres \u00ebsht\u00eb pjes\u00eb e shtegut t\u00eb liqejve q\u00eb lidh bjeshk\u00ebt e Pej\u00ebs me ato t\u00eb De\u00e7anit dhe t\u00eb Plav\u00ebs. P\u00ebrveq q\u00eb \u00ebsht\u00eb nj\u00eb pjes\u00eb atraktive natyrore, kjo ka historin e saj komb\u00ebtare si pjes\u00eb e lidhjes s\u00eb trevave malore n\u00eb mes t\u00eb territoreve t\u00eb bejshk\u00ebve te Nemuna n\u00eb mes t\u00eb Kosov\u00eb, Shqip\u00ebris dhe Malit t\u00eb Zi. Ka qen\u00eb rrug\u00eb lidh\u00ebse e karavaneve treg\u00ebtare dhe lidhje n\u00eb mes t\u00eb popullat\u00ebs shqip\u00ebtare n\u00eb k\u00ebto treva malore. Njejt n\u00eb pjes\u00ebn e fshatit turstik Thethi gjindet \u201c\u00c7afa e Pej\u00ebs\u201d q\u00eb tregon se dirkur k\u00ebto vende kan\u00eb qen\u00eb pika kyqe p\u00ebr lidhjen e popullat\u00ebs n\u00eb mes t\u00eb tyre.<\/p>\t\t\t\t\t\t\t\t<\/div>\n\t\t\t\t<\/div>\n\t\t\t\t<\/div>\n\t\t<div class=\"elementor-element elementor-element-3603ee33 e-con-full e-flex jltma-glass-effect-no wpr-particle-no wpr-jarallax-no wpr-parallax-no wpr-sticky-section-no e-con e-child\" data-id=\"3603ee33\" data-element_type=\"container\" data-e-type=\"container\">\n\t\t\t\t<div class=\"elementor-element elementor-element-37dd07df jltma-glass-effect-no elementor-widget elementor-widget-heading\" data-id=\"37dd07df\" data-element_type=\"widget\" data-e-type=\"widget\" data-widget_type=\"heading.default\">\n\t\t\t\t<div class=\"elementor-widget-container\">\n\t\t\t\t\t<h2 class=\"elementor-heading-title elementor-size-default\">MAJAT ATRAKTIVE<\/h2>\t\t\t\t<\/div>\n\t\t\t\t<\/div>\n\t\t\t\t<div class=\"elementor-element elementor-element-4b1c7999 elementor-icon-list--layout-traditional elementor-list-item-link-full_width jltma-glass-effect-no elementor-widget elementor-widget-icon-list\" data-id=\"4b1c7999\" data-element_type=\"widget\" data-e-type=\"widget\" data-widget_type=\"icon-list.default\">\n\t\t\t\t<div class=\"elementor-widget-container\">\n\t\t\t\t\t\t\t<ul class=\"elementor-icon-list-items\">\n\t\t\t\t\t\t\t<li class=\"elementor-icon-list-item\">\n\t\t\t\t\t\t\t\t\t\t\t<a href=\"https:\/\/pejatourism.org\/sq\/guri-i-kuq\/\">\n\n\t\t\t\t\t\t\t\t\t\t\t\t<span class=\"elementor-icon-list-icon\">\n\t\t\t\t\t\t\t<svg aria-hidden=\"true\" class=\"e-font-icon-svg e-far-dot-circle\" viewbox=\"0 0 512 512\" xmlns=\"http:\/\/www.w3.org\/2000\/svg\"><path d=\"M256 56c110.532 0 200 89.451 200 200 0 110.532-89.451 200-200 200-110.532 0-200-89.451-200-200 0-110.532 89.451-200 200-200m0-48C119.033 8 8 119.033 8 256s111.033 248 248 248 248-111.033 248-248S392.967 8 256 8zm0 168c-44.183 0-80 35.817-80 80s35.817 80 80 80 80-35.817 80-80-35.817-80-80-80z\"><\/path><\/svg>\t\t\t\t\t\t<\/span>\n\t\t\t\t\t\t\t\t\t\t<span class=\"elementor-icon-list-text\">Guri i Kuq<\/span>\n\t\t\t\t\t\t\t\t\t\t\t<\/a>\n\t\t\t\t\t\t\t\t\t<\/li>\n\t\t\t\t\t\t\t\t<li class=\"elementor-icon-list-item\">\n\t\t\t\t\t\t\t\t\t\t\t<a href=\"https:\/\/pejatourism.org\/sq\/cferla\/\">\n\n\t\t\t\t\t\t\t\t\t\t\t\t<span class=\"elementor-icon-list-icon\">\n\t\t\t\t\t\t\t<svg aria-hidden=\"true\" class=\"e-font-icon-svg e-far-dot-circle\" viewbox=\"0 0 512 512\" xmlns=\"http:\/\/www.w3.org\/2000\/svg\"><path d=\"M256 56c110.532 0 200 89.451 200 200 0 110.532-89.451 200-200 200-110.532 0-200-89.451-200-200 0-110.532 89.451-200 200-200m0-48C119.033 8 8 119.033 8 256s111.033 248 248 248 248-111.033 248-248S392.967 8 256 8zm0 168c-44.183 0-80 35.817-80 80s35.817 80 80 80 80-35.817 80-80-35.817-80-80-80z\"><\/path><\/svg>\t\t\t\t\t\t<\/span>\n\t\t\t\t\t\t\t\t\t\t<span class=\"elementor-icon-list-text\">\u00c7f\u00ebrla<\/span>\n\t\t\t\t\t\t\t\t\t\t\t<\/a>\n\t\t\t\t\t\t\t\t\t<\/li>\n\t\t\t\t\t\t\t\t<li class=\"elementor-icon-list-item\">\n\t\t\t\t\t\t\t\t\t\t\t<a href=\"https:\/\/pejatourism.org\/sq\/hajla\/\">\n\n\t\t\t\t\t\t\t\t\t\t\t\t<span class=\"elementor-icon-list-icon\">\n\t\t\t\t\t\t\t<svg aria-hidden=\"true\" class=\"e-font-icon-svg e-far-dot-circle\" viewbox=\"0 0 512 512\" xmlns=\"http:\/\/www.w3.org\/2000\/svg\"><path d=\"M256 56c110.532 0 200 89.451 200 200 0 110.532-89.451 200-200 200-110.532 0-200-89.451-200-200 0-110.532 89.451-200 200-200m0-48C119.033 8 8 119.033 8 256s111.033 248 248 248 248-111.033 248-248S392.967 8 256 8zm0 168c-44.183 0-80 35.817-80 80s35.817 80 80 80 80-35.817 80-80-35.817-80-80-80z\"><\/path><\/svg>\t\t\t\t\t\t<\/span>\n\t\t\t\t\t\t\t\t\t\t<span class=\"elementor-icon-list-text\">Hajla<\/span>\n\t\t\t\t\t\t\t\t\t\t\t<\/a>\n\t\t\t\t\t\t\t\t\t<\/li>\n\t\t\t\t\t\t\t\t<li class=\"elementor-icon-list-item\">\n\t\t\t\t\t\t\t\t\t\t\t<a href=\"https:\/\/pejatourism.org\/sq\/maja-e-vjellakut\/\">\n\n\t\t\t\t\t\t\t\t\t\t\t\t<span class=\"elementor-icon-list-icon\">\n\t\t\t\t\t\t\t<svg aria-hidden=\"true\" class=\"e-font-icon-svg e-far-dot-circle\" viewbox=\"0 0 512 512\" xmlns=\"http:\/\/www.w3.org\/2000\/svg\"><path d=\"M256 56c110.532 0 200 89.451 200 200 0 110.532-89.451 200-200 200-110.532 0-200-89.451-200-200 0-110.532 89.451-200 200-200m0-48C119.033 8 8 119.033 8 256s111.033 248 248 248 248-111.033 248-248S392.967 8 256 8zm0 168c-44.183 0-80 35.817-80 80s35.817 80 80 80 80-35.817 80-80-35.817-80-80-80z\"><\/path><\/svg>\t\t\t\t\t\t<\/span>\n\t\t\t\t\t\t\t\t\t\t<span class=\"elementor-icon-list-text\">Maja e Vjellakut<\/span>\n\t\t\t\t\t\t\t\t\t\t\t<\/a>\n\t\t\t\t\t\t\t\t\t<\/li>\n\t\t\t\t\t\t\t\t<li class=\"elementor-icon-list-item\">\n\t\t\t\t\t\t\t\t\t\t\t<a href=\"https:\/\/pejatourism.org\/sq\/hasans-peak\/\">\n\n\t\t\t\t\t\t\t\t\t\t\t\t<span class=\"elementor-icon-list-icon\">\n\t\t\t\t\t\t\t<svg aria-hidden=\"true\" class=\"e-font-icon-svg e-far-dot-circle\" viewbox=\"0 0 512 512\" xmlns=\"http:\/\/www.w3.org\/2000\/svg\"><path d=\"M256 56c110.532 0 200 89.451 200 200 0 110.532-89.451 200-200 200-110.532 0-200-89.451-200-200 0-110.532 89.451-200 200-200m0-48C119.033 8 8 119.033 8 256s111.033 248 248 248 248-111.033 248-248S392.967 8 256 8zm0 168c-44.183 0-80 35.817-80 80s35.817 80 80 80 80-35.817 80-80-35.817-80-80-80z\"><\/path><\/svg>\t\t\t\t\t\t<\/span>\n\t\t\t\t\t\t\t\t\t\t<span class=\"elementor-icon-list-text\">MAJA HASANIT<\/span>\n\t\t\t\t\t\t\t\t\t\t\t<\/a>\n\t\t\t\t\t\t\t\t\t<\/li>\n\t\t\t\t\t\t\t\t<li class=\"elementor-icon-list-item\">\n\t\t\t\t\t\t\t\t\t\t\t<a href=\"https:\/\/pejatourism.org\/sq\/rusolia-peak\/\">\n\n\t\t\t\t\t\t\t\t\t\t\t\t<span class=\"elementor-icon-list-icon\">\n\t\t\t\t\t\t\t<svg aria-hidden=\"true\" class=\"e-font-icon-svg e-far-dot-circle\" viewbox=\"0 0 512 512\" xmlns=\"http:\/\/www.w3.org\/2000\/svg\"><path d=\"M256 56c110.532 0 200 89.451 200 200 0 110.532-89.451 200-200 200-110.532 0-200-89.451-200-200 0-110.532 89.451-200 200-200m0-48C119.033 8 8 119.033 8 256s111.033 248 248 248 248-111.033 248-248S392.967 8 256 8zm0 168c-44.183 0-80 35.817-80 80s35.817 80 80 80 80-35.817 80-80-35.817-80-80-80z\"><\/path><\/svg>\t\t\t\t\t\t<\/span>\n\t\t\t\t\t\t\t\t\t\t<span class=\"elementor-icon-list-text\">Maja e Rusolis\u00eb<\/span>\n\t\t\t\t\t\t\t\t\t\t\t<\/a>\n\t\t\t\t\t\t\t\t\t<\/li>\n\t\t\t\t\t\t<\/ul>\n\t\t\t\t\t\t<\/div>\n\t\t\t\t<\/div>\n\t\t\t\t<div class=\"elementor-element elementor-element-694ccdc9 elementor-widget-divider--view-line jltma-glass-effect-no elementor-widget elementor-widget-divider\" data-id=\"694ccdc9\" data-element_type=\"widget\" data-e-type=\"widget\" data-widget_type=\"divider.default\">\n\t\t\t\t<div class=\"elementor-widget-container\">\n\t\t\t\t\t\t\t<div class=\"elementor-divider\">\n\t\t\t<span class=\"elementor-divider-separator\">\n\t\t\t\t\t\t<\/span>\n\t\t<\/div>\n\t\t\t\t\t\t<\/div>\n\t\t\t\t<\/div>\n\t\t\t\t<div class=\"elementor-element elementor-element-622c118c jltma-glass-effect-no elementor-widget elementor-widget-heading\" data-id=\"622c118c\" data-element_type=\"widget\" data-e-type=\"widget\" data-widget_type=\"heading.default\">\n\t\t\t\t<div class=\"elementor-widget-container\">\n\t\t\t\t\t<h2 class=\"elementor-heading-title elementor-size-default\">Publikimet<\/h2>\t\t\t\t<\/div>\n\t\t\t\t<\/div>\n\t\t\t\t<div class=\"elementor-element elementor-element-4add073 jltma-glass-effect-no elementor-widget elementor-widget-image\" data-id=\"4add073\" data-element_type=\"widget\" data-e-type=\"widget\" data-widget_type=\"image.default\">\n\t\t\t\t<div class=\"elementor-widget-container\">\n\t\t\t\t\t\t\t\t\t\t\t\t<figure class=\"wp-caption\">\n\t\t\t\t\t\t\t\t\t\t\t<a href=\"https:\/\/pejatourism.org\/wp-content\/uploads\/2023\/08\/Llojet-e-markimeve.png\" data-elementor-open-lightbox=\"yes\" data-elementor-lightbox-title=\"Llojet e markimeve\" data-e-action-hash=\"#elementor-action%3Aaction%3Dlightbox%26settings%3DeyJpZCI6MTY3OCwidXJsIjoiaHR0cHM6XC9cL3BlamF0b3VyaXNtLm9yZ1wvd3AtY29udGVudFwvdXBsb2Fkc1wvMjAyM1wvMDhcL0xsb2pldC1lLW1hcmtpbWV2ZS5wbmcifQ%3D%3D\">\n\t\t\t\t\t\t\t<img fetchpriority=\"high\" decoding=\"async\" width=\"711\" height=\"1024\" src=\"https:\/\/pejatourism.org\/wp-content\/uploads\/2023\/08\/Llojet-e-markimeve-711x1024.png\" class=\"attachment-large size-large wp-image-1678\" alt=\"\" srcset=\"https:\/\/pejatourism.org\/wp-content\/uploads\/2023\/08\/Llojet-e-markimeve-711x1024.png 711w, https:\/\/pejatourism.org\/wp-content\/uploads\/2023\/08\/Llojet-e-markimeve-208x300.png 208w, https:\/\/pejatourism.org\/wp-content\/uploads\/2023\/08\/Llojet-e-markimeve-768x1106.png 768w, https:\/\/pejatourism.org\/wp-content\/uploads\/2023\/08\/Llojet-e-markimeve-1067x1536.png 1067w, https:\/\/pejatourism.org\/wp-content\/uploads\/2023\/08\/Llojet-e-markimeve.png 1120w\" sizes=\"(max-width: 711px) 100vw, 711px\" \/>\t\t\t\t\t\t\t\t<\/a>\n\t\t\t\t\t\t\t\t\t\t\t<figcaption class=\"widget-image-caption wp-caption-text\"><\/figcaption>\n\t\t\t\t\t\t\t\t\t\t<\/figure>\n\t\t\t\t\t\t\t\t\t<\/div>\n\t\t\t\t<\/div>\n\t\t\t\t<\/div>\n\t\t\t\t\t<\/div>\n\t\t\t\t<\/div>\n\t\t<div class=\"elementor-element elementor-element-2a8591ff e-flex e-con-boxed jltma-glass-effect-no wpr-particle-no wpr-jarallax-no wpr-parallax-no wpr-sticky-section-no e-con e-parent\" data-id=\"2a8591ff\" data-element_type=\"container\" data-e-type=\"container\">\n\t\t\t\t\t<div class=\"e-con-inner\">\n\t\t\t\t\t<\/div>\n\t\t\t\t<\/div>\n\t\t\t\t<\/div>","protected":false},"excerpt":{"rendered":"<p>Guri i Kuq Peja is known as a not very big city, but it is a beautiful city and offers a beautiful environment through which the river runs along the center. In contrast, the mountain crowns in the city&#8217;s western part create its attractive landscape. Access to this city is easy, but what makes this city more appealing is the opportunity the use of a bike for all ages to visit the various cultural and natural heritage sites, which are intertwined and heritage of separate this city by giving it unique value \u200b\u200bin Kosovo in terms of tourist importance. The cycling offer in Peja is expended in three levels: ATTRACTIVE PEAKS Guri i Kuq \u00c7f\u00ebrla Hajla Maja e Vjellakut Hasan&#8217;s Peak Rusolia Peak Publications<\/p>","protected":false},"author":1,"featured_media":0,"parent":0,"menu_order":0,"comment_status":"closed","ping_status":"closed","template":"elementor_theme","meta":{"_crdt_document":"","site-sidebar-layout":"no-sidebar","site-content-layout":"page-builder","ast-site-content-layout":"full-width-container","site-content-style":"unboxed","site-sidebar-style":"unboxed","ast-global-header-display":"","ast-banner-title-visibility":"","ast-main-header-display":"","ast-hfb-above-header-display":"","ast-hfb-below-header-display":"","ast-hfb-mobile-header-display":"","site-post-title":"disabled","ast-breadcrumbs-content":"","ast-featured-img":"disabled","footer-sml-layout":"","ast-disable-related-posts":"","theme-transparent-header-meta":"","adv-header-id-meta":"","stick-header-meta":"","header-above-stick-meta":"","header-main-stick-meta":"","header-below-stick-meta":"","astra-migrate-meta-layouts":"set","ast-page-background-enabled":"default","ast-page-background-meta":{"desktop":{"background-color":"var(--ast-global-color-4)","background-image":"","background-repeat":"repeat","background-position":"center center","background-size":"auto","background-attachment":"scroll","background-type":"","background-media":"","overlay-type":"","overlay-color":"","overlay-opacity":"","overlay-gradient":""},"tablet":{"background-color":"","background-image":"","background-repeat":"repeat","background-position":"center center","background-size":"auto","background-attachment":"scroll","background-type":"","background-media":"","overlay-type":"","overlay-color":"","overlay-opacity":"","overlay-gradient":""},"mobile":{"background-color":"","background-image":"","background-repeat":"repeat","background-position":"center center","background-size":"auto","background-attachment":"scroll","background-type":"","background-media":"","overlay-type":"","overlay-color":"","overlay-opacity":"","overlay-gradient":""}},"ast-content-background-meta":{"desktop":{"background-color":"var(--ast-global-color-5)","background-image":"","background-repeat":"repeat","background-position":"center center","background-size":"auto","background-attachment":"scroll","background-type":"","background-media":"","overlay-type":"","overlay-color":"","overlay-opacity":"","overlay-gradient":""},"tablet":{"background-color":"var(--ast-global-color-5)","background-image":"","background-repeat":"repeat","background-position":"center center","background-size":"auto","background-attachment":"scroll","background-type":"","background-media":"","overlay-type":"","overlay-color":"","overlay-opacity":"","overlay-gradient":""},"mobile":{"background-color":"var(--ast-global-color-5)","background-image":"","background-repeat":"repeat","background-position":"center center","background-size":"auto","background-attachment":"scroll","background-type":"","background-media":"","overlay-type":"","overlay-color":"","overlay-opacity":"","overlay-gradient":""}},"footnotes":""},"class_list":["post-1859","page","type-page","status-publish","hentry"],"aioseo_notices":[],"_links":{"self":[{"href":"https:\/\/pejatourism.org\/sq\/wp-json\/wp\/v2\/pages\/1859","targetHints":{"allow":["GET"]}}],"collection":[{"href":"https:\/\/pejatourism.org\/sq\/wp-json\/wp\/v2\/pages"}],"about":[{"href":"https:\/\/pejatourism.org\/sq\/wp-json\/wp\/v2\/types\/page"}],"author":[{"embeddable":true,"href":"https:\/\/pejatourism.org\/sq\/wp-json\/wp\/v2\/users\/1"}],"replies":[{"embeddable":true,"href":"https:\/\/pejatourism.org\/sq\/wp-json\/wp\/v2\/comments?post=1859"}],"version-history":[{"count":23,"href":"https:\/\/pejatourism.org\/sq\/wp-json\/wp\/v2\/pages\/1859\/revisions"}],"predecessor-version":[{"id":2884,"href":"https:\/\/pejatourism.org\/sq\/wp-json\/wp\/v2\/pages\/1859\/revisions\/2884"}],"wp:attachment":[{"href":"https:\/\/pejatourism.org\/sq\/wp-json\/wp\/v2\/media?parent=1859"}],"curies":[{"name":"wp","href":"https:\/\/api.w.org\/{rel}","templated":true}]}}