{"id":1305,"date":"2023-08-09T01:41:47","date_gmt":"2023-08-09T01:41:47","guid":{"rendered":"https:\/\/pejatourism.org\/?page_id=1305"},"modified":"2024-05-16T22:34:16","modified_gmt":"2024-05-16T22:34:16","slug":"how-to-get-to-peja","status":"publish","type":"page","link":"https:\/\/pejatourism.org\/sq\/how-to-get-to-peja\/","title":{"rendered":"Si t\u00eb mb\u00ebrrini n\u00eb Pej\u00eb"},"content":{"rendered":"<div data-elementor-type=\"wp-page\" data-elementor-id=\"1305\" class=\"elementor elementor-1305\" data-elementor-post-type=\"page\">\n\t\t\t\t<div class=\"elementor-element elementor-element-d592934 e-flex e-con-boxed jltma-glass-effect-no wpr-particle-no wpr-jarallax-no wpr-parallax-no wpr-sticky-section-no e-con e-parent\" data-id=\"d592934\" data-element_type=\"container\" data-e-type=\"container\" data-settings=\"{&quot;background_background&quot;:&quot;classic&quot;}\">\n\t\t\t\t\t<div class=\"e-con-inner\">\n\t\t\t\t\t<\/div>\n\t\t\t\t<\/div>\n\t\t<div class=\"elementor-element elementor-element-9f88a49 e-flex e-con-boxed jltma-glass-effect-no wpr-particle-no wpr-jarallax-no wpr-parallax-no wpr-sticky-section-no e-con e-parent\" data-id=\"9f88a49\" data-element_type=\"container\" data-e-type=\"container\">\n\t\t\t\t\t<div class=\"e-con-inner\">\n\t\t\t\t<div class=\"elementor-element elementor-element-97b1b50 jltma-glass-effect-no elementor-widget elementor-widget-heading\" data-id=\"97b1b50\" data-element_type=\"widget\" data-e-type=\"widget\" data-widget_type=\"heading.default\">\n\t\t\t\t<div class=\"elementor-widget-container\">\n\t\t\t\t\t<h2 class=\"elementor-heading-title elementor-size-default\">Si t\u00eb arrini n\u00eb Pej\u00eb?<\/h2>\t\t\t\t<\/div>\n\t\t\t\t<\/div>\n\t\t\t\t\t<\/div>\n\t\t\t\t<\/div>\n\t\t<div class=\"elementor-element elementor-element-d8166b7 e-flex e-con-boxed jltma-glass-effect-no wpr-particle-no wpr-jarallax-no wpr-parallax-no wpr-sticky-section-no e-con e-parent\" data-id=\"d8166b7\" data-element_type=\"container\" data-e-type=\"container\" data-settings=\"{&quot;background_background&quot;:&quot;classic&quot;}\">\n\t\t\t\t\t<div class=\"e-con-inner\">\n\t\t<div class=\"elementor-element elementor-element-83e8e72 e-con-full e-flex jltma-glass-effect-no wpr-particle-no wpr-jarallax-no wpr-parallax-no wpr-sticky-section-no e-con e-child\" data-id=\"83e8e72\" data-element_type=\"container\" data-e-type=\"container\">\n\t\t\t\t<div class=\"elementor-element elementor-element-58ae50d jltma-glass-effect-no elementor-widget elementor-widget-image\" data-id=\"58ae50d\" data-element_type=\"widget\" data-e-type=\"widget\" data-widget_type=\"image.default\">\n\t\t\t\t<div class=\"elementor-widget-container\">\n\t\t\t\t\t\t\t\t\t\t\t\t\t\t\t<img decoding=\"async\" src=\"https:\/\/pejatourism.org\/wp-content\/uploads\/elementor\/thumbs\/Harta-Shiqp-anglisht-2024-scaled-qjev5qkhwtevq6wru1t8q8j394coo93hxal0yudgts.jpg\" title=\"Harta Shiqp anglisht 2024\" alt=\"Harta Shiqp anglisht 2024\" loading=\"lazy\" \/>\t\t\t\t\t\t\t\t\t\t\t\t\t\t\t<\/div>\n\t\t\t\t<\/div>\n\t\t\t\t<div class=\"elementor-element elementor-element-aba8545 jltma-glass-effect-no elementor-widget elementor-widget-spacer\" data-id=\"aba8545\" data-element_type=\"widget\" data-e-type=\"widget\" data-widget_type=\"spacer.default\">\n\t\t\t\t<div class=\"elementor-widget-container\">\n\t\t\t\t\t\t\t<div class=\"elementor-spacer\">\n\t\t\t<div class=\"elementor-spacer-inner\"><\/div>\n\t\t<\/div>\n\t\t\t\t\t\t<\/div>\n\t\t\t\t<\/div>\n\t\t\t\t<div class=\"elementor-element elementor-element-85ade9b jltma-glass-effect-no elementor-widget elementor-widget-image\" data-id=\"85ade9b\" data-element_type=\"widget\" data-e-type=\"widget\" data-widget_type=\"image.default\">\n\t\t\t\t<div class=\"elementor-widget-container\">\n\t\t\t\t\t\t\t\t\t\t\t\t\t\t\t<img decoding=\"async\" src=\"https:\/\/pejatourism.org\/wp-content\/uploads\/elementor\/thumbs\/european-map_al-qanqzcj6kk2uoz6w42ml9joou3vzbi9obglq3sqagg.jpg\" title=\"european map_al\" alt=\"european map_al\" loading=\"lazy\" \/>\t\t\t\t\t\t\t\t\t\t\t\t\t\t\t<\/div>\n\t\t\t\t<\/div>\n\t\t\t\t<\/div>\n\t\t<div class=\"elementor-element elementor-element-7c31ca0 e-con-full e-flex jltma-glass-effect-no wpr-particle-no wpr-jarallax-no wpr-parallax-no wpr-sticky-section-no e-con e-child\" data-id=\"7c31ca0\" data-element_type=\"container\" data-e-type=\"container\">\n\t\t\t\t<div class=\"elementor-element elementor-element-410ff68 jltma-glass-effect-no elementor-widget elementor-widget-text-editor\" data-id=\"410ff68\" data-element_type=\"widget\" data-e-type=\"widget\" data-widget_type=\"text-editor.default\">\n\t\t\t\t<div class=\"elementor-widget-container\">\n\t\t\t\t\t\t\t\t\t<p style=\"text-align: left;\">Kosova, si nj\u00eb shtet i ri i deklaruar n\u00eb vitin 2008 \u00ebsht\u00eb duke punuar gjithnj\u00eb n\u00eb ngritjen e infrastruktur\u00ebs qarkulluese dhe krijimin e kushteve sa m\u00eb t\u00eb mira p\u00ebr qasje n\u00eb t\u00eb gjith territorin e Kosov\u00ebs p\u00ebr t\u00eb gjith banor\u00ebt e Kosov\u00ebs por edhe p\u00ebr turist\u00ebt q\u00eb vizitojn k\u00ebt\u00eb shtet. \n\nP\u00ebr k\u00ebt\u00eb \u00ebsht\u00eb radhitur edhe si shteti me infrastruktur rrugore m\u00eb t\u00eb mir\u00ebn n\u00eb krahasim me shtetet fqinje ku ka nd\u00ebrtuar lidhjen e sistemit t\u00eb autoudhave q\u00eb lidhin shtetet fqinje me Kosov\u00ebn si dhe lidhjen e qyteteve brenda Kosov\u00ebs me q\u00ebllim t\u00eb krijimit t\u00eb nj\u00eb qarkullimi sa m\u00eb t\u00eb leht dhe m\u00eb t\u00eb p\u00ebrshtatsh\u00ebm p\u00ebr t\u00eb gjith banor\u00ebt dhe turist\u00ebt. Qasja p\u00ebr n\u00eb Kosov\u00eb mund t\u00eb b\u00ebhet p\u00ebrmes transportit ajror, hekurudhor dhe rrugor\u00eb.<\/p><p><strong>Udh\u00ebtimi me Aeroplan<\/strong> Udh\u00ebtimi me Aeroplan realizohet p\u00ebrmes aeroportit nd\u00ebrkomb\u00ebtar t\u00eb Prishtin\u00ebs \u201cAdem Jashari\u201d i cili gjindet 10km larg nga kryeqyteti i Prishtin\u00ebs dhe 70km larg nga destinacioni turistik i Pej\u00ebs. P\u00ebr m\u00eb tep\u00ebr informata mund t\u00eb shiqoni Webfaqen <strong><a href=\"\/sq\/www.airportpristina.com\/\">www.airportpristina.com<\/a><\/strong><\/p><p><strong>Nga aeroporti p\u00ebr t\u00eb arritur n\u00eb destinacionin e<\/strong> Pej\u00ebs mund ta b\u00ebni n\u00eb dy m\u00ebnyra:<br \/>\u2022 <strong>Me taxi<\/strong> q\u00eb mund ti gjeni n\u00eb aeroport apo para ardhjes suaj t\u00eb kontaktoni taxit n\u00eb Pej\u00eb q\u00eb mund t'ju ofrojn sh\u00ebrbimin e transportit me shum\u00eb komoditet.<br \/>\u2022 <strong>me autobusin publik<\/strong> q\u00eb l\u00ebviz nga aeroporti n\u00eb stacionin kryesor t\u00eb autobus\u00ebve n\u00eb kryeqytetin e Prishtin\u00ebs dhe pastaj merr autobusin p\u00ebr n\u00eb qytetin e Pej\u00ebs. Autobusi p\u00ebr n\u00eb qytetin e Pej\u00ebs niset nga Platforma Nr: 1 dhe ka autobus\u00eb \u00e7do 40 minuta gjat\u00eb dit\u00ebs. P\u00ebr orarin e udh\u00ebtimit shihni linkun www.sap-rks.com ose orarin e linj\u00ebs Aeroport \u2013 Prishtin\u00eb n\u00eb linkun <strong><a href=\"https:\/\/trafikurban-pr.com\/2022\/linja-e-aeroportit\/\" target=\"_blank\" rel=\"noopener\">https:\/\/trafikurban-pr.com\/2022\/linja-e-aeroportit\/<\/a><\/strong><\/p><p><strong>Autobusi i sh\u00ebrbimit t\u00eb Aeroportit<\/strong> \u2013 Prishtina \u2013 \u00cbsht\u00eb nj\u00eb linj\u00eb e ve\u00e7ant\u00eb q\u00eb niset \u00e7do 2 or\u00eb duke filluar nga ora 08:00 deri n\u00eb 24:00 dhe anasjelltas. \u00cbsht\u00eb nj\u00eb mund\u00ebsi e mir\u00eb p\u00ebr ju t\u00eb p\u00ebrdorni k\u00ebt\u00eb linj\u00eb publike p\u00ebr t\u00eb arritur stacionin qendror t\u00eb Prishtin\u00ebs ose edhe stacione t\u00eb tjera si\u00e7 tregohet n\u00eb lidhjen dhe t\u00eb kaloj\u00eb disa koh\u00eb n\u00eb kryeqytetin e Kosov\u00ebs. <a href=\"https:\/\/trafikurban-pr.com\/2022\/linja-e-aeroportit\/\" target=\"_blank\" rel=\"noopener\"><strong>https:\/\/trafikurban-pr.com\/2022\/linja-e-aeroportit\/<\/strong><\/a><\/p><p><strong>Udh\u00ebtimi me tren<\/strong> \u00ebsht\u00eb gjithashtu nj\u00eb nga opsionet atraktive p\u00ebr udh\u00ebtim dhe mund ta shfryt\u00ebzoni p\u00ebr t\u00eb arritur n\u00eb destinacionin e Pej\u00ebs, ku gjat\u00eb udh\u00ebtimit do t\u00eb mund t\u00eb shijoni panorama magjeps\u00ebse t\u00eb natyr\u00ebs dhe bukurit\u00eb e fshatrave autentike. Komunikacioni i trenave kryhet n\u00eb nivel komb\u00ebtar dhe nd\u00ebrkomb\u00ebtar si:<br \/>\u2022 Linja nacionale Prishtin\u00eb \u2013 Pej\u00eb e cila zhvillohet dy her\u00eb n\u00eb dit\u00eb dhe udh\u00ebtimi zgjat 2 or\u00eb<strong style=\"font-style: inherit; color: var( --e-global-color-text ); font-family: var( --e-global-typography-text-font-family ), Sans-serif;\"> <a href=\"https:\/\/www.trainkos.com\/wp-content\/uploads\/2021\/01\/OLT-Shkup-2021_.pdf\" target=\"_blank\" rel=\"noopener\">https:\/\/www.trainkos.com\/wp-content\/uploads\/2021\/01\/OLT-Shkup-2021_.pdf<\/a><\/strong><\/p><p><span style=\"font-style: inherit; font-weight: inherit;\">\u2022 Linja nd\u00ebrkomb\u00ebtare Prishtin\u00eb \u2013 Shkup (Maqedonia e Veriut) nga ku mund t\u00eb udh\u00ebtoni n\u00eb vende t\u00eb tjera t\u00eb bot\u00ebs\u00a0<\/span> <strong style=\"font-style: inherit;\"><a href=\"https:\/\/www.trainkos.com\/wp-content\/uploads\/2021\/01\/OLT-Shkup-2021_.pdf\" target=\"_blank\" rel=\"noopener\">https:\/\/www.trainkos.com\/wp-content\/uploads\/2021\/01\/OLT-Shkup-2021_.pdf<\/a><\/strong><\/p><p>Nga stacioni hekurudhor i Pej\u00ebs p\u00ebr t\u00eb arritur n\u00eb qend\u00ebr t\u00eb qytetit mund t\u00eb merrni nj\u00eb taksi apo edhe t\u00eb ecni, pasi jeni vet\u00ebm 15 minuta larg qendr\u00ebs. P\u00ebr m\u00eb shum\u00eb informacion, shkarkoni hart\u00ebn e qytetit n\u00eb <strong><a href=\"https:\/\/pejatourism.org\/wp-content\/uploads\/2023\/08\/Harta-Shtegut-Kulturor_-web.pdf\" target=\"_blank\" rel=\"noopener\">www.pejatourism.org<\/a><\/strong><\/p><p><strong>Udh\u00ebtimi me Autobus:<\/strong> \u00cbsht\u00eb nj\u00eb nga m\u00ebnyrat e transportit q\u00eb ofron qarkullim t\u00eb shpejt\u00eb dhe t\u00eb leht\u00eb dhe m\u00eb s\u00eb shumti p\u00ebrdoret nga banor\u00ebt e Kosov\u00ebs. Lidhja e destinacionit t\u00eb Pej\u00ebs me qytetet tjera brenda Kosov\u00ebs funksionon shum\u00eb mir\u00eb. P\u00ebr m\u00eb shum\u00eb informacion, mund t\u00eb gjeni lidhjen <a href=\"https:\/\/www.sap-rks.com\/sq\/stacioni-i-autobuseve-prishtine\/\" target=\"_blank\" rel=\"noopener\"><strong>www.sap-rks.com<\/strong><\/a><br \/>Gjithashtu ka autobus\u00eb direkt nga Peja p\u00ebr n\u00eb vendet fqinje dhe vendet e tjera t\u00eb Evrop\u00ebs.<\/p><p><strong>Udh\u00ebtimi me makin\u00eb<\/strong> \u00ebsht\u00eb transporti m\u00eb i zhvilluar n\u00eb Kosov\u00eb. Kosova \u00ebsht\u00eb renditur si vendi me infrastruktur\u00ebn rrugore m\u00eb t\u00eb mir\u00eb n\u00eb krahasim me vendet fqinje, ku ka nd\u00ebrtuar nj\u00eb sistem autostradash q\u00eb lidh vendet fqinje me Kosov\u00ebn, si dhe lidh qytetet brenda Kosov\u00ebs p\u00ebr t\u00eb krijuar nj\u00eb sistem trafiku m\u00eb t\u00eb leht\u00eb dhe m\u00eb t\u00eb p\u00ebrshtatsh\u00ebm si p\u00ebr banor\u00ebt e saj. dhe p\u00ebr turist\u00ebt.<br \/>Access by road transport to Kosovo can be done through the following border points:<br \/>\u2022 <strong>Maqedonia e Veriut:<\/strong> Hyrja mund t\u00eb b\u00ebhet p\u00ebrmes pik\u00ebs kufitare \u201cHani te Elezit\u201d, prej nga duhet t\u00eb ndiqni autostrad\u00ebn p\u00ebr Prishtin\u00eb dhe Pej\u00eb.<br \/>\u2022 <strong>Shqip\u00ebria:<\/strong> Hyrja nga Shqip\u00ebria mund t\u00eb b\u00ebhet p\u00ebrmes pik\u00ebs kufitare \u201cVermic\u00eb\u201d duke ndjekur magjistralen Prizren \u2013 Prishtin\u00eb \u2013 Pej\u00eb, nd\u00ebrsa p\u00ebrmes pik\u00ebs kufitare \u201cQaf-Morin\u00eb\u201d mund t\u00eb arrihet p\u00ebrmes Junik \u2013 De\u00e7an \u2013 Pej\u00eb.<br \/>\u2022 <strong>Mali izi:<\/strong> Hyrja nga Mali i Zi b\u00ebhet nga pika kufitare e \u201cKull\u00ebs\u201d, e cila gjendet n\u00eb veri t\u00eb Pej\u00ebs, vet\u00ebm 30 km nga qyteti i Pej\u00ebs.<br \/>\u2022 <strong>Serbia:<\/strong> Hyrja p\u00ebrmes shtetit t\u00eb Serbis\u00eb b\u00ebhet n\u00eb pik\u00ebn kufitare \u201cMerdare\u201d ku m\u00eb pas duhet t\u00eb ndiqni autostrad\u00ebn Prishtin\u00eb-Pej\u00eb.<br \/>Kur hyni n\u00eb link <strong><a href=\"https:\/\/mpb.rks-gov.net\" target=\"_blank\" rel=\"noopener\">https:\/\/mpb.rks-gov.net<\/a><\/strong> n\u00eb fund t\u00eb faqes mund t\u00eb gjeni informacione p\u00ebr Qendr\u00ebn Komb\u00ebtare p\u00ebr Menaxhimin e Kufirit.<\/p>\t\t\t\t\t\t\t\t<\/div>\n\t\t\t\t<\/div>\n\t\t\t\t<\/div>\n\t\t\t\t\t<\/div>\n\t\t\t\t<\/div>\n\t\t\t\t<\/div>","protected":false},"excerpt":{"rendered":"<p>How to get to Peja? Kosovo, as a new independent state declared in 2008, is always working on building the transport infrastructure and creating the best possible conditions for access to the entire territory of Kosovo for all residents of Kosovo, but also for tourists who visit this state. For this reason, it has been ranked among the states in the region with the best road infrastructure compared to neighboring states, where it has built the connection of the highway system that connects the neighbouring states with Kosovo, as well as the connection of cities within Kosovo in order to create a easy traffic as much as possible and more convenient for all residents and tourists. Access to Kosovo can be done by air, rail and road transport. Air Transportation is carried out through the international airport of Prishtina &#8220;Adem Jashari&#8221;, which is located 10 km away from the capital city of Pristina and 70 km away from the tourist destination of Peja. For more information you can see the website www.airportpristina.com Travelling from Airport to Peja Destination: From the airport to reach the destination of Peja you can do it in two ways:\u2022 by taxi that you can find at the airport or before your arrival contact the taxis in Peja that can offer you the comfortable transport service (you can find the contacts of Taxi on social networks).\u2022 with the public bus that runs from the airport to the main bus station in the capital of Prishtina and then take the bus to the city of Peja. The bus to the city of Peja leaves from Platform No: 1 and there are every 40 min buses during the day. For the travel schedule see the link www.sap-rks.com or the schedule of the Airport &#8211; Prishtina line at the link https:\/\/trafikurban-pr.com\/2022\/linja-e-aeroportit\/ Shuttlebus Airport \u2013 Prishtina &#8211; It is a special line that runs every 2 hours starting from 08:00 to 24:00 and vice versa. It is a good opportunity for you to use this public line to reach the central station of Pristina or even other sub-stations as shown in the link and spent some times in capital city of Kosovo https:\/\/trafikurban-pr.com\/2022\/linja-e-aeroportit\/ Traveling by train is also one of the attractive options for travel and you can use it to reach the destination of Peja, where during the trip you will be able to enjoy fascinating panoramas of nature and the beauty of authentic villages. Train traffic is carried out at the national and international level as:\u2022 National line from Prishtina &#8211; Peja which takes place twice a day and the journey lasts 2 hours https:\/\/www.trainkos.com\/wp-content\/uploads\/2021\/01\/OLT-Shkup-2021_.pdf \u2022 International line Prishtina &#8211; Skopje (North Macedonia) from where you can then travel to other countries of the world\u00a0 https:\/\/www.trainkos.com\/wp-content\/uploads\/2021\/01\/OLT-Shkup-2021_.pdf From Peja railway station to reach the city centre you can take a taxi or even walk, since you are only 15 minutes away from the centre. For more information, download the city map at www.pejatourism.org Traveling by Bus: It is one of the modes of transport that offers fast and easy circulation and is mostly used by the residents of Kosovo. The connection of Peja destination with other cities within Kosovo has a very good operation. For more information, you can find the link www.sap-rks.comAlso there are direct buses from Peja to other neighbour countries and other countries of Europe. Traveling by car is the most developed transport in Kosovo. Kosovo is ranked as the country with the best road infrastructure compared to neighbouring countries, where it has built a system of highways connecting neighbouring countries with Kosovo, as well as connecting cities within Kosovo to create an easier and more convenient traffic system both for its residents and for tourists.Access by road transport to Kosovo can be done through the following border points:\u2022 North Macedonia: Entry can be made through the &#8220;Hani te Elezit&#8221; border point, from where you must then follow the highway to Prishtina and Peja.\u2022 Albania: Entry from Albania can be done through the border point &#8220;Vermica&#8221; following the highway from Prizren &#8211; Prishtina &#8211; Pej\u00eb, while through the border point &#8220;\u00c7af-Morina&#8221; you can reach through Junik &#8211; De\u00e7an &#8211; Pej\u00eb.\u2022 Montenegro: The entry from Montenegro is made from the border point of &#8220;Kulla&#8221;, which is located in the north of Peja, only 30 km from the city of Peja.\u2022 Serbia: Entry through the state of Serbia takes place at the border point of &#8220;Merdare&#8221; where you must then follow the highway of Prishtina and Peja.When you enter in link https:\/\/mpb.rks-gov.net in the end of page you can find information about the National Center for Border Management.<\/p>","protected":false},"author":1,"featured_media":0,"parent":0,"menu_order":0,"comment_status":"closed","ping_status":"closed","template":"elementor_theme","meta":{"_crdt_document":"","site-sidebar-layout":"no-sidebar","site-content-layout":"page-builder","ast-site-content-layout":"full-width-container","site-content-style":"unboxed","site-sidebar-style":"unboxed","ast-global-header-display":"","ast-banner-title-visibility":"","ast-main-header-display":"","ast-hfb-above-header-display":"","ast-hfb-below-header-display":"","ast-hfb-mobile-header-display":"","site-post-title":"disabled","ast-breadcrumbs-content":"","ast-featured-img":"disabled","footer-sml-layout":"","ast-disable-related-posts":"","theme-transparent-header-meta":"","adv-header-id-meta":"","stick-header-meta":"","header-above-stick-meta":"","header-main-stick-meta":"","header-below-stick-meta":"","astra-migrate-meta-layouts":"set","ast-page-background-enabled":"default","ast-page-background-meta":{"desktop":{"background-color":"var(--ast-global-color-4)","background-image":"","background-repeat":"repeat","background-position":"center center","background-size":"auto","background-attachment":"scroll","background-type":"","background-media":"","overlay-type":"","overlay-color":"","overlay-opacity":"","overlay-gradient":""},"tablet":{"background-color":"","background-image":"","background-repeat":"repeat","background-position":"center center","background-size":"auto","background-attachment":"scroll","background-type":"","background-media":"","overlay-type":"","overlay-color":"","overlay-opacity":"","overlay-gradient":""},"mobile":{"background-color":"","background-image":"","background-repeat":"repeat","background-position":"center center","background-size":"auto","background-attachment":"scroll","background-type":"","background-media":"","overlay-type":"","overlay-color":"","overlay-opacity":"","overlay-gradient":""}},"ast-content-background-meta":{"desktop":{"background-color":"var(--ast-global-color-5)","background-image":"","background-repeat":"repeat","background-position":"center center","background-size":"auto","background-attachment":"scroll","background-type":"","background-media":"","overlay-type":"","overlay-color":"","overlay-opacity":"","overlay-gradient":""},"tablet":{"background-color":"var(--ast-global-color-5)","background-image":"","background-repeat":"repeat","background-position":"center center","background-size":"auto","background-attachment":"scroll","background-type":"","background-media":"","overlay-type":"","overlay-color":"","overlay-opacity":"","overlay-gradient":""},"mobile":{"background-color":"var(--ast-global-color-5)","background-image":"","background-repeat":"repeat","background-position":"center center","background-size":"auto","background-attachment":"scroll","background-type":"","background-media":"","overlay-type":"","overlay-color":"","overlay-opacity":"","overlay-gradient":""}},"footnotes":""},"class_list":["post-1305","page","type-page","status-publish","hentry"],"aioseo_notices":[],"_links":{"self":[{"href":"https:\/\/pejatourism.org\/sq\/wp-json\/wp\/v2\/pages\/1305","targetHints":{"allow":["GET"]}}],"collection":[{"href":"https:\/\/pejatourism.org\/sq\/wp-json\/wp\/v2\/pages"}],"about":[{"href":"https:\/\/pejatourism.org\/sq\/wp-json\/wp\/v2\/types\/page"}],"author":[{"embeddable":true,"href":"https:\/\/pejatourism.org\/sq\/wp-json\/wp\/v2\/users\/1"}],"replies":[{"embeddable":true,"href":"https:\/\/pejatourism.org\/sq\/wp-json\/wp\/v2\/comments?post=1305"}],"version-history":[{"count":68,"href":"https:\/\/pejatourism.org\/sq\/wp-json\/wp\/v2\/pages\/1305\/revisions"}],"predecessor-version":[{"id":2703,"href":"https:\/\/pejatourism.org\/sq\/wp-json\/wp\/v2\/pages\/1305\/revisions\/2703"}],"wp:attachment":[{"href":"https:\/\/pejatourism.org\/sq\/wp-json\/wp\/v2\/media?parent=1305"}],"curies":[{"name":"wp","href":"https:\/\/api.w.org\/{rel}","templated":true}]}}